{"id":2648,"date":"2018-03-19T11:05:42","date_gmt":"2015-05-05T08:43:02","guid":{"rendered":"http:\/\/bokshop.lu.se.webbhotell.ldc.lu.se\/?product=framtidskuster-2"},"modified":"2023-01-18T11:39:32","modified_gmt":"2023-01-18T10:39:32","slug":"framtidskuster","status":"publish","type":"product","link":"https:\/\/www.bokshop.lu.se\/en\/produkt\/framtidskuster\/","title":{"rendered":"Framtidskuster"},"content":{"rendered":"<p>Kustomr\u00e5dena kring Kattegatt, Skagerack och \u00d6resund befinner sig i olika faser av en dynamisk omvandlingsprocess som tar sig olika uttryck i olika regionala kontexter. I varje geografiskt omr\u00e5de finns erfarenheter som kan berika de \u00f6vriga omr\u00e5dena. Genom att j\u00e4mf\u00f6ra situationen i s\u00f6rl\u00e4ndska, nordjyska och v\u00e4stsvenska kustomr\u00e5den har Interreg-projektet Framtidskuster mellan 2010 och 2012 inventerat villkoren f\u00f6r h\u00e5llbar kustutveckling i syfte att bland annat skapa nya innovativa samarbetsformer och binda samman regionen. Detta har skett genom uppbyggnad av och \u00f6msesidigt l\u00e4rande om olika strategier f\u00f6r en ekonomiskt, kulturellt, socialt och milj\u00f6m\u00e4ssigt h\u00e5llbar utveckling i kustsamh\u00e4llena. Genom samarbete, forskning och praktiska pilotprojekt har Framtidskuster synliggjort och profilerat delar av Skandinaviens kustomr\u00e5den.<\/p>\n<p>Boken Framtidskuster har som m\u00e5l att bidra med perspektiv p\u00e5 h\u00e5llbar kustutveckling med utg\u00e5ngspunkt fr\u00e5n kust och hamn som gemensam erfarenhetsk\u00e4lla. Genom att analysera hamnen som livsstil, livsform, arbetsplats, upplevelserum, m\u00f6tesplats, v\u00e4rdeskapare eller organisation kan vi n\u00e5 f\u00f6rdjupad kunskap om hamnens olika funktioner och uttryckss\u00e4tt i skiftande sammanhang. I boken medverkar forskare inom etnologi, f\u00f6retagsekonomi, kulturgeografi och tj\u00e4nsteforskning tillsammans med skribenter som p\u00e5 olika s\u00e4tt har anknytning till kust och hamn genom sina respektive yrken.<\/p>\n","protected":false},"excerpt":{"rendered":"<p>Kustomr\u00e5dena kring Kattegatt, Skagerack och \u00d6resund befinner sig i olika faser av en dynamisk omvandlingsprocess som tar sig olika uttryck i olika regionala kontexter. I varje geografiskt omr\u00e5de finns erfarenheter som kan berika de \u00f6vriga omr\u00e5dena. Genom att j\u00e4mf\u00f6ra situationen i s\u00f6rl\u00e4ndska, nordjyska och v\u00e4stsvenska kustomr\u00e5den har Interreg-projektet Framtidskuster mellan 2010 och 2012 inventerat villkoren [&hellip;]<\/p>\n","protected":false},"featured_media":4760,"template":"","meta":{"_acf_changed":false,"_relevanssi_hide_post":"","_relevanssi_hide_content":"","_relevanssi_pin_for_all":"","_relevanssi_pin_keywords":"","_relevanssi_unpin_keywords":"","_relevanssi_related_keywords":"","_relevanssi_related_include_ids":"","_relevanssi_related_exclude_ids":"","_relevanssi_related_no_append":"","_relevanssi_related_not_related":"","_relevanssi_related_posts":"","_relevanssi_noindex_reason":""},"product_brand":[],"product_cat":[68],"product_tag":[],"class_list":{"0":"post-2648","1":"product","2":"type-product","3":"status-publish","4":"has-post-thumbnail","6":"product_cat-centrum-for-oresundsstudier-tidigare-centrum-for-danmarksstudier-history-and-archaeology","8":"first","9":"outofstock","10":"taxable","11":"shipping-taxable","12":"purchasable","13":"product-type-simple"},"acf":[],"_links":{"self":[{"href":"https:\/\/www.bokshop.lu.se\/en\/wp-json\/wp\/v2\/product\/2648","targetHints":{"allow":["GET"]}}],"collection":[{"href":"https:\/\/www.bokshop.lu.se\/en\/wp-json\/wp\/v2\/product"}],"about":[{"href":"https:\/\/www.bokshop.lu.se\/en\/wp-json\/wp\/v2\/types\/product"}],"wp:featuredmedia":[{"embeddable":true,"href":"https:\/\/www.bokshop.lu.se\/en\/wp-json\/wp\/v2\/media\/4760"}],"wp:attachment":[{"href":"https:\/\/www.bokshop.lu.se\/en\/wp-json\/wp\/v2\/media?parent=2648"}],"wp:term":[{"taxonomy":"product_brand","embeddable":true,"href":"https:\/\/www.bokshop.lu.se\/en\/wp-json\/wp\/v2\/product_brand?post=2648"},{"taxonomy":"product_cat","embeddable":true,"href":"https:\/\/www.bokshop.lu.se\/en\/wp-json\/wp\/v2\/product_cat?post=2648"},{"taxonomy":"product_tag","embeddable":true,"href":"https:\/\/www.bokshop.lu.se\/en\/wp-json\/wp\/v2\/product_tag?post=2648"}],"curies":[{"name":"wp","href":"https:\/\/api.w.org\/{rel}","templated":true}]}}