{"id":2376,"date":"2018-03-19T10:31:57","date_gmt":"2015-03-10T12:29:57","guid":{"rendered":"http:\/\/bokshop.lu.se.webbhotell.ldc.lu.se\/shop\/la-ensenanza-del-preterito-indefinido-y-el-imperfecto-espanoles-en-ele-2\/"},"modified":"2017-06-05T13:02:23","modified_gmt":"2017-06-05T11:02:23","slug":"la-ensenanza-del-preterito-indefinido-y-el-imperfecto-espanoles-en-ele","status":"publish","type":"product","link":"https:\/\/www.bokshop.lu.se\/en\/produkt\/la-ensenanza-del-preterito-indefinido-y-el-imperfecto-espanoles-en-ele\/","title":{"rendered":"La ense\u00f1anza del pret\u00e9rito indefinido y el imperfecto espa\u00f1oles en ELE:"},"content":{"rendered":"<p><span style=\"\" >El idioma espa&ntilde;ol es desde hace casi una d&eacute;cada la lengua extranjera m&aacute;s estudiada en el sistema escolar sueco despu&eacute;s del ingl&eacute;s. A pesar de esto, salta a la vista la carencia de publicaciones cient&iacute;ficas relativas a la problem&aacute;tica de la did&aacute;ctica del espa&ntilde;ol como lengua extranjera en Suecia.<\/p>\n<p>Nuestra investigaci&oacute;n engloba tanto un debate te&oacute;rico acerca de las diferentes metodolog&iacute;as aplicadas a la ense&ntilde;anza de lenguas extranjeras, como la presentaci&oacute;n de los resultados de un estudio de campo, basado en una metodolog&iacute;a did&aacute;ctica compuesta espec&iacute;ficamente para tratar de manera intensiva el tema del indefinido y el imperfecto espa&ntilde;oles en el nivel A2 del Marco de referencia europeo.<\/p>\n<p>Los resultados de este estudio apuntan a que la integraci&oacute;n de estrategias did&aacute;cticas procedentes de metodolog&iacute;as diversas puede contribuir a un mayor grado de correcci&oacute;n ling&uuml;&iacute;stica por parte de los estudiantes que son expuestos a una instrucci&oacute;n gramatical expl&iacute;cita, intensiva y basada en los principios de la gram&aacute;tica cognitiva, durante un breve periodo de clases a lo largo de todo un curso.<\/span><\/p>\n","protected":false},"excerpt":{"rendered":"<p>El idioma espa&ntilde;ol es desde hace casi una d&eacute;cada la lengua extranjera m&aacute;s estudiada en el sistema escolar sueco despu&eacute;s del ingl&eacute;s. A pesar de esto, salta a la vista la carencia de publicaciones cient&iacute;ficas relativas a la problem&aacute;tica de la did&aacute;ctica del espa&ntilde;ol como lengua extranjera en Suecia. Nuestra investigaci&oacute;n engloba tanto un debate [&hellip;]<\/p>\n","protected":false},"featured_media":2369,"template":"","meta":{"_acf_changed":false,"_relevanssi_hide_post":"","_relevanssi_hide_content":"","_relevanssi_pin_for_all":"","_relevanssi_pin_keywords":"","_relevanssi_unpin_keywords":"","_relevanssi_related_keywords":"","_relevanssi_related_include_ids":"","_relevanssi_related_exclude_ids":"","_relevanssi_related_no_append":"","_relevanssi_related_not_related":"","_relevanssi_related_posts":"","_relevanssi_noindex_reason":""},"product_brand":[],"product_cat":[90],"product_tag":[],"class_list":{"0":"post-2376","1":"product","2":"type-product","3":"status-publish","4":"has-post-thumbnail","6":"product_cat-etudes-romanes-de-lund","8":"first","9":"instock","10":"taxable","11":"shipping-taxable","12":"purchasable","13":"product-type-simple"},"acf":[],"_links":{"self":[{"href":"https:\/\/www.bokshop.lu.se\/en\/wp-json\/wp\/v2\/product\/2376","targetHints":{"allow":["GET"]}}],"collection":[{"href":"https:\/\/www.bokshop.lu.se\/en\/wp-json\/wp\/v2\/product"}],"about":[{"href":"https:\/\/www.bokshop.lu.se\/en\/wp-json\/wp\/v2\/types\/product"}],"wp:featuredmedia":[{"embeddable":true,"href":"https:\/\/www.bokshop.lu.se\/en\/wp-json\/wp\/v2\/media\/2369"}],"wp:attachment":[{"href":"https:\/\/www.bokshop.lu.se\/en\/wp-json\/wp\/v2\/media?parent=2376"}],"wp:term":[{"taxonomy":"product_brand","embeddable":true,"href":"https:\/\/www.bokshop.lu.se\/en\/wp-json\/wp\/v2\/product_brand?post=2376"},{"taxonomy":"product_cat","embeddable":true,"href":"https:\/\/www.bokshop.lu.se\/en\/wp-json\/wp\/v2\/product_cat?post=2376"},{"taxonomy":"product_tag","embeddable":true,"href":"https:\/\/www.bokshop.lu.se\/en\/wp-json\/wp\/v2\/product_tag?post=2376"}],"curies":[{"name":"wp","href":"https:\/\/api.w.org\/{rel}","templated":true}]}}