{"id":2375,"date":"2019-02-25T10:38:06","date_gmt":"2015-03-10T12:29:58","guid":{"rendered":"http:\/\/bokshop.lu.se.webbhotell.ldc.lu.se\/shop\/skanskt-jarn-2\/"},"modified":"2019-02-25T10:39:52","modified_gmt":"2019-02-25T09:39:52","slug":"skanskt-jarn-fran-arilds-tid-till-frans-suells-dagar","status":"publish","type":"product","link":"https:\/\/www.bokshop.lu.se\/en\/produkt\/skanskt-jarn-fran-arilds-tid-till-frans-suells-dagar\/","title":{"rendered":"Sk\u00e5nskt j\u00e4rn fr\u00e5n Arilds tid till Frans Suells dagar"},"content":{"rendered":"<p>Denna antologi utges som nummer 6 i en serie av b\u00f6cker utgivna inom forskningsprojektet Norra Sk\u00e5nes Medeltid (Report series, Arkeologiska institutionen, Lund). Projektet startade 1986 och har bland annat behandlat j\u00e4rnproduktionens introduktion, omfattning och teknologi i det kolonisationsomr\u00e5de som norra Sk\u00e5ne utgjorde fr\u00e5n 1100-talet, under hela medeltiden och h\u00e5rdraget \u00e4nda fram till det sena 1800-talets dekolonisation.<br \/>\nDen f\u00f6rsta delen av boken utg\u00e5r fr\u00e5n f\u00e4ltarkeologiska resultat fr\u00e5n Riksantikvarie\u00e4mbetets Geoarkeologiska Laboratorium i Uppsala (UV GAL). Texten tar upp arbeten med olika arkeologiskt unders\u00f6kta j\u00e4rnproduktionsplatser i norra Sk\u00e5ne \u2013 den laborativa traditionen.<\/p>\n<p>Den andra delen av antologin \u00e4r sprungen ur Lunds Universitets arkeologiska institutions horisont med en redovisning av problemen vid ett antal j\u00e4rnproduktionsf\u00f6rs\u00f6k, rekonstruerade utifr\u00e5n arkeologiska fynd, lera och limonitmalmer med lokal anknytning till norra Sk\u00e5ne &#8211; den experimentella traditionen.<\/p>\n<p>Som en avslutning presenteras tv\u00e5 artiklar kring de sista yttringarna av sk\u00e5nskt bergsbruk, en vallonsmedja i F\u00e4ringtofta socken fr\u00e5n 1600-tal och en j\u00e4rngruva i Loshult fr\u00e5n omkring 1800 \u2013 den k\u00e4llbundna historieforskningstraditionen.<\/p>\n","protected":false},"excerpt":{"rendered":"<p>Denna antologi utges som nummer 6 i en serie av b\u00f6cker utgivna inom forskningsprojektet Norra Sk\u00e5nes Medeltid (Report series, Arkeologiska institutionen, Lund). Projektet startade 1986 och har bland annat behandlat j\u00e4rnproduktionens introduktion, omfattning och teknologi i det kolonisationsomr\u00e5de som norra Sk\u00e5ne utgjorde fr\u00e5n 1100-talet, under hela medeltiden och h\u00e5rdraget \u00e4nda fram till det sena 1800-talets [&hellip;]<\/p>\n","protected":false},"featured_media":4438,"template":"","meta":{"_acf_changed":false,"_relevanssi_hide_post":"","_relevanssi_hide_content":"","_relevanssi_pin_for_all":"","_relevanssi_pin_keywords":"","_relevanssi_unpin_keywords":"","_relevanssi_related_keywords":"","_relevanssi_related_include_ids":"","_relevanssi_related_exclude_ids":"","_relevanssi_related_no_append":"","_relevanssi_related_not_related":"","_relevanssi_related_posts":"","_relevanssi_noindex_reason":""},"product_brand":[],"product_cat":[72],"product_tag":[],"class_list":{"0":"post-2375","1":"product","2":"type-product","3":"status-publish","4":"has-post-thumbnail","6":"product_cat-report-series-department-of-archaeology-and-ancient-history","8":"first","9":"outofstock","10":"taxable","11":"shipping-taxable","12":"purchasable","13":"product-type-simple"},"acf":[],"_links":{"self":[{"href":"https:\/\/www.bokshop.lu.se\/en\/wp-json\/wp\/v2\/product\/2375","targetHints":{"allow":["GET"]}}],"collection":[{"href":"https:\/\/www.bokshop.lu.se\/en\/wp-json\/wp\/v2\/product"}],"about":[{"href":"https:\/\/www.bokshop.lu.se\/en\/wp-json\/wp\/v2\/types\/product"}],"wp:featuredmedia":[{"embeddable":true,"href":"https:\/\/www.bokshop.lu.se\/en\/wp-json\/wp\/v2\/media\/4438"}],"wp:attachment":[{"href":"https:\/\/www.bokshop.lu.se\/en\/wp-json\/wp\/v2\/media?parent=2375"}],"wp:term":[{"taxonomy":"product_brand","embeddable":true,"href":"https:\/\/www.bokshop.lu.se\/en\/wp-json\/wp\/v2\/product_brand?post=2375"},{"taxonomy":"product_cat","embeddable":true,"href":"https:\/\/www.bokshop.lu.se\/en\/wp-json\/wp\/v2\/product_cat?post=2375"},{"taxonomy":"product_tag","embeddable":true,"href":"https:\/\/www.bokshop.lu.se\/en\/wp-json\/wp\/v2\/product_tag?post=2375"}],"curies":[{"name":"wp","href":"https:\/\/api.w.org\/{rel}","templated":true}]}}