{"id":2321,"date":"2017-06-14T16:22:12","date_gmt":"2014-12-09T13:14:21","guid":{"rendered":"http:\/\/bokshop.lu.se.webbhotell.ldc.lu.se\/shop\/fran-eden-till-damavdelningen-2\/"},"modified":"2017-06-14T16:22:54","modified_gmt":"2017-06-14T14:22:54","slug":"fran-eden-till-damavdelningen","status":"publish","type":"product","link":"https:\/\/www.bokshop.lu.se\/en\/produkt\/fran-eden-till-damavdelningen\/","title":{"rendered":"Fr\u00e5n Eden till Damavdelningen"},"content":{"rendered":"<p>Under den vida rubriken Fr\u00e5n Eden till Damavdelningen har uppsatser om kvinnan som f\u00f6rfattare, som huvudkarakt\u00e4r, som objekt, som samh\u00e4llshot, som mor och maka, som ung flicka, som offer, som bohem, som resen\u00e4r och som naturskildrare samlats. Variationerna av uppsatsernas inneh\u00e5ll \u00e4r stora. Som titeln antyder str\u00e4cker sig \u00e4mnena tidsm\u00e4ssigt fr\u00e5n den paradisiska till den moderna tiden.<\/p>\n<p>Med boken vill f\u00f6rfattarna hylla Christina Sj\u00f6blad som genom \u00e5ren inspirerat m\u00e5nga studenter och doktorander inom framf\u00f6r allt den feministiska litteraturvetenskapliga forskningsinriktningen.<\/p>\n","protected":false},"excerpt":{"rendered":"<p>Under den vida rubriken Fr\u00e5n Eden till Damavdelningen har uppsatser om kvinnan som f\u00f6rfattare, som huvudkarakt\u00e4r, som objekt, som samh\u00e4llshot, som mor och maka, som ung flicka, som offer, som bohem, som resen\u00e4r och som naturskildrare samlats. Variationerna av uppsatsernas inneh\u00e5ll \u00e4r stora. Som titeln antyder str\u00e4cker sig \u00e4mnena tidsm\u00e4ssigt fr\u00e5n den paradisiska till den [&hellip;]<\/p>\n","protected":false},"featured_media":2322,"template":"","meta":{"_acf_changed":false,"_relevanssi_hide_post":"","_relevanssi_hide_content":"","_relevanssi_pin_for_all":"","_relevanssi_pin_keywords":"","_relevanssi_unpin_keywords":"","_relevanssi_related_keywords":"","_relevanssi_related_include_ids":"","_relevanssi_related_exclude_ids":"","_relevanssi_related_no_append":"","_relevanssi_related_not_related":"","_relevanssi_related_posts":"","_relevanssi_noindex_reason":""},"product_brand":[],"product_cat":[87],"product_tag":[],"class_list":{"0":"post-2321","1":"product","2":"type-product","3":"status-publish","4":"has-post-thumbnail","6":"product_cat-absalon-skrifter-i-litteraturvetenskap-utgivna-vid-sprak-och-litteraturcentrum-i-lund-languages-and-literature","8":"first","9":"instock","10":"taxable","11":"shipping-taxable","12":"purchasable","13":"product-type-simple"},"acf":[],"_links":{"self":[{"href":"https:\/\/www.bokshop.lu.se\/en\/wp-json\/wp\/v2\/product\/2321","targetHints":{"allow":["GET"]}}],"collection":[{"href":"https:\/\/www.bokshop.lu.se\/en\/wp-json\/wp\/v2\/product"}],"about":[{"href":"https:\/\/www.bokshop.lu.se\/en\/wp-json\/wp\/v2\/types\/product"}],"wp:featuredmedia":[{"embeddable":true,"href":"https:\/\/www.bokshop.lu.se\/en\/wp-json\/wp\/v2\/media\/2322"}],"wp:attachment":[{"href":"https:\/\/www.bokshop.lu.se\/en\/wp-json\/wp\/v2\/media?parent=2321"}],"wp:term":[{"taxonomy":"product_brand","embeddable":true,"href":"https:\/\/www.bokshop.lu.se\/en\/wp-json\/wp\/v2\/product_brand?post=2321"},{"taxonomy":"product_cat","embeddable":true,"href":"https:\/\/www.bokshop.lu.se\/en\/wp-json\/wp\/v2\/product_cat?post=2321"},{"taxonomy":"product_tag","embeddable":true,"href":"https:\/\/www.bokshop.lu.se\/en\/wp-json\/wp\/v2\/product_tag?post=2321"}],"curies":[{"name":"wp","href":"https:\/\/api.w.org\/{rel}","templated":true}]}}