{"id":2317,"date":"2017-05-12T15:02:38","date_gmt":"2014-12-09T13:14:23","guid":{"rendered":"http:\/\/bokshop.lu.se.webbhotell.ldc.lu.se\/shop\/industrial-cool-2\/"},"modified":"2017-05-12T15:03:40","modified_gmt":"2017-05-12T13:03:40","slug":"industrial-cool","status":"publish","type":"product","link":"https:\/\/www.bokshop.lu.se\/en\/produkt\/industrial-cool\/","title":{"rendered":"Industrial Cool"},"content":{"rendered":"<p>Vad \u00e4r en fabrik? Med industrisamh\u00e4llets avveckling f\u00f6ljer en ny ruinromantik. \u00d6ver hela V\u00e4stv\u00e4rlden blir slitna tegelfasader och rostbruna maskinhallar till nya utflyktsm\u00e5l, gallerier, caf\u00e9er eller trendiga arbetsplatser. Samtidigt skapas nya industrilokaler, d\u00e4r bes\u00f6karnas intryck \u00e4r lika viktiga som den vackert tillr\u00e4ttalagda produktionen. \u00c4r det bilar eller upplevelser som tillverkas h\u00e4r?<\/p>\n<p>Industrial cool \u00e4r namnet Robert Willim gett denna nya trend. Som<br \/>\netnolog och forskare vid Lunds universitet har han under ett antal \u00e5r<br \/>\nf\u00f6ljt denna utveckling. Hans kulturanalys \u00e4r utvecklad i dialog med<br \/>\nkonstn\u00e4rlig gestaltning.<\/p>\n","protected":false},"excerpt":{"rendered":"<p>Vad \u00e4r en fabrik? Med industrisamh\u00e4llets avveckling f\u00f6ljer en ny ruinromantik. \u00d6ver hela V\u00e4stv\u00e4rlden blir slitna tegelfasader och rostbruna maskinhallar till nya utflyktsm\u00e5l, gallerier, caf\u00e9er eller trendiga arbetsplatser. Samtidigt skapas nya industrilokaler, d\u00e4r bes\u00f6karnas intryck \u00e4r lika viktiga som den vackert tillr\u00e4ttalagda produktionen. \u00c4r det bilar eller upplevelser som tillverkas h\u00e4r? Industrial cool \u00e4r namnet [&hellip;]<\/p>\n","protected":false},"featured_media":2318,"template":"","meta":{"_acf_changed":false,"_relevanssi_hide_post":"","_relevanssi_hide_content":"","_relevanssi_pin_for_all":"","_relevanssi_pin_keywords":"","_relevanssi_unpin_keywords":"","_relevanssi_related_keywords":"","_relevanssi_related_include_ids":"","_relevanssi_related_exclude_ids":"","_relevanssi_related_no_append":"","_relevanssi_related_not_related":"","_relevanssi_related_posts":"","_relevanssi_noindex_reason":""},"product_brand":[],"product_cat":[76,77,357],"product_tag":[],"class_list":{"0":"post-2317","1":"product","2":"type-product","3":"status-publish","4":"has-post-thumbnail","6":"product_cat-cultural-sciences","7":"product_cat-hex","8":"product_cat-okategoriserad","10":"first","11":"instock","12":"taxable","13":"shipping-taxable","14":"purchasable","15":"product-type-simple"},"acf":[],"_links":{"self":[{"href":"https:\/\/www.bokshop.lu.se\/en\/wp-json\/wp\/v2\/product\/2317","targetHints":{"allow":["GET"]}}],"collection":[{"href":"https:\/\/www.bokshop.lu.se\/en\/wp-json\/wp\/v2\/product"}],"about":[{"href":"https:\/\/www.bokshop.lu.se\/en\/wp-json\/wp\/v2\/types\/product"}],"wp:featuredmedia":[{"embeddable":true,"href":"https:\/\/www.bokshop.lu.se\/en\/wp-json\/wp\/v2\/media\/2318"}],"wp:attachment":[{"href":"https:\/\/www.bokshop.lu.se\/en\/wp-json\/wp\/v2\/media?parent=2317"}],"wp:term":[{"taxonomy":"product_brand","embeddable":true,"href":"https:\/\/www.bokshop.lu.se\/en\/wp-json\/wp\/v2\/product_brand?post=2317"},{"taxonomy":"product_cat","embeddable":true,"href":"https:\/\/www.bokshop.lu.se\/en\/wp-json\/wp\/v2\/product_cat?post=2317"},{"taxonomy":"product_tag","embeddable":true,"href":"https:\/\/www.bokshop.lu.se\/en\/wp-json\/wp\/v2\/product_tag?post=2317"}],"curies":[{"name":"wp","href":"https:\/\/api.w.org\/{rel}","templated":true}]}}