{"id":2315,"date":"2017-05-11T17:24:24","date_gmt":"2014-12-09T13:14:23","guid":{"rendered":"http:\/\/bokshop.lu.se.webbhotell.ldc.lu.se\/shop\/diskurspartiklar-hos-ungdomar-i-mangsprakiga-miljoer-i-malmo-2\/"},"modified":"2017-05-11T17:25:13","modified_gmt":"2017-05-11T15:25:13","slug":"diskurspartiklar-hos-ungdomar-i-mangsprakiga-miljoer-i-malmo","status":"publish","type":"product","link":"https:\/\/www.bokshop.lu.se\/en\/produkt\/diskurspartiklar-hos-ungdomar-i-mangsprakiga-miljoer-i-malmo\/","title":{"rendered":"Diskurspartiklar hos ungdomar i m\u00e5ngspr\u00e5kiga milj\u00f6er i Malm\u00f6"},"content":{"rendered":"<p>Diskurspartiklar som duvet, ba(ra), ju, liksom och typ f\u00f6rekommer frekvent i talspr\u00e5ket, s\u00e4rskilt hos ungdomar. I denna avhandling beskrivs funktion och betydelse hos de ovan n\u00e4mnda diskurspartiklarna i tv\u00e5 grupper med kvinnliga gymnasister i Malm\u00f6.<\/p>\n<p>Diskurspartiklarna \u00e4r polyfunktionella s\u00e5v\u00e4l som polysema och fungerar inom olika niv\u00e5er i det talade spr\u00e5ket f\u00f6r att underl\u00e4tta interaktionen mellan talare och lyssnare. De fungerar som lystringssignaler, turtagningsmark\u00f6rer, fokuserare och modifierare samt som tolkningsram f\u00f6r kommande utsagor. De anv\u00e4nds ocks\u00e5 f\u00f6r att markera gr\u00e4nser, skapa n\u00e4rhet och trov\u00e4rdighet i samvaron mellan deltagarna samt som pausfyllnad.<\/p>\n<p>De b\u00e5da grupperna best\u00e5r av enspr\u00e5kiga respektive flerspr\u00e5kiga informanter. Grupperna uppvisar en likartad samtalsstil men skiljer sig \u00e5t vad g\u00e4ller anv\u00e4ndning av diskurspartiklarna. Skillnaderna kan f\u00f6rklaras dels av ungdomarnas \u00f6nskan om identitetsskapande och samh\u00f6righet inom grupperna, dels av ungdomarnas spr\u00e5kliga bakgrund.<\/p>\n","protected":false},"excerpt":{"rendered":"<p>Diskurspartiklar som duvet, ba(ra), ju, liksom och typ f\u00f6rekommer frekvent i talspr\u00e5ket, s\u00e4rskilt hos ungdomar. I denna avhandling beskrivs funktion och betydelse hos de ovan n\u00e4mnda diskurspartiklarna i tv\u00e5 grupper med kvinnliga gymnasister i Malm\u00f6. Diskurspartiklarna \u00e4r polyfunktionella s\u00e5v\u00e4l som polysema och fungerar inom olika niv\u00e5er i det talade spr\u00e5ket f\u00f6r att underl\u00e4tta interaktionen mellan [&hellip;]<\/p>\n","protected":false},"featured_media":2316,"template":"","meta":{"_acf_changed":false,"_relevanssi_hide_post":"","_relevanssi_hide_content":"","_relevanssi_pin_for_all":"","_relevanssi_pin_keywords":"","_relevanssi_unpin_keywords":"","_relevanssi_related_keywords":"","_relevanssi_related_include_ids":"","_relevanssi_related_exclude_ids":"","_relevanssi_related_no_append":"","_relevanssi_related_not_related":"","_relevanssi_related_posts":"","_relevanssi_noindex_reason":""},"product_brand":[],"product_cat":[98],"product_tag":[],"class_list":{"0":"post-2315","1":"product","2":"type-product","3":"status-publish","4":"has-post-thumbnail","6":"product_cat-lundastudier-i-nordisk-sprakvetenskap-serie-a","8":"first","9":"instock","10":"taxable","11":"shipping-taxable","12":"purchasable","13":"product-type-simple"},"acf":[],"_links":{"self":[{"href":"https:\/\/www.bokshop.lu.se\/en\/wp-json\/wp\/v2\/product\/2315","targetHints":{"allow":["GET"]}}],"collection":[{"href":"https:\/\/www.bokshop.lu.se\/en\/wp-json\/wp\/v2\/product"}],"about":[{"href":"https:\/\/www.bokshop.lu.se\/en\/wp-json\/wp\/v2\/types\/product"}],"wp:featuredmedia":[{"embeddable":true,"href":"https:\/\/www.bokshop.lu.se\/en\/wp-json\/wp\/v2\/media\/2316"}],"wp:attachment":[{"href":"https:\/\/www.bokshop.lu.se\/en\/wp-json\/wp\/v2\/media?parent=2315"}],"wp:term":[{"taxonomy":"product_brand","embeddable":true,"href":"https:\/\/www.bokshop.lu.se\/en\/wp-json\/wp\/v2\/product_brand?post=2315"},{"taxonomy":"product_cat","embeddable":true,"href":"https:\/\/www.bokshop.lu.se\/en\/wp-json\/wp\/v2\/product_cat?post=2315"},{"taxonomy":"product_tag","embeddable":true,"href":"https:\/\/www.bokshop.lu.se\/en\/wp-json\/wp\/v2\/product_tag?post=2315"}],"curies":[{"name":"wp","href":"https:\/\/api.w.org\/{rel}","templated":true}]}}