{"id":2307,"date":"2017-04-28T16:30:30","date_gmt":"2014-12-09T13:14:26","guid":{"rendered":"http:\/\/bokshop.lu.se.webbhotell.ldc.lu.se\/shop\/fostrande-forpliktelser-2\/"},"modified":"2017-04-28T16:30:56","modified_gmt":"2017-04-28T14:30:56","slug":"fostrande-forpliktelser","status":"publish","type":"product","link":"https:\/\/www.bokshop.lu.se\/en\/produkt\/fostrande-forpliktelser\/","title":{"rendered":"Fostrande f\u00f6rpliktelser"},"content":{"rendered":"<p>F\u00f6rest\u00e4llningen om Sverige som moraliskt f\u00f6red\u00f6me har anv\u00e4nts b\u00e5de politiskt och ideologiskt och f\u00f6rknippas framf\u00f6r allt med neutralitet, v\u00e4lf\u00e4rdsstat och bist\u00e5ndspolitik. Men \u00e4ven inom den svenska kristna missionen har en s\u00e5dan f\u00f6rest\u00e4llning haft stor b\u00e4rkraft.<\/p>\n<p>I Fostrande f\u00f6rpliktelser ber\u00e4ttas om ett svenskt missionssjukhus i den sydindiska staden Tirupattur och i fokus st\u00e5r alla de texter som skickades d\u00e4rifr\u00e5n till Sverige. De handlade om livet i det fr\u00e4mmande Indien, men ocks\u00e5 om mission\u00e4rernas m\u00e5l att f\u00f6r\u00e4ndra m\u00e4nniskor utifr\u00e5n sina normer och v\u00e4rderingar.<\/p>\n<p>Boken unders\u00f6ker hur svenska l\u00e4kare och sjuksk\u00f6terskor under f\u00f6rsta h\u00e4lften av nittonhundratalet legitimerade sitt arbetet i Indien. I dialog med tidigare forskning kring kolonialism och orientalism \u00e5sk\u00e5dligg\u00f6r textanalyserna hur skildringar av det fr\u00e4mmande och annorlunda rymmer b\u00e5de stereotypa distinktioner mellan Vi och Andra men ocks\u00e5 visar upp b\u00e5de komplexitet och nyanser.<\/p>\n<p>Malin Gregersen (f. 1978) \u00e4r verksam som historiker och l\u00e4rare vid historiska institutionen, Lunds universitet. Fostrande f\u00f6rpliktelser \u00e4r hennes doktorsavhandling.<\/p>\n","protected":false},"excerpt":{"rendered":"<p>F\u00f6rest\u00e4llningen om Sverige som moraliskt f\u00f6red\u00f6me har anv\u00e4nts b\u00e5de politiskt och ideologiskt och f\u00f6rknippas framf\u00f6r allt med neutralitet, v\u00e4lf\u00e4rdsstat och bist\u00e5ndspolitik. Men \u00e4ven inom den svenska kristna missionen har en s\u00e5dan f\u00f6rest\u00e4llning haft stor b\u00e4rkraft. I Fostrande f\u00f6rpliktelser ber\u00e4ttas om ett svenskt missionssjukhus i den sydindiska staden Tirupattur och i fokus st\u00e5r alla de texter [&hellip;]<\/p>\n","protected":false},"featured_media":2308,"template":"","meta":{"_acf_changed":false,"_relevanssi_hide_post":"","_relevanssi_hide_content":"","_relevanssi_pin_for_all":"","_relevanssi_pin_keywords":"","_relevanssi_unpin_keywords":"","_relevanssi_related_keywords":"","_relevanssi_related_include_ids":"","_relevanssi_related_exclude_ids":"","_relevanssi_related_no_append":"","_relevanssi_related_not_related":"","_relevanssi_related_posts":"","_relevanssi_noindex_reason":""},"product_brand":[],"product_cat":[75],"product_tag":[],"class_list":{"0":"post-2307","1":"product","2":"type-product","3":"status-publish","4":"has-post-thumbnail","6":"product_cat-non-serial-books-history-and-archaeology","8":"first","9":"instock","10":"taxable","11":"shipping-taxable","12":"purchasable","13":"product-type-simple"},"acf":[],"_links":{"self":[{"href":"https:\/\/www.bokshop.lu.se\/en\/wp-json\/wp\/v2\/product\/2307","targetHints":{"allow":["GET"]}}],"collection":[{"href":"https:\/\/www.bokshop.lu.se\/en\/wp-json\/wp\/v2\/product"}],"about":[{"href":"https:\/\/www.bokshop.lu.se\/en\/wp-json\/wp\/v2\/types\/product"}],"wp:featuredmedia":[{"embeddable":true,"href":"https:\/\/www.bokshop.lu.se\/en\/wp-json\/wp\/v2\/media\/2308"}],"wp:attachment":[{"href":"https:\/\/www.bokshop.lu.se\/en\/wp-json\/wp\/v2\/media?parent=2307"}],"wp:term":[{"taxonomy":"product_brand","embeddable":true,"href":"https:\/\/www.bokshop.lu.se\/en\/wp-json\/wp\/v2\/product_brand?post=2307"},{"taxonomy":"product_cat","embeddable":true,"href":"https:\/\/www.bokshop.lu.se\/en\/wp-json\/wp\/v2\/product_cat?post=2307"},{"taxonomy":"product_tag","embeddable":true,"href":"https:\/\/www.bokshop.lu.se\/en\/wp-json\/wp\/v2\/product_tag?post=2307"}],"curies":[{"name":"wp","href":"https:\/\/api.w.org\/{rel}","templated":true}]}}