{"id":2305,"date":"2017-06-14T16:24:02","date_gmt":"2014-12-09T13:14:28","guid":{"rendered":"http:\/\/bokshop.lu.se.webbhotell.ldc.lu.se\/shop\/att-plantera-ett-barn-2\/"},"modified":"2017-06-14T16:25:01","modified_gmt":"2017-06-14T14:25:01","slug":"att-plantera-ett-barn","status":"publish","type":"product","link":"https:\/\/www.bokshop.lu.se\/en\/produkt\/att-plantera-ett-barn\/","title":{"rendered":"Att plantera ett barn"},"content":{"rendered":"<p>Vad \u00e4r en familj, vilka kan bilda en familj och vem best\u00e4mmer det? Hur ser f\u00f6rest\u00e4llningarna kring den ideala familjen ut? Och varf\u00f6r anses det viktigt att ha k\u00e4nnedom om sitt ursprung och att tillh\u00f6ra en familj, en sl\u00e4kt eller en nation? I denna bok unders\u00f6ker Carolina Jonsson Malm den svenska reproduktionspolitiken kring internationella adoptioner och assisterad befruktning f\u00f6r att besvara dessa fr\u00e5gor. Unders\u00f6kningen bygger p\u00e5 statliga utredningar som utkom mellan \u00e5ren 1953 och 2007, vilka \u00e5terspeglar den f\u00f6r\u00e4ndrade synen p\u00e5 vad som \u00e4r normalt, naturligt, \u00f6nskv\u00e4rt och moraliskt riktigt n\u00e4r det g\u00e4ller barnalstrande och familjebildning. Utredningarna har g\u00e5tt fr\u00e5n att betrakta utlandsadoptionerna som en god handling och en form av u-landshj\u00e4lp till att oroa sig f\u00f6r kidnappningar, barnhandel och exploatering av tredje v\u00e4rlden. Samtidigt talas det allt mer om adoptivbarnens psykiska oh\u00e4lsa och att de m\u00e5ste s\u00f6ka sina r\u00f6tter. I motsats till detta har inst\u00e4llningen till reproduktionsteknologi blivit allt mer positiv. Den tidigare skepsisen och teknikr\u00e4dslan har tonats ned och tekniken har m\u00f6jliggjort nya s\u00e4tt att t\u00e4nka kring familj och normbrytande familjepraktiker.<\/p>\n<p>Carolina Jonsson Malm (f. 1980) \u00e4r historiker vid Malm\u00f6 h\u00f6gskola samt knuten till Forskarskolan i historia. <em>Att plantera ett barn<\/em> \u00e4r hennes doktorsavhandling<\/p>\n","protected":false},"excerpt":{"rendered":"<p>Vad \u00e4r en familj, vilka kan bilda en familj och vem best\u00e4mmer det? Hur ser f\u00f6rest\u00e4llningarna kring den ideala familjen ut? Och varf\u00f6r anses det viktigt att ha k\u00e4nnedom om sitt ursprung och att tillh\u00f6ra en familj, en sl\u00e4kt eller en nation? I denna bok unders\u00f6ker Carolina Jonsson Malm den svenska reproduktionspolitiken kring internationella adoptioner [&hellip;]<\/p>\n","protected":false},"featured_media":2306,"template":"","meta":{"_acf_changed":false,"_relevanssi_hide_post":"","_relevanssi_hide_content":"","_relevanssi_pin_for_all":"","_relevanssi_pin_keywords":"","_relevanssi_unpin_keywords":"","_relevanssi_related_keywords":"","_relevanssi_related_include_ids":"","_relevanssi_related_exclude_ids":"","_relevanssi_related_no_append":"","_relevanssi_related_not_related":"","_relevanssi_related_posts":"","_relevanssi_noindex_reason":""},"product_brand":[],"product_cat":[74],"product_tag":[],"class_list":{"0":"post-2305","1":"product","2":"type-product","3":"status-publish","4":"has-post-thumbnail","6":"product_cat-studia-historica-lundensia","8":"first","9":"instock","10":"taxable","11":"shipping-taxable","12":"purchasable","13":"product-type-simple"},"acf":[],"_links":{"self":[{"href":"https:\/\/www.bokshop.lu.se\/en\/wp-json\/wp\/v2\/product\/2305","targetHints":{"allow":["GET"]}}],"collection":[{"href":"https:\/\/www.bokshop.lu.se\/en\/wp-json\/wp\/v2\/product"}],"about":[{"href":"https:\/\/www.bokshop.lu.se\/en\/wp-json\/wp\/v2\/types\/product"}],"wp:featuredmedia":[{"embeddable":true,"href":"https:\/\/www.bokshop.lu.se\/en\/wp-json\/wp\/v2\/media\/2306"}],"wp:attachment":[{"href":"https:\/\/www.bokshop.lu.se\/en\/wp-json\/wp\/v2\/media?parent=2305"}],"wp:term":[{"taxonomy":"product_brand","embeddable":true,"href":"https:\/\/www.bokshop.lu.se\/en\/wp-json\/wp\/v2\/product_brand?post=2305"},{"taxonomy":"product_cat","embeddable":true,"href":"https:\/\/www.bokshop.lu.se\/en\/wp-json\/wp\/v2\/product_cat?post=2305"},{"taxonomy":"product_tag","embeddable":true,"href":"https:\/\/www.bokshop.lu.se\/en\/wp-json\/wp\/v2\/product_tag?post=2305"}],"curies":[{"name":"wp","href":"https:\/\/api.w.org\/{rel}","templated":true}]}}