{"id":2028,"date":"2018-03-19T10:56:49","date_gmt":"2014-12-09T13:15:56","guid":{"rendered":"http:\/\/bokshop.lu.se.webbhotell.ldc.lu.se\/shop\/nordisk-katolicism-2\/"},"modified":"2023-01-18T11:32:08","modified_gmt":"2023-01-18T10:32:08","slug":"nordisk-katolicism","status":"publish","type":"product","link":"https:\/\/www.bokshop.lu.se\/en\/produkt\/nordisk-katolicism\/","title":{"rendered":"Nordisk katolicism"},"content":{"rendered":"<p>Den katolska missionsoffensiv som satte in i mitten av 1800-talet riktade sig ocks\u00e5 mot Skandinavien, d\u00e4r man i skydd av den liberaliserade religionslagstiftningen kunde bygga upp ett n\u00e4t av f\u00f6rsamlingar och missionsstationer med skolor och sjukhus. Missionsverksamheten var s\u00e4rskilt framg\u00e5ngsrik i Danmark d\u00e4r det sedan 1849 r\u00e5dde i det n\u00e4rmaste total religionsfrihet. Kring sekelskiftet 1900 konverterade mellan 200 och 300 danskar \u00e5rligen till den katolska kyrkan, och m\u00e5nga f\u00f6rsamlingar bestod n\u00e4stan uteslutande av konvertiter. Bland dessa konvertiter fanns m\u00e5nga k\u00e4nda kulturpersonligheter, men majoriteten var helt vanliga nordbor. Vad var det som fick m\u00e4nniskor att s\u00f6ka sig till och konvertera till den katolska kyrkan? Hur beskrivs och motiveras dessa konversioner? Och fanns det n\u00e5gra konventioner f\u00f6r hur en konversion skulle g\u00e5 till?<br \/>\nDet \u00e4r dessa fr\u00e5gor som st\u00e5r i fokus i &lt;i&gt;Nordisk katolicism&lt;\/i&gt;, som utifr\u00e5n konversionsber\u00e4ttelser, enk\u00e4ter, missionsrapporter och debatter ger en f\u00e4rgstark och m\u00e5ngfasetterad bild av katolsk mission och konversion i Norden. Samtidigt tydligg\u00f6rs sp\u00e4nningsf\u00f6rh\u00e5llandet mellan \u2022\u009dkatolska\u2022\u009d och \u2022\u009dnordiska\u2022\u009d v\u00e4rderingar. In p\u00e5 1960-talet framst\u00e4lldes katolicismen ofta som ett hot mot nordisk identitet och nordiska v\u00e4rden. Den rollen har numera \u00f6vertagits av islam. F\u00f6r den som idag v\u00e4ljer att konvertera till den katolska kyrkan framst\u00e5r detta steg d\u00e4rmed inte lika drastiskt som tidigare. I boken analyseras orsakerna till denna f\u00f6r\u00e4ndring, vilka konsekvenser de f\u00e5tt f\u00f6r den katolska konversionsdiskursen och vilka skillnader och likheter som finns mellan katolska konversioner d\u00e5 och nu.<\/p>\n","protected":false},"excerpt":{"rendered":"<p>Den katolska missionsoffensiv som satte in i mitten av 1800-talet riktade sig ocks\u00e5 mot Skandinavien, d\u00e4r man i skydd av den liberaliserade religionslagstiftningen kunde bygga upp ett n\u00e4t av f\u00f6rsamlingar och missionsstationer med skolor och sjukhus. Missionsverksamheten var s\u00e4rskilt framg\u00e5ngsrik i Danmark d\u00e4r det sedan 1849 r\u00e5dde i det n\u00e4rmaste total religionsfrihet. Kring sekelskiftet 1900 [&hellip;]<\/p>\n","protected":false},"featured_media":2029,"template":"","meta":{"_acf_changed":false,"_relevanssi_hide_post":"","_relevanssi_hide_content":"","_relevanssi_pin_for_all":"","_relevanssi_pin_keywords":"","_relevanssi_unpin_keywords":"","_relevanssi_related_keywords":"","_relevanssi_related_include_ids":"","_relevanssi_related_exclude_ids":"","_relevanssi_related_no_append":"","_relevanssi_related_not_related":"","_relevanssi_related_posts":"","_relevanssi_noindex_reason":""},"product_brand":[],"product_cat":[68],"product_tag":[],"class_list":{"0":"post-2028","1":"product","2":"type-product","3":"status-publish","4":"has-post-thumbnail","6":"product_cat-centrum-for-oresundsstudier-tidigare-centrum-for-danmarksstudier-history-and-archaeology","8":"first","9":"outofstock","10":"taxable","11":"shipping-taxable","12":"purchasable","13":"product-type-simple"},"acf":[],"_links":{"self":[{"href":"https:\/\/www.bokshop.lu.se\/en\/wp-json\/wp\/v2\/product\/2028","targetHints":{"allow":["GET"]}}],"collection":[{"href":"https:\/\/www.bokshop.lu.se\/en\/wp-json\/wp\/v2\/product"}],"about":[{"href":"https:\/\/www.bokshop.lu.se\/en\/wp-json\/wp\/v2\/types\/product"}],"wp:featuredmedia":[{"embeddable":true,"href":"https:\/\/www.bokshop.lu.se\/en\/wp-json\/wp\/v2\/media\/2029"}],"wp:attachment":[{"href":"https:\/\/www.bokshop.lu.se\/en\/wp-json\/wp\/v2\/media?parent=2028"}],"wp:term":[{"taxonomy":"product_brand","embeddable":true,"href":"https:\/\/www.bokshop.lu.se\/en\/wp-json\/wp\/v2\/product_brand?post=2028"},{"taxonomy":"product_cat","embeddable":true,"href":"https:\/\/www.bokshop.lu.se\/en\/wp-json\/wp\/v2\/product_cat?post=2028"},{"taxonomy":"product_tag","embeddable":true,"href":"https:\/\/www.bokshop.lu.se\/en\/wp-json\/wp\/v2\/product_tag?post=2028"}],"curies":[{"name":"wp","href":"https:\/\/api.w.org\/{rel}","templated":true}]}}