{"id":2008,"date":"2019-02-21T12:34:15","date_gmt":"2014-12-09T13:16:02","guid":{"rendered":"http:\/\/bokshop.lu.se.webbhotell.ldc.lu.se\/shop\/bortom-riksbildningen-2\/"},"modified":"2022-08-13T13:28:50","modified_gmt":"2022-08-13T11:28:50","slug":"bortom-riksbildningen","status":"publish","type":"product","link":"https:\/\/www.bokshop.lu.se\/en\/produkt\/bortom-riksbildningen\/","title":{"rendered":"Bortom riksbildningen"},"content":{"rendered":"<p>Bildandet av kungariket Danmark brukar presenteras som en l\u00e5ngdragen och linj\u00e4r process d\u00e4r forntida h\u00f6vdingar knyts ihop med den moderna nationalstaten.<\/p>\n<p>&#8220;Bortom riksbildningen. M\u00e4nniskor, landskap och makt i syd\u00f6stra Skandinavien&#8221; fokuserar ist\u00e4llet de m\u00e5nga sm\u00e5 ber\u00e4ttelserna bortom den stora.<\/p>\n<p>Avhandlingen diskuterar och analyserar tidigare huvudlinjer och problem i forskningen. Den presenterar ocks\u00e5 en rad landskapsarkeologiska studier av mindre omr\u00e5den i Blekinge, Sk\u00e5ne, Halland och Bornholm f\u00f6r tiden ca 800-1200.<\/p>\n<p>Det visar sig att m\u00e4nniskor \u00f6ster om \u00d6resund m\u00f6tte det danska riket p\u00e5 annorlunda s\u00e4tt och betydligt senare \u00e4n vad som tidigare antagits.<\/p>\n<p>Avhandlingen understryker vikten av att studera h\u00e4ndelser i ett akt\u00f6rsperspektiv samt behovet av nya utsiktspunkter och historiska ber\u00e4ttelser. Ett resultat \u00e4r att det egentligen aldrig funnits n\u00e5gon riksbildning, bara akt\u00f6rer och klungor av h\u00e4ndelse.<\/p>\n<p>Anna Lihammar \u00e4r arkeolog och detta \u00e4r hennes doktorsavhandling i historisk arkeologi.<\/p>\n<p>Tryck\u00e5r: 2007<\/p>\n<p>Mjukband, illustrerad i s\/v, 378 s.<\/p>\n","protected":false},"excerpt":{"rendered":"<p>Bildandet av kungariket Danmark brukar presenteras som en l\u00e5ngdragen och linj\u00e4r process d\u00e4r forntida h\u00f6vdingar knyts ihop med den moderna nationalstaten. &#8220;Bortom riksbildningen. M\u00e4nniskor, landskap och makt i syd\u00f6stra Skandinavien&#8221; fokuserar ist\u00e4llet de m\u00e5nga sm\u00e5 ber\u00e4ttelserna bortom den stora. Avhandlingen diskuterar och analyserar tidigare huvudlinjer och problem i forskningen. Den presenterar ocks\u00e5 en rad landskapsarkeologiska [&hellip;]<\/p>\n","protected":false},"featured_media":2009,"template":"","meta":{"_acf_changed":false,"_relevanssi_hide_post":"","_relevanssi_hide_content":"","_relevanssi_pin_for_all":"","_relevanssi_pin_keywords":"","_relevanssi_unpin_keywords":"","_relevanssi_related_keywords":"","_relevanssi_related_include_ids":"","_relevanssi_related_exclude_ids":"","_relevanssi_related_no_append":"","_relevanssi_related_not_related":"","_relevanssi_related_posts":"","_relevanssi_noindex_reason":""},"product_brand":[],"product_cat":[70],"product_tag":[],"class_list":{"0":"post-2008","1":"product","2":"type-product","3":"status-publish","4":"has-post-thumbnail","6":"product_cat-lund-studies-in-historical-archaeology","8":"first","9":"instock","10":"taxable","11":"shipping-taxable","12":"purchasable","13":"product-type-simple"},"acf":[],"_links":{"self":[{"href":"https:\/\/www.bokshop.lu.se\/en\/wp-json\/wp\/v2\/product\/2008","targetHints":{"allow":["GET"]}}],"collection":[{"href":"https:\/\/www.bokshop.lu.se\/en\/wp-json\/wp\/v2\/product"}],"about":[{"href":"https:\/\/www.bokshop.lu.se\/en\/wp-json\/wp\/v2\/types\/product"}],"wp:featuredmedia":[{"embeddable":true,"href":"https:\/\/www.bokshop.lu.se\/en\/wp-json\/wp\/v2\/media\/2009"}],"wp:attachment":[{"href":"https:\/\/www.bokshop.lu.se\/en\/wp-json\/wp\/v2\/media?parent=2008"}],"wp:term":[{"taxonomy":"product_brand","embeddable":true,"href":"https:\/\/www.bokshop.lu.se\/en\/wp-json\/wp\/v2\/product_brand?post=2008"},{"taxonomy":"product_cat","embeddable":true,"href":"https:\/\/www.bokshop.lu.se\/en\/wp-json\/wp\/v2\/product_cat?post=2008"},{"taxonomy":"product_tag","embeddable":true,"href":"https:\/\/www.bokshop.lu.se\/en\/wp-json\/wp\/v2\/product_tag?post=2008"}],"curies":[{"name":"wp","href":"https:\/\/api.w.org\/{rel}","templated":true}]}}