{"id":1992,"date":"2018-03-19T10:15:38","date_gmt":"2014-12-09T13:16:06","guid":{"rendered":"http:\/\/bokshop.lu.se.webbhotell.ldc.lu.se\/shop\/arkeologi-och-identitet-2\/"},"modified":"2023-11-27T13:45:30","modified_gmt":"2023-11-27T12:45:30","slug":"arkeologi-och-identitet","status":"publish","type":"product","link":"https:\/\/www.bokshop.lu.se\/en\/produkt\/arkeologi-och-identitet\/","title":{"rendered":"Arkeologi och identitet"},"content":{"rendered":"<p>De nordiska l\u00e4nderna har blivit m\u00e5ngkulturella. Fr\u00e5gor som r\u00f6r identitet diskuteras dagligen i m\u00e5nga olika sammanhang. Identitet h\u00e4nger samman med historia och kulturarvet anv\u00e4nds f\u00f6r att legitimera olika h\u00e5llningar i den dagspolitiska debatten.<\/p>\n<p>Det finns inget sj\u00e4lvklart svar p\u00e5 hur man som arkeolog ska f\u00f6rh\u00e5lla sig till den h\u00e4r diskussionen. Svaren varierar fr\u00e5n ett avst\u00e5ndstagande, d\u00e4r man betonar det problematiska i att \u00f6verhuvudtaget diskutera identitetsfr\u00e5gor med utg\u00e5ngspunkt i ett arkeologiskt material, till ett bejakande av tanken att det \u00e4r m\u00f6jligt att n\u00e4rma sig fr\u00e5gor kring identitet utifr\u00e5n arkeologisk empiri.<\/p>\n<p>Oavsett vilken h\u00e5llning man intar \u00e4r det uppenbart att arkeologi\u00e4mnet m\u00e5ste ta de br\u00e4nnande fr\u00e5gorna om identitet och tillh\u00f6righet p\u00e5 allvar. I denna bok belyser 17 arkeologer med skilda utg\u00e5ngspunkter hur identitetsskapande fungerar, och har fungerat, i s\u00e5v\u00e4l v\u00e5r egen tid som i det f\u00f6rflutna. Boken \u00e4r resultatet av en session p\u00e5 temat arkeologi och identitet vid konferensen VIII Nordic TAG, en samnordisk konferens som anordnades i Lund i maj 2005.<\/p>\n<p>Boken Arkeologi och identitet har redigerats av Bodil Petersson och Peter Skoglund vid Institutionen f\u00f6r arkeologi och antikens historia i Lund.<\/p>\n<p>Tryck\u00e5r 2008<\/p>\n<p>Mjukband 162 x 242 mm, illustrerad svart\/vit<\/p>\n","protected":false},"excerpt":{"rendered":"<p>De nordiska l\u00e4nderna har blivit m\u00e5ngkulturella. Fr\u00e5gor som r\u00f6r identitet diskuteras dagligen i m\u00e5nga olika sammanhang. Identitet h\u00e4nger samman med historia och kulturarvet anv\u00e4nds f\u00f6r att legitimera olika h\u00e5llningar i den dagspolitiska debatten. Det finns inget sj\u00e4lvklart svar p\u00e5 hur man som arkeolog ska f\u00f6rh\u00e5lla sig till den h\u00e4r diskussionen. Svaren varierar fr\u00e5n ett avst\u00e5ndstagande, [&hellip;]<\/p>\n","protected":false},"featured_media":1993,"template":"","meta":{"_acf_changed":false,"_relevanssi_hide_post":"","_relevanssi_hide_content":"","_relevanssi_pin_for_all":"","_relevanssi_pin_keywords":"","_relevanssi_unpin_keywords":"","_relevanssi_related_keywords":"","_relevanssi_related_include_ids":"","_relevanssi_related_exclude_ids":"","_relevanssi_related_no_append":"","_relevanssi_related_not_related":"","_relevanssi_related_posts":"","_relevanssi_noindex_reason":""},"product_brand":[],"product_cat":[65,64,58],"product_tag":[],"class_list":{"0":"post-1992","1":"product","2":"type-product","3":"status-publish","4":"has-post-thumbnail","6":"product_cat-acta-archaeologica-lundensia-series-altera-in-8","7":"product_cat-history-and-archaeology","8":"product_cat-joint-faculties-of-humanities-and-theology","10":"first","11":"instock","12":"taxable","13":"shipping-taxable","14":"purchasable","15":"product-type-simple"},"acf":[],"_links":{"self":[{"href":"https:\/\/www.bokshop.lu.se\/en\/wp-json\/wp\/v2\/product\/1992","targetHints":{"allow":["GET"]}}],"collection":[{"href":"https:\/\/www.bokshop.lu.se\/en\/wp-json\/wp\/v2\/product"}],"about":[{"href":"https:\/\/www.bokshop.lu.se\/en\/wp-json\/wp\/v2\/types\/product"}],"wp:featuredmedia":[{"embeddable":true,"href":"https:\/\/www.bokshop.lu.se\/en\/wp-json\/wp\/v2\/media\/1993"}],"wp:attachment":[{"href":"https:\/\/www.bokshop.lu.se\/en\/wp-json\/wp\/v2\/media?parent=1992"}],"wp:term":[{"taxonomy":"product_brand","embeddable":true,"href":"https:\/\/www.bokshop.lu.se\/en\/wp-json\/wp\/v2\/product_brand?post=1992"},{"taxonomy":"product_cat","embeddable":true,"href":"https:\/\/www.bokshop.lu.se\/en\/wp-json\/wp\/v2\/product_cat?post=1992"},{"taxonomy":"product_tag","embeddable":true,"href":"https:\/\/www.bokshop.lu.se\/en\/wp-json\/wp\/v2\/product_tag?post=1992"}],"curies":[{"name":"wp","href":"https:\/\/api.w.org\/{rel}","templated":true}]}}