{"id":1990,"date":"2018-03-19T10:26:47","date_gmt":"2014-12-09T13:16:07","guid":{"rendered":"http:\/\/bokshop.lu.se.webbhotell.ldc.lu.se\/shop\/oresundsgranser-2\/"},"modified":"2023-01-18T11:30:33","modified_gmt":"2023-01-18T10:30:33","slug":"oresundsgranser","status":"publish","type":"product","link":"https:\/\/www.bokshop.lu.se\/en\/produkt\/oresundsgranser\/","title":{"rendered":"\u00d6resundsgr\u00e4nser"},"content":{"rendered":"<p>\u00d6ver vattnet rusar numera t\u00e5g och bilar, men genom \u00d6resund l\u00f6per fortfarande en gr\u00e4ns. Vad betyder den f\u00f6r m\u00e4nniskorna i regionen? Kanske har de alla sin egen \u00d6resundsgr\u00e4ns: &#8220;gr\u00e4nsg\u00e5ngarna&#8221; med arbete och bop\u00e5lar i olika l\u00e4nder, seglarna med nationsflaggan i aktern, familjerna p\u00e5 shoppingtur och politikerna med integration p\u00e5 agendan.<br \/>\nDet dansk-svenska projektet &lt;i&gt;Development of a Cross Border Region&lt;\/i&gt; har samlat forskare fr\u00e5n olika discipliner f\u00f6r att analysera betydelsen av identiteter och gr\u00e4nser i \u00d6resundsregionen f\u00f6rr och nu. I denna samling texter som summerar projektet m\u00f6ter vi statsvetare, etnologer och historiker som vill synligg\u00f6ra och problematisera olika typer av gr\u00e4nser och de identifikationsprocesser som kan knytas till dem. F\u00f6rem\u00e5let f\u00f6r analysen \u00e4r den \u00d6resundsregion som har utvecklats som ett ekonomiskt och politiskt projekt av den EU-st\u00f6dda \u00d6resundskomiteen, men \u00e4ven de m\u00e5nga olika \u00d6resundsregioner som har uppst\u00e5tt genom att m\u00e4nniskor har r\u00f6rt sig \u00f6ver gr\u00e4nsen eller talat politiskt vision\u00e4rt om gr\u00e4nsl\u00f6shet och globalisering. S\u00e4rskilt viktigt blir att unders\u00f6ka hur betydelsen av statsgr\u00e4nsen i Sundet har f\u00f6r\u00e4ndrats fr\u00e5n Roskildefreden 1658 och fram\u00e5t, men ocks\u00e5 hur olika sociala grupper eller andra geopolitiska enheter som kommuner eller regioner skapar och har skapat egna gr\u00e4nser i \u00d6resundsomr\u00e5det. N\u00e4r b\u00f6nderna p\u00e5 1600-talet skrev till \u00f6verheten f\u00f6r att be om hj\u00e4lp kallade de inte sig sj\u00e4lva f\u00f6r danskar eller svenskar. Ungsocialisterna vid f\u00f6rra sekelskiftet gick medvetet in f\u00f6r att motarbeta den nationella id\u00e9n. I 2000-talets politiska retorik kan spektakul\u00e4ra projekt som seglingst\u00e4vlingen America&#8217;s Cup bli en bricka i spelet om regionen. M\u00e5ngkulturalismen i storst\u00e4derna skapar sitt eget globaliserade rum. Vid en genomg\u00e5ng av sk\u00e5nska tidningsklipp fr\u00e5n 1895 till i dag framst\u00e5r dagens gr\u00e4ns f\u00f6rv\u00e5nande nog som skarpare \u00e4n n\u00e5gonsin. H\u00e4r \u00e5terges en komplex bild av en m\u00e5ngfald av upplevda gr\u00e4nser \u2013 \u00d6resundsgr\u00e4nser i tid och rum.<\/p>\n","protected":false},"excerpt":{"rendered":"<p>\u00d6ver vattnet rusar numera t\u00e5g och bilar, men genom \u00d6resund l\u00f6per fortfarande en gr\u00e4ns. Vad betyder den f\u00f6r m\u00e4nniskorna i regionen? Kanske har de alla sin egen \u00d6resundsgr\u00e4ns: &#8220;gr\u00e4nsg\u00e5ngarna&#8221; med arbete och bop\u00e5lar i olika l\u00e4nder, seglarna med nationsflaggan i aktern, familjerna p\u00e5 shoppingtur och politikerna med integration p\u00e5 agendan. Det dansk-svenska projektet &lt;i&gt;Development of [&hellip;]<\/p>\n","protected":false},"featured_media":1991,"template":"","meta":{"_acf_changed":false,"_relevanssi_hide_post":"","_relevanssi_hide_content":"","_relevanssi_pin_for_all":"","_relevanssi_pin_keywords":"","_relevanssi_unpin_keywords":"","_relevanssi_related_keywords":"","_relevanssi_related_include_ids":"","_relevanssi_related_exclude_ids":"","_relevanssi_related_no_append":"","_relevanssi_related_not_related":"","_relevanssi_related_posts":"","_relevanssi_noindex_reason":""},"product_brand":[],"product_cat":[68],"product_tag":[],"class_list":{"0":"post-1990","1":"product","2":"type-product","3":"status-publish","4":"has-post-thumbnail","6":"product_cat-centrum-for-oresundsstudier-tidigare-centrum-for-danmarksstudier-history-and-archaeology","8":"first","9":"outofstock","10":"taxable","11":"shipping-taxable","12":"purchasable","13":"product-type-simple"},"acf":[],"_links":{"self":[{"href":"https:\/\/www.bokshop.lu.se\/en\/wp-json\/wp\/v2\/product\/1990","targetHints":{"allow":["GET"]}}],"collection":[{"href":"https:\/\/www.bokshop.lu.se\/en\/wp-json\/wp\/v2\/product"}],"about":[{"href":"https:\/\/www.bokshop.lu.se\/en\/wp-json\/wp\/v2\/types\/product"}],"wp:featuredmedia":[{"embeddable":true,"href":"https:\/\/www.bokshop.lu.se\/en\/wp-json\/wp\/v2\/media\/1991"}],"wp:attachment":[{"href":"https:\/\/www.bokshop.lu.se\/en\/wp-json\/wp\/v2\/media?parent=1990"}],"wp:term":[{"taxonomy":"product_brand","embeddable":true,"href":"https:\/\/www.bokshop.lu.se\/en\/wp-json\/wp\/v2\/product_brand?post=1990"},{"taxonomy":"product_cat","embeddable":true,"href":"https:\/\/www.bokshop.lu.se\/en\/wp-json\/wp\/v2\/product_cat?post=1990"},{"taxonomy":"product_tag","embeddable":true,"href":"https:\/\/www.bokshop.lu.se\/en\/wp-json\/wp\/v2\/product_tag?post=1990"}],"curies":[{"name":"wp","href":"https:\/\/api.w.org\/{rel}","templated":true}]}}