{"id":1954,"date":"2014-12-09T14:16:19","date_gmt":"2014-12-09T13:16:19","guid":{"rendered":"http:\/\/bokshop.lu.se.webbhotell.ldc.lu.se\/shop\/skane-i-danmark-2\/"},"modified":"2023-01-18T11:34:14","modified_gmt":"2023-01-18T10:34:14","slug":"skane-i-danmark","status":"publish","type":"product","link":"https:\/\/www.bokshop.lu.se\/en\/produkt\/skane-i-danmark\/","title":{"rendered":"Sk\u00e5ne i Danmark"},"content":{"rendered":"<p>Vad hade h\u00e4nt om Sk\u00e5ne, Halland och Blekinge aldrig blivit svenska p\u00e5 1600-talet, utan fortsatt vara delar av Danmark? Hur hade dansk historia d\u00e5 ber\u00e4ttats?<br \/>\nSk\u00e5nelandskapen utgjorde \u00d6stdanmark under l\u00e5ng tid, fr\u00e5n sen vikingatid till Roskildefreden 1658. Men deras \u00e4ldre historia f\u00f6rsvinner ofta i Sydsverige. I skolorna, \u00e4nda upp p\u00e5 universitetsniv\u00e5, l\u00e4ser man svensk historia och sl\u00e5r med stor nit ihj\u00e4l kungar i M\u00e4lardalen under medeltiden utan att \u00e4gna den dramatiska danska historien vid samma tid n\u00e5gon n\u00e4mnv\u00e4rd uppm\u00e4rksamhet, trots att den till stor del utspelade sig i Sk\u00e5nelandskapen. Ocks\u00e5 i Danmark utg\u00e5r historieskrivningen i h\u00f6g grad fr\u00e5n de moderna statsgr\u00e4nserna.<br \/>\nN\u00e4r lundahistorikern Harald Gustafsson s\u00e4tter in en del av nationalstaten Sveriges historia i en annan nationalstats historia blir det en nyttig provokation mot b\u00e5de svensk och dansk nationalism. Men det finns ocks\u00e5 god saklig grund f\u00f6r att l\u00e4ra sig mer dansk historia i s\u00f6dra Sverige, eftersom s\u00e5 mycket som man ser h\u00e4r Varbergs f\u00e4stning, Glimmingehus, sm\u00e5st\u00e4dernas gatun\u00e4t och s\u00e5 vidare faktiskt har r\u00f6tter i dansk tid.<br \/>\nGenom det danska perspektivet p\u00e5 Sk\u00e5ne f\u00e5r \u00d6resundsomr\u00e5det en v\u00e4sentlig roll. Under en stor del av dansk historia utgjorde \u00f6stra Sj\u00e4lland och v\u00e4stra Sk\u00e5ne tyngdpunkten i Danmark, politiskt, kulturellt och ekonomiskt. Att fokusera p\u00e5 Sk\u00e5ne i Danmark betyder i n\u00e5gon m\u00e5n ocks\u00e5 att fokusera p\u00e5 hela \u00d6resundsomr\u00e5dets betydelse.<br \/>\n&lt;i&gt;Sk\u00e5ne i Danmark&lt;\/i&gt; kom p\u00e5 fj\u00e4rde plats i l\u00e4sarnas omr\u00f6stning om \u0160rets historiebok 2008 p\u00e5 n\u00e4ttidningen &lt;i&gt;Svensk Historias&lt;\/i&gt; hemsida.<\/p>\n","protected":false},"excerpt":{"rendered":"<p>Vad hade h\u00e4nt om Sk\u00e5ne, Halland och Blekinge aldrig blivit svenska p\u00e5 1600-talet, utan fortsatt vara delar av Danmark? Hur hade dansk historia d\u00e5 ber\u00e4ttats? Sk\u00e5nelandskapen utgjorde \u00d6stdanmark under l\u00e5ng tid, fr\u00e5n sen vikingatid till Roskildefreden 1658. Men deras \u00e4ldre historia f\u00f6rsvinner ofta i Sydsverige. I skolorna, \u00e4nda upp p\u00e5 universitetsniv\u00e5, l\u00e4ser man svensk historia [&hellip;]<\/p>\n","protected":false},"featured_media":1955,"template":"","meta":{"_acf_changed":false,"_relevanssi_hide_post":"","_relevanssi_hide_content":"","_relevanssi_pin_for_all":"","_relevanssi_pin_keywords":"","_relevanssi_unpin_keywords":"","_relevanssi_related_keywords":"","_relevanssi_related_include_ids":"","_relevanssi_related_exclude_ids":"","_relevanssi_related_no_append":"","_relevanssi_related_not_related":"","_relevanssi_related_posts":"","_relevanssi_noindex_reason":""},"product_brand":[],"product_cat":[68],"product_tag":[],"class_list":{"0":"post-1954","1":"product","2":"type-product","3":"status-publish","4":"has-post-thumbnail","6":"product_cat-centrum-for-oresundsstudier-tidigare-centrum-for-danmarksstudier-history-and-archaeology","8":"first","9":"outofstock","10":"taxable","11":"shipping-taxable","12":"purchasable","13":"product-type-simple"},"acf":[],"_links":{"self":[{"href":"https:\/\/www.bokshop.lu.se\/en\/wp-json\/wp\/v2\/product\/1954","targetHints":{"allow":["GET"]}}],"collection":[{"href":"https:\/\/www.bokshop.lu.se\/en\/wp-json\/wp\/v2\/product"}],"about":[{"href":"https:\/\/www.bokshop.lu.se\/en\/wp-json\/wp\/v2\/types\/product"}],"wp:featuredmedia":[{"embeddable":true,"href":"https:\/\/www.bokshop.lu.se\/en\/wp-json\/wp\/v2\/media\/1955"}],"wp:attachment":[{"href":"https:\/\/www.bokshop.lu.se\/en\/wp-json\/wp\/v2\/media?parent=1954"}],"wp:term":[{"taxonomy":"product_brand","embeddable":true,"href":"https:\/\/www.bokshop.lu.se\/en\/wp-json\/wp\/v2\/product_brand?post=1954"},{"taxonomy":"product_cat","embeddable":true,"href":"https:\/\/www.bokshop.lu.se\/en\/wp-json\/wp\/v2\/product_cat?post=1954"},{"taxonomy":"product_tag","embeddable":true,"href":"https:\/\/www.bokshop.lu.se\/en\/wp-json\/wp\/v2\/product_tag?post=1954"}],"curies":[{"name":"wp","href":"https:\/\/api.w.org\/{rel}","templated":true}]}}