{"id":1878,"date":"2014-12-09T14:16:44","date_gmt":"2014-12-09T13:16:44","guid":{"rendered":"http:\/\/bokshop.lu.se.webbhotell.ldc.lu.se\/shop\/arbetarhistoria-idag-2\/"},"modified":"2015-12-03T15:02:13","modified_gmt":"2015-12-03T14:02:13","slug":"arbetarhistoria-idag","status":"publish","type":"product","link":"https:\/\/www.bokshop.lu.se\/en\/produkt\/arbetarhistoria-idag\/","title":{"rendered":"Arbetarhistoria idag"},"content":{"rendered":"<p>Antologin <i>Arbetarhistoria idag: Rapport fr\u00e5n arbetarhistorikerm\u00f6tet i Landskrona i maj 2007<\/i> inneh\u00e5ller fjorton arbetarhistoriska uppsatser skrivna av femton forskare fr\u00e5n olika vetenskapliga discipliner. Uppsatserna kretsar kring ett antal teman som st\u00e5r i centrum f\u00f6r den arbetarhistoriska forskningen av idag: <i>Arbetarhistoria under diskussion, Den internationella arbetarr\u00f6relsen, Arbete, normer och v\u00e4rderingar, Etnicitet, klass och identitet<\/i> samt <i>P\u00e5 ytterkanterna: generalstrejk, antimilitarism och militarism<\/i>. Sammantaget ger de en bild av de fr\u00e5gor som syssels\u00e4tter dagens arbetarhistoriska forskning i hela dess bredd. Uppsatserna i antologin \u00e4r skrivna av deltagare i den forskarkonferens som Centrum f\u00f6r Arbetarhistoria arrangerade i Landskrona i maj 2007.<\/p>\n<p>Centrum f\u00f6r Arbetarhistoria grundades 1998 och \u00e4r ett samarbete mellan Lunds universitet, Landskrona stad, Arbetarr\u00f6relsens Arkiv i Landskrona och den ideella f\u00f6reningen Centrum f\u00f6r Arbetarhistoria. Inom Centrum f\u00f6r Arbetarhistoria bedrivs forskning, undervisning och utst\u00e4llningsverksamhet med syfte att samla, sprida och utveckla kunskapen om arbetets och arbetarnas historia i vid bem\u00e4rkelse.<\/p>\n","protected":false},"excerpt":{"rendered":"<p>Antologin Arbetarhistoria idag: Rapport fr\u00e5n arbetarhistorikerm\u00f6tet i Landskrona i maj 2007 inneh\u00e5ller fjorton arbetarhistoriska uppsatser skrivna av femton forskare fr\u00e5n olika vetenskapliga discipliner. Uppsatserna kretsar kring ett antal teman som st\u00e5r i centrum f\u00f6r den arbetarhistoriska forskningen av idag: Arbetarhistoria under diskussion, Den internationella arbetarr\u00f6relsen, Arbete, normer och v\u00e4rderingar, Etnicitet, klass och identitet samt P\u00e5 [&hellip;]<\/p>\n","protected":false},"featured_media":1879,"template":"","meta":{"_acf_changed":false,"_relevanssi_hide_post":"","_relevanssi_hide_content":"","_relevanssi_pin_for_all":"","_relevanssi_pin_keywords":"","_relevanssi_unpin_keywords":"","_relevanssi_related_keywords":"","_relevanssi_related_include_ids":"","_relevanssi_related_exclude_ids":"","_relevanssi_related_no_append":"","_relevanssi_related_not_related":"","_relevanssi_related_posts":"","_relevanssi_noindex_reason":""},"product_brand":[],"product_cat":[73],"product_tag":[],"class_list":{"0":"post-1878","1":"product","2":"type-product","3":"status-publish","4":"has-post-thumbnail","6":"product_cat-skrifter-fran-centrum-for-arbetarhistoria-history-and-archaeology","8":"first","9":"instock","10":"taxable","11":"shipping-taxable","12":"purchasable","13":"product-type-simple"},"acf":[],"_links":{"self":[{"href":"https:\/\/www.bokshop.lu.se\/en\/wp-json\/wp\/v2\/product\/1878","targetHints":{"allow":["GET"]}}],"collection":[{"href":"https:\/\/www.bokshop.lu.se\/en\/wp-json\/wp\/v2\/product"}],"about":[{"href":"https:\/\/www.bokshop.lu.se\/en\/wp-json\/wp\/v2\/types\/product"}],"wp:featuredmedia":[{"embeddable":true,"href":"https:\/\/www.bokshop.lu.se\/en\/wp-json\/wp\/v2\/media\/1879"}],"wp:attachment":[{"href":"https:\/\/www.bokshop.lu.se\/en\/wp-json\/wp\/v2\/media?parent=1878"}],"wp:term":[{"taxonomy":"product_brand","embeddable":true,"href":"https:\/\/www.bokshop.lu.se\/en\/wp-json\/wp\/v2\/product_brand?post=1878"},{"taxonomy":"product_cat","embeddable":true,"href":"https:\/\/www.bokshop.lu.se\/en\/wp-json\/wp\/v2\/product_cat?post=1878"},{"taxonomy":"product_tag","embeddable":true,"href":"https:\/\/www.bokshop.lu.se\/en\/wp-json\/wp\/v2\/product_tag?post=1878"}],"curies":[{"name":"wp","href":"https:\/\/api.w.org\/{rel}","templated":true}]}}