{"id":1850,"date":"2018-03-19T10:59:24","date_gmt":"2014-12-09T13:16:53","guid":{"rendered":"http:\/\/bokshop.lu.se.webbhotell.ldc.lu.se\/shop\/regionauterna-2\/"},"modified":"2023-01-18T11:35:04","modified_gmt":"2023-01-18T10:35:04","slug":"regionauterna","status":"publish","type":"product","link":"https:\/\/www.bokshop.lu.se\/en\/produkt\/regionauterna\/","title":{"rendered":"Regionauterna"},"content":{"rendered":"<p>Vad har h\u00e4nt sedan \u00d6resundsbron invigdes sommaren 2000? Vilka dr\u00f6mmar har slagit in, vilka visioner visade sig orealistiska? Inf\u00f6r bro\u00f6ppningen var ot\u00e5ligheten stor \u2013 \u00e4ntligen skulle Sj\u00e4lland och Sydsverige f\u00f6renas i en transnationell region. H\u00e4r ser danska och svenska forskare tillbaka p\u00e5 de f\u00f6rsta tio \u00e5ren. Vi f\u00e5r f\u00f6lja hur m\u00e4nniskors vardag p\u00e5verkats av brobygget och se f\u00f6r vem regionen \u00e4r intressant eller ointressant. Vi f\u00e5r m\u00f6ta regionauterna \u2013 de som snabbt l\u00e4r sig navigera i och anv\u00e4nda sig av den nya regionen. Inte minst kan vi l\u00e4ra oss n\u00e5got om det sv\u00e5ra i att f\u00f6rutsp\u00e5 en framtida utveckling. Brons tio\u00e5riga historia rymmer m\u00e5nga \u00f6verraskningar.<\/p>\n","protected":false},"excerpt":{"rendered":"<p>Vad har h\u00e4nt sedan \u00d6resundsbron invigdes sommaren 2000? Vilka dr\u00f6mmar har slagit in, vilka visioner visade sig orealistiska? Inf\u00f6r bro\u00f6ppningen var ot\u00e5ligheten stor \u2013 \u00e4ntligen skulle Sj\u00e4lland och Sydsverige f\u00f6renas i en transnationell region. H\u00e4r ser danska och svenska forskare tillbaka p\u00e5 de f\u00f6rsta tio \u00e5ren. Vi f\u00e5r f\u00f6lja hur m\u00e4nniskors vardag p\u00e5verkats av brobygget [&hellip;]<\/p>\n","protected":false},"featured_media":1851,"template":"","meta":{"_acf_changed":false,"_relevanssi_hide_post":"","_relevanssi_hide_content":"","_relevanssi_pin_for_all":"","_relevanssi_pin_keywords":"","_relevanssi_unpin_keywords":"","_relevanssi_related_keywords":"","_relevanssi_related_include_ids":"","_relevanssi_related_exclude_ids":"","_relevanssi_related_no_append":"","_relevanssi_related_not_related":"","_relevanssi_related_posts":"","_relevanssi_noindex_reason":""},"product_brand":[],"product_cat":[68],"product_tag":[],"class_list":{"0":"post-1850","1":"product","2":"type-product","3":"status-publish","4":"has-post-thumbnail","6":"product_cat-centrum-for-oresundsstudier-tidigare-centrum-for-danmarksstudier-history-and-archaeology","8":"first","9":"outofstock","10":"taxable","11":"shipping-taxable","12":"purchasable","13":"product-type-simple"},"acf":[],"_links":{"self":[{"href":"https:\/\/www.bokshop.lu.se\/en\/wp-json\/wp\/v2\/product\/1850","targetHints":{"allow":["GET"]}}],"collection":[{"href":"https:\/\/www.bokshop.lu.se\/en\/wp-json\/wp\/v2\/product"}],"about":[{"href":"https:\/\/www.bokshop.lu.se\/en\/wp-json\/wp\/v2\/types\/product"}],"wp:featuredmedia":[{"embeddable":true,"href":"https:\/\/www.bokshop.lu.se\/en\/wp-json\/wp\/v2\/media\/1851"}],"wp:attachment":[{"href":"https:\/\/www.bokshop.lu.se\/en\/wp-json\/wp\/v2\/media?parent=1850"}],"wp:term":[{"taxonomy":"product_brand","embeddable":true,"href":"https:\/\/www.bokshop.lu.se\/en\/wp-json\/wp\/v2\/product_brand?post=1850"},{"taxonomy":"product_cat","embeddable":true,"href":"https:\/\/www.bokshop.lu.se\/en\/wp-json\/wp\/v2\/product_cat?post=1850"},{"taxonomy":"product_tag","embeddable":true,"href":"https:\/\/www.bokshop.lu.se\/en\/wp-json\/wp\/v2\/product_tag?post=1850"}],"curies":[{"name":"wp","href":"https:\/\/api.w.org\/{rel}","templated":true}]}}