{"id":1824,"date":"2014-12-09T14:17:03","date_gmt":"2014-12-09T13:17:03","guid":{"rendered":"http:\/\/bokshop.lu.se.webbhotell.ldc.lu.se\/product\/konflikt-och-samforstand-2"},"modified":"2015-12-03T15:11:50","modified_gmt":"2015-12-03T14:11:50","slug":"konflikt-och-samforstand","status":"publish","type":"product","link":"https:\/\/www.bokshop.lu.se\/en\/produkt\/konflikt-och-samforstand\/","title":{"rendered":"Konflikt och samf\u00f6rst\u00e5nd"},"content":{"rendered":"<p><i> Konflikt och samf\u00f6rst\u00e5nd. Texter fr\u00e5n arbetarhistorikerm\u00f6tet i Landskrona i maj 2009<\/i> \u00e4r en antologi med uppsatser skrivna av forskare med arbetshistoriska utg\u00e5ngspunkter. Sammantaget ger uppsatserna en bild av det arbetarhistoriska forskningsf\u00e4ltet i dag, d\u00e4r allt fr\u00e5n politik och facklig organisering till arbete och manligt och kvinnligt f\u00e5r plats. l denna<br \/>\nbok kan man till exempel l\u00e4sa om ungsocialisternas anv\u00e4ndande av dj\u00e4vulen i sitt politiska spr\u00e5k, om gr\u00f6nl\u00e4ndska kolgruvearbetares f\u00f6rsta trevande fackliga organisationsf\u00f6rs\u00f6k och intressemots\u00e4ttningar mellan centralt och lokalt samt m\u00e4n och kvinnor i Tobaksindustriarbetaref\u00f6rbundet under 1920-talets kris. Uppsatserna i antologin \u00e4r skrivna av deltagare i den konferens som Centrum f\u00f6r Arbetarhistoria arrangerade i maj 2009.<\/p>\n<p>Centrum f\u00f6r Arbetarhistoria grundades 1998 och \u00e4r ett samarbete mellan Lunds universitet, Landskrona stad, Arbetarr\u00f6relsens Arkiv. i Landskrona och den ideella f\u00f6reningen Centrum f\u00f6r Arbetarhistoria. Inom Centrum f\u00f6r Arbetarhistoria bedrivs forskning, undervisning och utst\u00e4llningsverksamhet i syfte att samla, sprida och utveckla kunskapen om arbetets och arbetarnas historia.<\/p>\n","protected":false},"excerpt":{"rendered":"<p>Konflikt och samf\u00f6rst\u00e5nd. Texter fr\u00e5n arbetarhistorikerm\u00f6tet i Landskrona i maj 2009 \u00e4r en antologi med uppsatser skrivna av forskare med arbetshistoriska utg\u00e5ngspunkter. Sammantaget ger uppsatserna en bild av det arbetarhistoriska forskningsf\u00e4ltet i dag, d\u00e4r allt fr\u00e5n politik och facklig organisering till arbete och manligt och kvinnligt f\u00e5r plats. l denna bok kan man till exempel [&hellip;]<\/p>\n","protected":false},"featured_media":1825,"template":"","meta":{"_acf_changed":false,"_relevanssi_hide_post":"","_relevanssi_hide_content":"","_relevanssi_pin_for_all":"","_relevanssi_pin_keywords":"","_relevanssi_unpin_keywords":"","_relevanssi_related_keywords":"","_relevanssi_related_include_ids":"","_relevanssi_related_exclude_ids":"","_relevanssi_related_no_append":"","_relevanssi_related_not_related":"","_relevanssi_related_posts":"","_relevanssi_noindex_reason":""},"product_brand":[],"product_cat":[73],"product_tag":[],"class_list":{"0":"post-1824","1":"product","2":"type-product","3":"status-publish","4":"has-post-thumbnail","6":"product_cat-skrifter-fran-centrum-for-arbetarhistoria-history-and-archaeology","8":"first","9":"instock","10":"taxable","11":"shipping-taxable","12":"purchasable","13":"product-type-simple"},"acf":[],"_links":{"self":[{"href":"https:\/\/www.bokshop.lu.se\/en\/wp-json\/wp\/v2\/product\/1824","targetHints":{"allow":["GET"]}}],"collection":[{"href":"https:\/\/www.bokshop.lu.se\/en\/wp-json\/wp\/v2\/product"}],"about":[{"href":"https:\/\/www.bokshop.lu.se\/en\/wp-json\/wp\/v2\/types\/product"}],"wp:featuredmedia":[{"embeddable":true,"href":"https:\/\/www.bokshop.lu.se\/en\/wp-json\/wp\/v2\/media\/1825"}],"wp:attachment":[{"href":"https:\/\/www.bokshop.lu.se\/en\/wp-json\/wp\/v2\/media?parent=1824"}],"wp:term":[{"taxonomy":"product_brand","embeddable":true,"href":"https:\/\/www.bokshop.lu.se\/en\/wp-json\/wp\/v2\/product_brand?post=1824"},{"taxonomy":"product_cat","embeddable":true,"href":"https:\/\/www.bokshop.lu.se\/en\/wp-json\/wp\/v2\/product_cat?post=1824"},{"taxonomy":"product_tag","embeddable":true,"href":"https:\/\/www.bokshop.lu.se\/en\/wp-json\/wp\/v2\/product_tag?post=1824"}],"curies":[{"name":"wp","href":"https:\/\/api.w.org\/{rel}","templated":true}]}}