{"id":1784,"date":"2018-03-19T11:00:11","date_gmt":"2014-12-09T13:17:17","guid":{"rendered":"http:\/\/bokshop.lu.se.webbhotell.ldc.lu.se\/product\/tankarens-mangfald-2"},"modified":"2023-01-18T11:36:35","modified_gmt":"2023-01-18T10:36:35","slug":"tankarens-mangfald","status":"publish","type":"product","link":"https:\/\/www.bokshop.lu.se\/en\/produkt\/tankarens-mangfald\/","title":{"rendered":"T\u00e4nkarens m\u00e5ngfald"},"content":{"rendered":"<p>F\u00f6r 150 \u00e5r sedan dog S\u00f8ren Kierkegaard, men hans filosofi och f\u00f6rfattarskap \u00e4r fortfarande synnerligen levande. I Sverige har hans allm\u00e4nkulturella betydelse varit stor genom alla \u00e5r, men hans fackfilosofiska inflytande har varit begr\u00e4nsat, och diskussionerna kring Kierkegaards teologiska roll tystnade kring mitten av f\u00f6rra seklet. Medan det sedan l\u00e4nge finns en mycket aktiv forskningstradition i \u00e4mnet i Danmark, har Kierkegaardstudiet i Sverige, med n\u00e5gra f\u00e5 undantag, legat i tr\u00e4da. Denna volym vill markera startskottet f\u00f6r en gemensam skandinavisk diskussion om Kierkegaards arbete.<br \/>\nI &lt;i&gt;T\u00e4nkarens m\u00e5ngfald&lt;\/i&gt; erbjuds l\u00e4saren en hastig orientering i den samtida skandinaviska Kierkegaardforskningen. Bidragen behandlar Kierkegaards f\u00f6rh\u00e5llande till d\u00f6den, hans syn p\u00e5 kommunikation, p\u00e5 synd, p\u00e5 den estetiska upplevelsen och p\u00e5 individen. Kierkegaard och Werder, Kierkegaard och Sokrates, och Kierkegaard som profet \u00e4r andra teman.<br \/>\nUt\u00f6ver uppsatserna \u00e5terges en text av Kierkegaard sj\u00e4lv, n\u00e4rmare best\u00e4mt f\u00f6rsta delen ur hans allra f\u00f6rsta Journal, AA fr\u00e5n 1835\u20131837. Utdraget inneh\u00e5ller de ber\u00f6mda passagerna fr\u00e5n Kierkegaards vistelse i Gilleleje, vilka ofta hyllas som vittnesm\u00e5l om Kierkegaards religi\u00f6sa omv\u00e4ndelse eller som inledningen till hans existentiella t\u00e4nkande. H\u00e4r \u00e5terfinns ocks\u00e5 det stycke d\u00e4r Kierkegaard redog\u00f6r f\u00f6r sin tur \u00f6ver \u00d6resund, n\u00e4rmare best\u00e4mt till Krapperups slott vid foten av Kullaberg, en vistelse som \u00e4gde rum den 27\u201328 juli 1835. Det f\u00e5r st\u00e5 som symbol f\u00f6r f\u00f6rhoppningarna om fortsatt forskningssamarbete \u00f6ver gr\u00e4nserna, och om en vital vetenskaplig och intellektuell diskussion p\u00e5 svensk mark kring Kierkegaards t\u00e4nkande.<\/p>\n","protected":false},"excerpt":{"rendered":"<p>F\u00f6r 150 \u00e5r sedan dog S\u00f8ren Kierkegaard, men hans filosofi och f\u00f6rfattarskap \u00e4r fortfarande synnerligen levande. I Sverige har hans allm\u00e4nkulturella betydelse varit stor genom alla \u00e5r, men hans fackfilosofiska inflytande har varit begr\u00e4nsat, och diskussionerna kring Kierkegaards teologiska roll tystnade kring mitten av f\u00f6rra seklet. Medan det sedan l\u00e4nge finns en mycket aktiv forskningstradition [&hellip;]<\/p>\n","protected":false},"featured_media":1785,"template":"","meta":{"_acf_changed":false,"_relevanssi_hide_post":"","_relevanssi_hide_content":"","_relevanssi_pin_for_all":"","_relevanssi_pin_keywords":"","_relevanssi_unpin_keywords":"","_relevanssi_related_keywords":"","_relevanssi_related_include_ids":"","_relevanssi_related_exclude_ids":"","_relevanssi_related_no_append":"","_relevanssi_related_not_related":"","_relevanssi_related_posts":"","_relevanssi_noindex_reason":""},"product_brand":[],"product_cat":[68],"product_tag":[],"class_list":{"0":"post-1784","1":"product","2":"type-product","3":"status-publish","4":"has-post-thumbnail","6":"product_cat-centrum-for-oresundsstudier-tidigare-centrum-for-danmarksstudier-history-and-archaeology","8":"first","9":"outofstock","10":"taxable","11":"shipping-taxable","12":"purchasable","13":"product-type-simple"},"acf":[],"_links":{"self":[{"href":"https:\/\/www.bokshop.lu.se\/en\/wp-json\/wp\/v2\/product\/1784","targetHints":{"allow":["GET"]}}],"collection":[{"href":"https:\/\/www.bokshop.lu.se\/en\/wp-json\/wp\/v2\/product"}],"about":[{"href":"https:\/\/www.bokshop.lu.se\/en\/wp-json\/wp\/v2\/types\/product"}],"wp:featuredmedia":[{"embeddable":true,"href":"https:\/\/www.bokshop.lu.se\/en\/wp-json\/wp\/v2\/media\/1785"}],"wp:attachment":[{"href":"https:\/\/www.bokshop.lu.se\/en\/wp-json\/wp\/v2\/media?parent=1784"}],"wp:term":[{"taxonomy":"product_brand","embeddable":true,"href":"https:\/\/www.bokshop.lu.se\/en\/wp-json\/wp\/v2\/product_brand?post=1784"},{"taxonomy":"product_cat","embeddable":true,"href":"https:\/\/www.bokshop.lu.se\/en\/wp-json\/wp\/v2\/product_cat?post=1784"},{"taxonomy":"product_tag","embeddable":true,"href":"https:\/\/www.bokshop.lu.se\/en\/wp-json\/wp\/v2\/product_tag?post=1784"}],"curies":[{"name":"wp","href":"https:\/\/api.w.org\/{rel}","templated":true}]}}