{"id":1780,"date":"2018-03-19T11:00:16","date_gmt":"2014-12-09T13:17:18","guid":{"rendered":"http:\/\/bokshop.lu.se.webbhotell.ldc.lu.se\/product\/oresund-barriar-eller-bro-2"},"modified":"2023-01-18T11:36:57","modified_gmt":"2023-01-18T10:36:57","slug":"oresund-barriar-eller-bro","status":"publish","type":"product","link":"https:\/\/www.bokshop.lu.se\/en\/produkt\/oresund-barriar-eller-bro\/","title":{"rendered":"\u00d6resund &#8211; barri\u00e4r eller bro?"},"content":{"rendered":"<p>I Danmark och Sverige finns olika forskningstraditioner, olika lagstiftning och olika kulturminnesf\u00f6rvaltning. D\u00e4rf\u00f6r har man inte tidigare j\u00e4mf\u00f6rt hur livet i samh\u00e4llena kring \u00d6resund s\u00e5g ut under j\u00e4rn\u00e5ldern. I denna bok unders\u00f6ker nu danska och svenska arkeologer med Sk\u00e5ne och Sj\u00e4lland som specialitet hur kontakterna s\u00e5g ut \u2013 fungerade \u00d6resund under \u00e4ldre tider mest som en bro, som kn\u00f6t samman m\u00e4nniskor och samh\u00e4llen p\u00e5 \u00f6mse sidor vattnet, eller finns det perioder d\u00e5 Sundet ist\u00e4llet var en barri\u00e4r, med minskade kulturella kontakter och utbyten som f\u00f6ljd?<\/p>\n","protected":false},"excerpt":{"rendered":"<p>I Danmark och Sverige finns olika forskningstraditioner, olika lagstiftning och olika kulturminnesf\u00f6rvaltning. D\u00e4rf\u00f6r har man inte tidigare j\u00e4mf\u00f6rt hur livet i samh\u00e4llena kring \u00d6resund s\u00e5g ut under j\u00e4rn\u00e5ldern. I denna bok unders\u00f6ker nu danska och svenska arkeologer med Sk\u00e5ne och Sj\u00e4lland som specialitet hur kontakterna s\u00e5g ut \u2013 fungerade \u00d6resund under \u00e4ldre tider mest som [&hellip;]<\/p>\n","protected":false},"featured_media":1781,"template":"","meta":{"_acf_changed":false,"_relevanssi_hide_post":"","_relevanssi_hide_content":"","_relevanssi_pin_for_all":"","_relevanssi_pin_keywords":"","_relevanssi_unpin_keywords":"","_relevanssi_related_keywords":"","_relevanssi_related_include_ids":"","_relevanssi_related_exclude_ids":"","_relevanssi_related_no_append":"","_relevanssi_related_not_related":"","_relevanssi_related_posts":"","_relevanssi_noindex_reason":""},"product_brand":[],"product_cat":[68],"product_tag":[],"class_list":{"0":"post-1780","1":"product","2":"type-product","3":"status-publish","4":"has-post-thumbnail","6":"product_cat-centrum-for-oresundsstudier-tidigare-centrum-for-danmarksstudier-history-and-archaeology","8":"first","9":"outofstock","10":"taxable","11":"shipping-taxable","12":"purchasable","13":"product-type-simple"},"acf":[],"_links":{"self":[{"href":"https:\/\/www.bokshop.lu.se\/en\/wp-json\/wp\/v2\/product\/1780","targetHints":{"allow":["GET"]}}],"collection":[{"href":"https:\/\/www.bokshop.lu.se\/en\/wp-json\/wp\/v2\/product"}],"about":[{"href":"https:\/\/www.bokshop.lu.se\/en\/wp-json\/wp\/v2\/types\/product"}],"wp:featuredmedia":[{"embeddable":true,"href":"https:\/\/www.bokshop.lu.se\/en\/wp-json\/wp\/v2\/media\/1781"}],"wp:attachment":[{"href":"https:\/\/www.bokshop.lu.se\/en\/wp-json\/wp\/v2\/media?parent=1780"}],"wp:term":[{"taxonomy":"product_brand","embeddable":true,"href":"https:\/\/www.bokshop.lu.se\/en\/wp-json\/wp\/v2\/product_brand?post=1780"},{"taxonomy":"product_cat","embeddable":true,"href":"https:\/\/www.bokshop.lu.se\/en\/wp-json\/wp\/v2\/product_cat?post=1780"},{"taxonomy":"product_tag","embeddable":true,"href":"https:\/\/www.bokshop.lu.se\/en\/wp-json\/wp\/v2\/product_tag?post=1780"}],"curies":[{"name":"wp","href":"https:\/\/api.w.org\/{rel}","templated":true}]}}