{"id":1778,"date":"2018-03-19T10:26:52","date_gmt":"2014-12-09T13:17:18","guid":{"rendered":"http:\/\/bokshop.lu.se.webbhotell.ldc.lu.se\/product\/migration-och-tillhorighet-2"},"modified":"2023-01-18T11:30:54","modified_gmt":"2023-01-18T10:30:54","slug":"migration-och-tillhorighet","status":"publish","type":"product","link":"https:\/\/www.bokshop.lu.se\/en\/produkt\/migration-och-tillhorighet\/","title":{"rendered":"Migration och tillh\u00f6righet"},"content":{"rendered":"<p>Invandring b\u00f6rjar alltid med utvandring. Migranter l\u00e4mnar inte utan vidare sina heml\u00e4nder och blir ett med invandringsl\u00e4nderna. I st\u00e4llet \u00e4ger deras liv rum i sp\u00e4nningsf\u00e4ltet mellan ut- och invandringsl\u00e4nderna, och d\u00e4rigenom utmanar de fr\u00e5gan om tillh\u00f6righet.<br \/>\nForskarna i denna bok \u2013 etnologer, sociologer, pedagoger, socialantropologer, historiker, ekonomhistoriker och religionsvetare fr\u00e5n Danmark, Norge och Sverige \u2013 presenterar en rad aktuella teoretiska och analytiska ing\u00e5ngar till studiet av migration. Som tv\u00e5 centrala aspekter av migration utforskar artiklarna bland annat hur migranters ofta m\u00e5ngtydiga tillh\u00f6righet produceras och tar form, samt hur invandringsl\u00e4nderna hanterar den \u00f6kade samh\u00e4lleliga komplexitet som h\u00e4nger samman med migration. F\u00f6rfattarna s\u00e4tter med olika begrepp fokus p\u00e5 produktion av och villkor f\u00f6r inklusion och exklusion. Genom sina olika teoretiska infallsvinklar bryter bokens f\u00f6rfattare med den ofta dominerande uppm\u00e4rksamheten p\u00e5 invandrarnas p\u00e5st\u00e5dda brister, och s\u00e4tter i dess st\u00e4lle en forskning som unders\u00f6ker relationerna mellan migration och tillh\u00f6righet som komplexa processer. Samtidigt pr\u00f6vas forskningens m\u00f6jligheter att omsp\u00e4nna just dessa komplexiteter.<br \/>\nArtiklarna \u00e4r huvudsakligen baserade p\u00e5 kvalitativa studier inom utbildning, arbetsmarknadsrelationer, den politisk-administrativa organiseringen av integrationsf\u00e4ltet och unga sekul\u00e4ra muslimers omv\u00e4rldsf\u00f6rst\u00e5else i Skandinavien. S\u00e5ledes tecknar boken ocks\u00e5 konturerna av forskningsf\u00e4ltets empiriska bredd och komplexitet.<\/p>\n","protected":false},"excerpt":{"rendered":"<p>Invandring b\u00f6rjar alltid med utvandring. Migranter l\u00e4mnar inte utan vidare sina heml\u00e4nder och blir ett med invandringsl\u00e4nderna. I st\u00e4llet \u00e4ger deras liv rum i sp\u00e4nningsf\u00e4ltet mellan ut- och invandringsl\u00e4nderna, och d\u00e4rigenom utmanar de fr\u00e5gan om tillh\u00f6righet. Forskarna i denna bok \u2013 etnologer, sociologer, pedagoger, socialantropologer, historiker, ekonomhistoriker och religionsvetare fr\u00e5n Danmark, Norge och Sverige \u2013 [&hellip;]<\/p>\n","protected":false},"featured_media":1779,"template":"","meta":{"_acf_changed":false,"_relevanssi_hide_post":"","_relevanssi_hide_content":"","_relevanssi_pin_for_all":"","_relevanssi_pin_keywords":"","_relevanssi_unpin_keywords":"","_relevanssi_related_keywords":"","_relevanssi_related_include_ids":"","_relevanssi_related_exclude_ids":"","_relevanssi_related_no_append":"","_relevanssi_related_not_related":"","_relevanssi_related_posts":"","_relevanssi_noindex_reason":""},"product_brand":[],"product_cat":[68],"product_tag":[],"class_list":{"0":"post-1778","1":"product","2":"type-product","3":"status-publish","4":"has-post-thumbnail","6":"product_cat-centrum-for-oresundsstudier-tidigare-centrum-for-danmarksstudier-history-and-archaeology","8":"first","9":"outofstock","10":"taxable","11":"shipping-taxable","12":"purchasable","13":"product-type-simple"},"acf":[],"_links":{"self":[{"href":"https:\/\/www.bokshop.lu.se\/en\/wp-json\/wp\/v2\/product\/1778","targetHints":{"allow":["GET"]}}],"collection":[{"href":"https:\/\/www.bokshop.lu.se\/en\/wp-json\/wp\/v2\/product"}],"about":[{"href":"https:\/\/www.bokshop.lu.se\/en\/wp-json\/wp\/v2\/types\/product"}],"wp:featuredmedia":[{"embeddable":true,"href":"https:\/\/www.bokshop.lu.se\/en\/wp-json\/wp\/v2\/media\/1779"}],"wp:attachment":[{"href":"https:\/\/www.bokshop.lu.se\/en\/wp-json\/wp\/v2\/media?parent=1778"}],"wp:term":[{"taxonomy":"product_brand","embeddable":true,"href":"https:\/\/www.bokshop.lu.se\/en\/wp-json\/wp\/v2\/product_brand?post=1778"},{"taxonomy":"product_cat","embeddable":true,"href":"https:\/\/www.bokshop.lu.se\/en\/wp-json\/wp\/v2\/product_cat?post=1778"},{"taxonomy":"product_tag","embeddable":true,"href":"https:\/\/www.bokshop.lu.se\/en\/wp-json\/wp\/v2\/product_tag?post=1778"}],"curies":[{"name":"wp","href":"https:\/\/api.w.org\/{rel}","templated":true}]}}