{"id":1776,"date":"2018-03-19T11:00:21","date_gmt":"2014-12-09T13:17:19","guid":{"rendered":"http:\/\/bokshop.lu.se.webbhotell.ldc.lu.se\/product\/ett-mote-2"},"modified":"2023-01-18T11:37:20","modified_gmt":"2023-01-18T10:37:20","slug":"ett-mote","status":"publish","type":"product","link":"https:\/\/www.bokshop.lu.se\/en\/produkt\/ett-mote\/","title":{"rendered":"Ett m\u00f6te"},"content":{"rendered":"<p>Det dr\u00f6jde innan huvudpersonerna inom svensk och dansk litter\u00e4r romantik fick upp \u00f6gonen f\u00f6r varandra. Visserligen sneglade man under 1800-talets f\u00f6rsta \u00e5rtionden \u00e5t f\u00f6rehavandena i grannlandet, men den direkta kontakten mellan danska och svenska romantiska f\u00f6rfattare och kritiker var sporadisk och utv\u00e4xlingen av skrifter l\u00e5ngsam. Viljan fanns dock, inte bara att uppt\u00e4cka men ocks\u00e5 att b\u00e5de inspireras av och speglas i varandras litteratur och opinion.<\/p>\n<p>Viktiga milstolpar i det l\u00e5ngsamma n\u00e4rmandet \u00e4r Geijers och Atterboms bes\u00f6k i K\u00f6penhamn och Sor\u00f6 1825 och Tegn\u00e9rs hyllning av Oehlenschl\u00e4ger i Lund 1829.<br \/>\nMed denna antologi f\u00e5r dansk och svensk romantik m\u00f6tas p\u00e5 nytt. Tretton forskare bidrar h\u00e4r till en dialog mellan romantikens texter i Danmark och Sverige och mellan de olika traditionsbildningarna inom l\u00e4nderna. Artiklarna presenterar nya tolkningar ur ett skandinaviskt och europeiskt perspektiv, utmanar traditionell litteraturhistorieskrivning, unders\u00f6ker olika m\u00f6ten mellan Danmark och Sverige och \u00e5stadkommer nya konfrontationer mellan f\u00f6rfattarskapen.<br \/>\nSammantaget g\u00f6r de oss lite klokare p\u00e5 den litter\u00e4ra romantiken i v\u00e5ra respektive grannl\u00e4nder och det vi trodde att vi visste om v\u00e5ra egna romantiker.<\/p>\n","protected":false},"excerpt":{"rendered":"<p>Det dr\u00f6jde innan huvudpersonerna inom svensk och dansk litter\u00e4r romantik fick upp \u00f6gonen f\u00f6r varandra. Visserligen sneglade man under 1800-talets f\u00f6rsta \u00e5rtionden \u00e5t f\u00f6rehavandena i grannlandet, men den direkta kontakten mellan danska och svenska romantiska f\u00f6rfattare och kritiker var sporadisk och utv\u00e4xlingen av skrifter l\u00e5ngsam. Viljan fanns dock, inte bara att uppt\u00e4cka men ocks\u00e5 att [&hellip;]<\/p>\n","protected":false},"featured_media":1777,"template":"","meta":{"_acf_changed":false,"_relevanssi_hide_post":"","_relevanssi_hide_content":"","_relevanssi_pin_for_all":"","_relevanssi_pin_keywords":"","_relevanssi_unpin_keywords":"","_relevanssi_related_keywords":"","_relevanssi_related_include_ids":"","_relevanssi_related_exclude_ids":"","_relevanssi_related_no_append":"","_relevanssi_related_not_related":"","_relevanssi_related_posts":"","_relevanssi_noindex_reason":""},"product_brand":[],"product_cat":[68],"product_tag":[],"class_list":{"0":"post-1776","1":"product","2":"type-product","3":"status-publish","4":"has-post-thumbnail","6":"product_cat-centrum-for-oresundsstudier-tidigare-centrum-for-danmarksstudier-history-and-archaeology","8":"first","9":"outofstock","10":"taxable","11":"shipping-taxable","12":"purchasable","13":"product-type-simple"},"acf":[],"_links":{"self":[{"href":"https:\/\/www.bokshop.lu.se\/en\/wp-json\/wp\/v2\/product\/1776","targetHints":{"allow":["GET"]}}],"collection":[{"href":"https:\/\/www.bokshop.lu.se\/en\/wp-json\/wp\/v2\/product"}],"about":[{"href":"https:\/\/www.bokshop.lu.se\/en\/wp-json\/wp\/v2\/types\/product"}],"wp:featuredmedia":[{"embeddable":true,"href":"https:\/\/www.bokshop.lu.se\/en\/wp-json\/wp\/v2\/media\/1777"}],"wp:attachment":[{"href":"https:\/\/www.bokshop.lu.se\/en\/wp-json\/wp\/v2\/media?parent=1776"}],"wp:term":[{"taxonomy":"product_brand","embeddable":true,"href":"https:\/\/www.bokshop.lu.se\/en\/wp-json\/wp\/v2\/product_brand?post=1776"},{"taxonomy":"product_cat","embeddable":true,"href":"https:\/\/www.bokshop.lu.se\/en\/wp-json\/wp\/v2\/product_cat?post=1776"},{"taxonomy":"product_tag","embeddable":true,"href":"https:\/\/www.bokshop.lu.se\/en\/wp-json\/wp\/v2\/product_tag?post=1776"}],"curies":[{"name":"wp","href":"https:\/\/api.w.org\/{rel}","templated":true}]}}