{"id":1772,"date":"2018-03-19T10:26:57","date_gmt":"2014-12-09T13:17:20","guid":{"rendered":"http:\/\/bokshop.lu.se.webbhotell.ldc.lu.se\/product\/lyksalighedens-oer-2"},"modified":"2023-01-18T11:31:13","modified_gmt":"2023-01-18T10:31:13","slug":"lyksalighedens-oer","status":"publish","type":"product","link":"https:\/\/www.bokshop.lu.se\/en\/produkt\/lyksalighedens-oer\/","title":{"rendered":"Lyksalighedens \u00f8er"},"content":{"rendered":"<p>Romantiske lyksaligheds\u00f8er er tekster, der s\u00e6tter poesien som en central del af forestillingen om et lyksaligt refugium, et l\u00e6ngslernes m\u00e5l, en himmel \u2013 og der er p\u00e5faldende mange af den slags \u2022\u009d\u00f8er\u2022\u009d i dansk og svensk romantik, fra 1810\u2022\u2122erne og frem til midten af \u00e5rhundredet. Med disse som omdrejningspunkt f\u00f8lger Lyksalighedens \u00f8er udviklingen i og udvekslingen mellem svensk og dansk romantik samt indleder en kritisk diskussion af litteraturhistorieskrivningen i de to lande, herunder ikke mindst sp\u00f8rgsm\u00e5let om, hvorfor de har etableret s\u00e5 forskellige begreber for det, der kommer efter romantikken.<br \/>\nI fokus st\u00e5r udvalgte v\u00e6rker af fem centrale skikkelser i perioden, C.J.L. Almqvist, P.D.A. Atterbom, B.S. Ingemann, J.L. Heiberg og H.C. Andersen, der netop bruger myten om lyksalighedens \u00f8 til at udforske, hvordan poesien formidler mellem det reelle og idealet, jord og himmel. Disse tekster skaber rum for m\u00f8der og konfrontationer mellem poesi, religion, filosofi, erotik og k\u00e6rlighed. P\u00e5 hver deres m\u00e5de reflekterer de over romantikkens egen selvforst\u00e5else og s\u00e6tter den p\u00e5 pr\u00f8ve, samtidig som de stiller sig som svar p\u00e5 fornyede krav om virkelighed og sandhed i poesien samt en stigende politisering af litteratur og kritik.<\/p>\n","protected":false},"excerpt":{"rendered":"<p>Romantiske lyksaligheds\u00f8er er tekster, der s\u00e6tter poesien som en central del af forestillingen om et lyksaligt refugium, et l\u00e6ngslernes m\u00e5l, en himmel \u2013 og der er p\u00e5faldende mange af den slags \u2022\u009d\u00f8er\u2022\u009d i dansk og svensk romantik, fra 1810\u2022\u2122erne og frem til midten af \u00e5rhundredet. Med disse som omdrejningspunkt f\u00f8lger Lyksalighedens \u00f8er udviklingen i og [&hellip;]<\/p>\n","protected":false},"featured_media":1773,"template":"","meta":{"_acf_changed":false,"_relevanssi_hide_post":"","_relevanssi_hide_content":"","_relevanssi_pin_for_all":"","_relevanssi_pin_keywords":"","_relevanssi_unpin_keywords":"","_relevanssi_related_keywords":"","_relevanssi_related_include_ids":"","_relevanssi_related_exclude_ids":"","_relevanssi_related_no_append":"","_relevanssi_related_not_related":"","_relevanssi_related_posts":"","_relevanssi_noindex_reason":""},"product_brand":[],"product_cat":[68],"product_tag":[],"class_list":{"0":"post-1772","1":"product","2":"type-product","3":"status-publish","4":"has-post-thumbnail","6":"product_cat-centrum-for-oresundsstudier-tidigare-centrum-for-danmarksstudier-history-and-archaeology","8":"first","9":"outofstock","10":"taxable","11":"shipping-taxable","12":"purchasable","13":"product-type-simple"},"acf":[],"_links":{"self":[{"href":"https:\/\/www.bokshop.lu.se\/en\/wp-json\/wp\/v2\/product\/1772","targetHints":{"allow":["GET"]}}],"collection":[{"href":"https:\/\/www.bokshop.lu.se\/en\/wp-json\/wp\/v2\/product"}],"about":[{"href":"https:\/\/www.bokshop.lu.se\/en\/wp-json\/wp\/v2\/types\/product"}],"wp:featuredmedia":[{"embeddable":true,"href":"https:\/\/www.bokshop.lu.se\/en\/wp-json\/wp\/v2\/media\/1773"}],"wp:attachment":[{"href":"https:\/\/www.bokshop.lu.se\/en\/wp-json\/wp\/v2\/media?parent=1772"}],"wp:term":[{"taxonomy":"product_brand","embeddable":true,"href":"https:\/\/www.bokshop.lu.se\/en\/wp-json\/wp\/v2\/product_brand?post=1772"},{"taxonomy":"product_cat","embeddable":true,"href":"https:\/\/www.bokshop.lu.se\/en\/wp-json\/wp\/v2\/product_cat?post=1772"},{"taxonomy":"product_tag","embeddable":true,"href":"https:\/\/www.bokshop.lu.se\/en\/wp-json\/wp\/v2\/product_tag?post=1772"}],"curies":[{"name":"wp","href":"https:\/\/api.w.org\/{rel}","templated":true}]}}