{"id":1752,"date":"2018-03-19T11:00:41","date_gmt":"2014-12-09T13:17:27","guid":{"rendered":"http:\/\/bokshop.lu.se.webbhotell.ldc.lu.se\/product\/stravsamma-bonder-och-sturska-storman-2"},"modified":"2015-12-03T15:20:16","modified_gmt":"2015-12-03T14:20:16","slug":"stravsamma-bonder-och-sturska-storman","status":"publish","type":"product","link":"https:\/\/www.bokshop.lu.se\/en\/produkt\/stravsamma-bonder-och-sturska-storman\/","title":{"rendered":"Str\u00e4vsamma b\u00f6nder och sturska storm\u00e4n"},"content":{"rendered":"<p><span style=\"\" >&Aring;r 1998 genomf&ouml;rdes stora arkeologiska unders&ouml;kningar av Stafsinge fornl&auml;mning 116 utanf&ouml;r Falkenberg i mellersta Halland. Gr&auml;vningarna var en del av f&ouml;rberedelserna f&ouml;r  byggandet av V&auml;stkustbanan och bekostades av Banverket.<br \/>Vid utgr&auml;vningarna p&aring;tr&auml;ffades omfattande och mycket v&auml;lbevarade boplatsl&auml;mningar fr&aring;n brons&aring;lder. Dessutom unders&ouml;ktes delar av en centralplats fr&aring;n j&auml;rn&aring;lder och medeltid.<\/p>\n<p>P&aring;vel Niklasson &auml;r filosofie doktor i arkeologi och var gr&auml;vningsledare vid unders&ouml;kningarna av fornl&auml;mning 116.<\/span><\/p>\n","protected":false},"excerpt":{"rendered":"<p>&Aring;r 1998 genomf&ouml;rdes stora arkeologiska unders&ouml;kningar av Stafsinge fornl&auml;mning 116 utanf&ouml;r Falkenberg i mellersta Halland. Gr&auml;vningarna var en del av f&ouml;rberedelserna f&ouml;r byggandet av V&auml;stkustbanan och bekostades av Banverket.Vid utgr&auml;vningarna p&aring;tr&auml;ffades omfattande och mycket v&auml;lbevarade boplatsl&auml;mningar fr&aring;n brons&aring;lder. Dessutom unders&ouml;ktes delar av en centralplats fr&aring;n j&auml;rn&aring;lder och medeltid. P&aring;vel Niklasson &auml;r filosofie doktor i arkeologi [&hellip;]<\/p>\n","protected":false},"featured_media":1753,"template":"","meta":{"_acf_changed":false,"_relevanssi_hide_post":"","_relevanssi_hide_content":"","_relevanssi_pin_for_all":"","_relevanssi_pin_keywords":"","_relevanssi_unpin_keywords":"","_relevanssi_related_keywords":"","_relevanssi_related_include_ids":"","_relevanssi_related_exclude_ids":"","_relevanssi_related_no_append":"","_relevanssi_related_not_related":"","_relevanssi_related_posts":"","_relevanssi_noindex_reason":""},"product_brand":[],"product_cat":[65],"product_tag":[],"class_list":{"0":"post-1752","1":"product","2":"type-product","3":"status-publish","4":"has-post-thumbnail","6":"product_cat-acta-archaeologica-lundensia-series-altera-in-8","8":"first","9":"instock","10":"taxable","11":"shipping-taxable","12":"purchasable","13":"product-type-simple"},"acf":[],"_links":{"self":[{"href":"https:\/\/www.bokshop.lu.se\/en\/wp-json\/wp\/v2\/product\/1752","targetHints":{"allow":["GET"]}}],"collection":[{"href":"https:\/\/www.bokshop.lu.se\/en\/wp-json\/wp\/v2\/product"}],"about":[{"href":"https:\/\/www.bokshop.lu.se\/en\/wp-json\/wp\/v2\/types\/product"}],"wp:featuredmedia":[{"embeddable":true,"href":"https:\/\/www.bokshop.lu.se\/en\/wp-json\/wp\/v2\/media\/1753"}],"wp:attachment":[{"href":"https:\/\/www.bokshop.lu.se\/en\/wp-json\/wp\/v2\/media?parent=1752"}],"wp:term":[{"taxonomy":"product_brand","embeddable":true,"href":"https:\/\/www.bokshop.lu.se\/en\/wp-json\/wp\/v2\/product_brand?post=1752"},{"taxonomy":"product_cat","embeddable":true,"href":"https:\/\/www.bokshop.lu.se\/en\/wp-json\/wp\/v2\/product_cat?post=1752"},{"taxonomy":"product_tag","embeddable":true,"href":"https:\/\/www.bokshop.lu.se\/en\/wp-json\/wp\/v2\/product_tag?post=1752"}],"curies":[{"name":"wp","href":"https:\/\/api.w.org\/{rel}","templated":true}]}}