{"id":1734,"date":"2018-03-19T10:37:25","date_gmt":"2014-12-09T13:17:33","guid":{"rendered":"http:\/\/bokshop.lu.se.webbhotell.ldc.lu.se\/product\/munkar-och-magnater-vid-vattern-2"},"modified":"2026-01-20T10:37:08","modified_gmt":"2026-01-20T09:37:08","slug":"munkar-och-magnater-vid-vattern","status":"publish","type":"product","link":"https:\/\/www.bokshop.lu.se\/en\/produkt\/munkar-och-magnater-vid-vattern\/","title":{"rendered":"Munkar och magnater vid V\u00e4ttern"},"content":{"rendered":"<p>De rika jordbruksbygderna i den v\u00e4stra delen av \u00d6sterg\u00f6tland var ett centralt omr\u00e5de i den \u00e4ldre medeltidens Sverige. H\u00e4rifr\u00e5n stammade n\u00e5gra av de stormannasl\u00e4kter som dominerade det politiska livet i landet under 1100-och 1200-talen. Vid stormansg\u00e5rdarna uppf\u00f6rdes kyrkor av vilka flera tillh\u00f6r v\u00e5ra finaste exempel p\u00e5 romansk byggnadskultur och som \u00e4n idag s\u00e4tter en s\u00e4regen pr\u00e4gel p\u00e5 landskapet. H\u00e4r grundades under 1100-talet ett av de \u00e4ldsta cistercienserklostren i det medeltida Sverige vars l\u00e4mningar vittnar om rika kontakter med en kontinentaleuropeisk kyrklig kultur.<\/p>\n<p>Denna bok speglar i fyra l\u00e4ngre artiklar detta m\u00e4rkliga skede i \u00d6sterg\u00f6tlands historia med s\u00e4rskilt fokus p\u00e5 bygden kring Alvastra och Omberg. Bokens vetenskapliga perspektiv \u00e4r tv\u00e4rvetenskapligt och f\u00f6rfattarna representerar tre olika discipliner: historisk kulturgeografi, konstvetenskap samt historisk arkeologi. Bokens texter behandlar framv\u00e4xten av ett medeltida stormannadominerat landskap, de m\u00e5nga medeltidskyrkorna och deras relation till cistercienserklostret i Alvastra samt klostrets ekonomiska organisation och kulturella inflytande i landskapet.<\/p>\n<p>Texterna har tillkommit inom ramen f\u00f6r forskningsprojektet \u201dDet medeltida Alvastra\u201d som under 1990-talet och b\u00f6rjan av 2000-talet utforskat det medeltida kulturlandskapet kring cistercienserklostret i Alvastra. Detta \u00e4r projektets avslutande publikation.<\/p>\n<p>Tryck\u00e5r: 2012<br \/>\nMjukband, illustrerad i s\/v, 416 s.<\/p>\n","protected":false},"excerpt":{"rendered":"<p>De rika jordbruksbygderna i den v\u00e4stra delen av \u00d6sterg\u00f6tland var ett centralt omr\u00e5de i den \u00e4ldre medeltidens Sverige. H\u00e4rifr\u00e5n stammade n\u00e5gra av de stormannasl\u00e4kter som dominerade det politiska livet i landet under 1100-och 1200-talen. Vid stormansg\u00e5rdarna uppf\u00f6rdes kyrkor av vilka flera tillh\u00f6r v\u00e5ra finaste exempel p\u00e5 romansk byggnadskultur och som \u00e4n idag s\u00e4tter en s\u00e4regen [&hellip;]<\/p>\n","protected":false},"featured_media":1735,"template":"","meta":{"_acf_changed":false,"_relevanssi_hide_post":"","_relevanssi_hide_content":"","_relevanssi_pin_for_all":"","_relevanssi_pin_keywords":"","_relevanssi_unpin_keywords":"","_relevanssi_related_keywords":"","_relevanssi_related_include_ids":"","_relevanssi_related_exclude_ids":"","_relevanssi_related_no_append":"","_relevanssi_related_not_related":"","_relevanssi_related_posts":"","_relevanssi_noindex_reason":"WooCommerce Relevanssi index exclude"},"product_brand":[],"product_cat":[70],"product_tag":[],"class_list":{"0":"post-1734","1":"product","2":"type-product","3":"status-publish","4":"has-post-thumbnail","6":"product_cat-lund-studies-in-historical-archaeology","8":"first","9":"outofstock","10":"taxable","11":"shipping-taxable","12":"purchasable","13":"product-type-simple"},"acf":[],"_links":{"self":[{"href":"https:\/\/www.bokshop.lu.se\/en\/wp-json\/wp\/v2\/product\/1734","targetHints":{"allow":["GET"]}}],"collection":[{"href":"https:\/\/www.bokshop.lu.se\/en\/wp-json\/wp\/v2\/product"}],"about":[{"href":"https:\/\/www.bokshop.lu.se\/en\/wp-json\/wp\/v2\/types\/product"}],"wp:featuredmedia":[{"embeddable":true,"href":"https:\/\/www.bokshop.lu.se\/en\/wp-json\/wp\/v2\/media\/1735"}],"wp:attachment":[{"href":"https:\/\/www.bokshop.lu.se\/en\/wp-json\/wp\/v2\/media?parent=1734"}],"wp:term":[{"taxonomy":"product_brand","embeddable":true,"href":"https:\/\/www.bokshop.lu.se\/en\/wp-json\/wp\/v2\/product_brand?post=1734"},{"taxonomy":"product_cat","embeddable":true,"href":"https:\/\/www.bokshop.lu.se\/en\/wp-json\/wp\/v2\/product_cat?post=1734"},{"taxonomy":"product_tag","embeddable":true,"href":"https:\/\/www.bokshop.lu.se\/en\/wp-json\/wp\/v2\/product_tag?post=1734"}],"curies":[{"name":"wp","href":"https:\/\/api.w.org\/{rel}","templated":true}]}}