{"id":1730,"date":"2014-12-09T14:17:34","date_gmt":"2014-12-09T13:17:34","guid":{"rendered":"http:\/\/bokshop.lu.se.webbhotell.ldc.lu.se\/product\/handelser-langs-en-vag-2"},"modified":"2025-06-04T12:10:19","modified_gmt":"2025-06-04T10:10:19","slug":"handelser-langs-en-vag","status":"publish","type":"product","link":"https:\/\/www.bokshop.lu.se\/en\/produkt\/handelser-langs-en-vag\/","title":{"rendered":"H\u00e4ndelser l\u00e4ngs en v\u00e4g"},"content":{"rendered":"<p>Det har funnits flera uppfattningar om var Gamla Hovdala har st\u00e5tt. F\u00f6rslag har funnits p\u00e5 att borgen har legat h\u00f6gst uppe p\u00e5 Espeh\u00f6jden eller i Hjorthagen, men ocks\u00e5 att den skulle ha legat just d\u00e4r den hittades av en slump 1955. P\u00e5 platsen f\u00f6r Gamla Hovdala har det nu skett unders\u00f6kningar varje sommar under 12 \u00e5r. Fr\u00e5gorna har hopats och unders\u00f6kningsf\u00e4ltet har vidgats. I st\u00e4llet f\u00f6r att behandla bara en arkeologisk utgr\u00e4vningslokal har arbetet kommit att omfatta Finjasj\u00f6bygden och G\u00f6inges utveckling fr\u00e5n folkvandringstid och fram till 1600-talet och stormaktstiden. Borgen p\u00e5 Espeh\u00f6jden, storg\u00e5rden i Finja, kungasv\u00e5gern som \u00e4gde Farstorp, slaget vid Mj\u00f6lkal\u00e5nga och Gustav II Adolfs musk\u00f6tkulor. En l\u00e5ng historia med en tjock r\u00f6d tr\u00e5d.<\/p>\n","protected":false},"excerpt":{"rendered":"<p>Det har funnits flera uppfattningar om var Gamla Hovdala har st\u00e5tt. F\u00f6rslag har funnits p\u00e5 att borgen har legat h\u00f6gst uppe p\u00e5 Espeh\u00f6jden eller i Hjorthagen, men ocks\u00e5 att den skulle ha legat just d\u00e4r den hittades av en slump 1955. P\u00e5 platsen f\u00f6r Gamla Hovdala har det nu skett unders\u00f6kningar varje sommar under 12 [&hellip;]<\/p>\n","protected":false},"featured_media":1731,"template":"","meta":{"_acf_changed":false,"_relevanssi_hide_post":"","_relevanssi_hide_content":"","_relevanssi_pin_for_all":"","_relevanssi_pin_keywords":"","_relevanssi_unpin_keywords":"","_relevanssi_related_keywords":"","_relevanssi_related_include_ids":"","_relevanssi_related_exclude_ids":"","_relevanssi_related_no_append":"","_relevanssi_related_not_related":"","_relevanssi_related_posts":"","_relevanssi_noindex_reason":"WooCommerce Relevanssi index exclude"},"product_brand":[],"product_cat":[72],"product_tag":[],"class_list":{"0":"post-1730","1":"product","2":"type-product","3":"status-publish","4":"has-post-thumbnail","6":"product_cat-report-series-department-of-archaeology-and-ancient-history","8":"first","9":"outofstock","10":"taxable","11":"shipping-taxable","12":"purchasable","13":"product-type-simple"},"acf":[],"_links":{"self":[{"href":"https:\/\/www.bokshop.lu.se\/en\/wp-json\/wp\/v2\/product\/1730","targetHints":{"allow":["GET"]}}],"collection":[{"href":"https:\/\/www.bokshop.lu.se\/en\/wp-json\/wp\/v2\/product"}],"about":[{"href":"https:\/\/www.bokshop.lu.se\/en\/wp-json\/wp\/v2\/types\/product"}],"wp:featuredmedia":[{"embeddable":true,"href":"https:\/\/www.bokshop.lu.se\/en\/wp-json\/wp\/v2\/media\/1731"}],"wp:attachment":[{"href":"https:\/\/www.bokshop.lu.se\/en\/wp-json\/wp\/v2\/media?parent=1730"}],"wp:term":[{"taxonomy":"product_brand","embeddable":true,"href":"https:\/\/www.bokshop.lu.se\/en\/wp-json\/wp\/v2\/product_brand?post=1730"},{"taxonomy":"product_cat","embeddable":true,"href":"https:\/\/www.bokshop.lu.se\/en\/wp-json\/wp\/v2\/product_cat?post=1730"},{"taxonomy":"product_tag","embeddable":true,"href":"https:\/\/www.bokshop.lu.se\/en\/wp-json\/wp\/v2\/product_tag?post=1730"}],"curies":[{"name":"wp","href":"https:\/\/api.w.org\/{rel}","templated":true}]}}