{"id":12343,"date":"2025-11-24T14:34:01","date_gmt":"2025-11-24T13:34:01","guid":{"rendered":"http:\/\/www.bokshop.lu.se\/?post_type=product&#038;p=12343"},"modified":"2025-11-24T14:34:01","modified_gmt":"2025-11-24T13:34:01","slug":"att-skola-entreprenorer","status":"publish","type":"product","link":"https:\/\/www.bokshop.lu.se\/en\/uncategorized\/att-skola-entreprenorer\/","title":{"rendered":"Att skola entrepren\u00f6rer"},"content":{"rendered":"<p>N\u00e4r Ung F\u00f6retagsamhet etablerade sin sm\u00e5skaliga f\u00f6rs\u00f6ksverksamhet i Sverige 1980 v\u00e4ckte dess entrepren\u00f6riella \u00adutbildningsprogram nyfikenhet. Det blev dock \u00e4ven snabbt f\u00f6rem\u00e5l f\u00f6r kritik och en intensiv debatt kopplad till en \u00adp\u00e5g\u00e5ende ideologisk konflikt i samh\u00e4llet. 2011 skrevs entrepren\u00f6rskap in som ett \u00f6vergripande m\u00e5l i den svenska skolans l\u00e4roplaner. Vid det laget m\u00f6tte utbildningsorganisationens verksamhet inte l\u00e4ngre n\u00e5got betydande motst\u00e5nd och hade blivit integrerad i undervisningen i m\u00e5nga av landets skolor. Hur har denna omvandling av skolan och samh\u00e4llet g\u00e5tt till?<br \/>\nMed hj\u00e4lp av kunskaps-, utbildnings- och barndoms\u00adhistoriska perspektiv utforskar denna avhandling hur och \u00advarf\u00f6r utbildning i entrepren\u00f6rskap och f\u00f6retagsamhet g\u00e5tt fr\u00e5n att vara ett kontroversiellt och marginellt fenomen till att bli ett inslag i utbildningen som alla samh\u00e4llets medborgare anses beh\u00f6va under skolg\u00e5ngen.<br \/>\nUnders\u00f6kningen belyser f\u00f6ruts\u00e4ttningarna f\u00f6r en extern utbildningsakt\u00f6r att etablera sig i skolan och bidrar med ett nytt perspektiv p\u00e5 v\u00e4lf\u00e4rdsstatens och skolans omvandling. Avhandlingen pekar p\u00e5 kunskapsformens, de organisatoriska ramverken och l\u00e4rarnas betydelse f\u00f6r etableringen av Ung \u00adF\u00f6retagsamhets utbildningskoncept i skolan samt p\u00e5 vikten<br \/>\nav skolan som arena f\u00f6r samh\u00e4llsf\u00f6r\u00e4ndring.<\/p>\n<p>Evelina Kalltr\u00e4sk \u00e4r historiker vid Lunds universitet. Att skola entrepren\u00f6rer \u00e4r hennes doktorsavhandling.<\/p>\n","protected":false},"excerpt":{"rendered":"<p>N\u00e4r Ung F\u00f6retagsamhet etablerade sin sm\u00e5skaliga f\u00f6rs\u00f6ksverksamhet i Sverige 1980 v\u00e4ckte dess entrepren\u00f6riella \u00adutbildningsprogram nyfikenhet. Det blev dock \u00e4ven snabbt f\u00f6rem\u00e5l f\u00f6r kritik och en intensiv debatt kopplad till en \u00adp\u00e5g\u00e5ende ideologisk konflikt i samh\u00e4llet. 2011 skrevs entrepren\u00f6rskap in som ett \u00f6vergripande m\u00e5l i den svenska skolans l\u00e4roplaner. Vid det laget m\u00f6tte utbildningsorganisationens verksamhet inte [&hellip;]<\/p>\n","protected":false},"featured_media":12320,"template":"","meta":{"_acf_changed":false,"_relevanssi_hide_post":"","_relevanssi_hide_content":"","_relevanssi_pin_for_all":"","_relevanssi_pin_keywords":"","_relevanssi_unpin_keywords":"","_relevanssi_related_keywords":"","_relevanssi_related_include_ids":"","_relevanssi_related_exclude_ids":"","_relevanssi_related_no_append":"","_relevanssi_related_not_related":"","_relevanssi_related_posts":"","_relevanssi_noindex_reason":""},"product_brand":[],"product_cat":[74],"product_tag":[],"class_list":{"0":"post-12343","1":"product","2":"type-product","3":"status-publish","4":"has-post-thumbnail","6":"product_cat-studia-historica-lundensia","8":"first","9":"instock","10":"taxable","11":"shipping-taxable","12":"purchasable","13":"product-type-simple"},"acf":[],"_links":{"self":[{"href":"https:\/\/www.bokshop.lu.se\/en\/wp-json\/wp\/v2\/product\/12343","targetHints":{"allow":["GET"]}}],"collection":[{"href":"https:\/\/www.bokshop.lu.se\/en\/wp-json\/wp\/v2\/product"}],"about":[{"href":"https:\/\/www.bokshop.lu.se\/en\/wp-json\/wp\/v2\/types\/product"}],"wp:featuredmedia":[{"embeddable":true,"href":"https:\/\/www.bokshop.lu.se\/en\/wp-json\/wp\/v2\/media\/12320"}],"wp:attachment":[{"href":"https:\/\/www.bokshop.lu.se\/en\/wp-json\/wp\/v2\/media?parent=12343"}],"wp:term":[{"taxonomy":"product_brand","embeddable":true,"href":"https:\/\/www.bokshop.lu.se\/en\/wp-json\/wp\/v2\/product_brand?post=12343"},{"taxonomy":"product_cat","embeddable":true,"href":"https:\/\/www.bokshop.lu.se\/en\/wp-json\/wp\/v2\/product_cat?post=12343"},{"taxonomy":"product_tag","embeddable":true,"href":"https:\/\/www.bokshop.lu.se\/en\/wp-json\/wp\/v2\/product_tag?post=12343"}],"curies":[{"name":"wp","href":"https:\/\/api.w.org\/{rel}","templated":true}]}}