{"id":12331,"date":"2025-11-24T14:04:36","date_gmt":"2024-09-17T11:11:50","guid":{"rendered":"http:\/\/www.bokshop.lu.se\/?post_type=product&#038;p=12331"},"modified":"2025-11-24T14:06:43","modified_gmt":"2025-11-24T13:06:43","slug":"order-mars-10-2025-1147-f-m-96","status":"publish","type":"product","link":"https:\/\/www.bokshop.lu.se\/en\/okategoriserad\/order-mars-10-2025-1147-f-m-96\/","title":{"rendered":"Maskintankar"},"content":{"rendered":"<p>Under perioden 1965 till 1980 \u00f6vergick det digitala fr\u00e5n att ha varit en angel\u00e4genhet f\u00f6r ett f\u00e5tal experter till att i allt h\u00f6gre grad genomsyra hela samh\u00e4llet. Samtidigt introducerades cybernetiken som ytterligare utmanade traditionella f\u00f6rest\u00e4llningar om kropp, identitet och subjektivitet. Genom analyser av s\u00e5v\u00e4l science fiction och experimentell prosa som mer traditionella romaner och visuellt och spr\u00e5kligt utforskande poesi, visar MASKINTANKAR hur litteraturen b\u00e5de formade och formades av dessa omst\u00e4ndigheter. L\u00e5ngt innan dagens f\u00f6rest\u00e4llningar om en digital litteratur skriven f\u00f6r och l\u00e4st p\u00e5 sk\u00e4rm st\u00e4llde f\u00f6rfattare och kritiker fr\u00e5gor om m\u00e4nniska och maskin, spr\u00e5k och kod, naturligt och artificiellt. Fr\u00e5n medieekologiska och mediearkeologiska utg\u00e5ngspunkter tecknar boken en historia som pekar in i och s\u00e4tter v\u00e5r samtida bel\u00e4genhet i perspektiv och visar hur \u00e4ldre f\u00f6rest\u00e4llningar kopplade till det digitala forts\u00e4tter att informera och p\u00e5verka dagens litteratur och kultur.<\/p>\n<p>Jakob Lien \u00e4r kritiker och litteraturvetare verksam vid forskningsmilj\u00f6n Spr\u00e5k och kultur, Link\u00f6pings universitet. MASKINTANKAR \u00e4r hans doktorsavhandling.<\/p>\n","protected":false},"excerpt":{"rendered":"<p>Under perioden 1965 till 1980 \u00f6vergick det digitala fr\u00e5n att ha varit en angel\u00e4genhet f\u00f6r ett f\u00e5tal experter till att i allt h\u00f6gre grad genomsyra hela samh\u00e4llet. Samtidigt introducerades cybernetiken som ytterligare utmanade traditionella f\u00f6rest\u00e4llningar om kropp, identitet och subjektivitet. Genom analyser av s\u00e5v\u00e4l science fiction och experimentell prosa som mer traditionella romaner och visuellt [&hellip;]<\/p>\n","protected":false},"featured_media":12333,"template":"","meta":{"_acf_changed":false,"_relevanssi_hide_post":"","_relevanssi_hide_content":"","_relevanssi_pin_for_all":"","_relevanssi_pin_keywords":"","_relevanssi_unpin_keywords":"","_relevanssi_related_keywords":"","_relevanssi_related_include_ids":"","_relevanssi_related_exclude_ids":"","_relevanssi_related_no_append":"","_relevanssi_related_not_related":"","_relevanssi_related_posts":"","_relevanssi_noindex_reason":""},"product_brand":[],"product_cat":[391],"product_tag":[],"class_list":{"0":"post-12331","1":"product","2":"type-product","3":"status-publish","4":"has-post-thumbnail","6":"product_cat-uncategorized","8":"first","9":"instock","10":"taxable","11":"shipping-taxable","12":"purchasable","13":"product-type-simple"},"acf":[],"_links":{"self":[{"href":"https:\/\/www.bokshop.lu.se\/en\/wp-json\/wp\/v2\/product\/12331","targetHints":{"allow":["GET"]}}],"collection":[{"href":"https:\/\/www.bokshop.lu.se\/en\/wp-json\/wp\/v2\/product"}],"about":[{"href":"https:\/\/www.bokshop.lu.se\/en\/wp-json\/wp\/v2\/types\/product"}],"wp:featuredmedia":[{"embeddable":true,"href":"https:\/\/www.bokshop.lu.se\/en\/wp-json\/wp\/v2\/media\/12333"}],"wp:attachment":[{"href":"https:\/\/www.bokshop.lu.se\/en\/wp-json\/wp\/v2\/media?parent=12331"}],"wp:term":[{"taxonomy":"product_brand","embeddable":true,"href":"https:\/\/www.bokshop.lu.se\/en\/wp-json\/wp\/v2\/product_brand?post=12331"},{"taxonomy":"product_cat","embeddable":true,"href":"https:\/\/www.bokshop.lu.se\/en\/wp-json\/wp\/v2\/product_cat?post=12331"},{"taxonomy":"product_tag","embeddable":true,"href":"https:\/\/www.bokshop.lu.se\/en\/wp-json\/wp\/v2\/product_tag?post=12331"}],"curies":[{"name":"wp","href":"https:\/\/api.w.org\/{rel}","templated":true}]}}