{"id":12330,"date":"2025-11-24T14:02:44","date_gmt":"2025-11-24T13:02:44","guid":{"rendered":"http:\/\/www.bokshop.lu.se\/?post_type=product&#038;p=12330"},"modified":"2025-11-24T14:02:44","modified_gmt":"2025-11-24T13:02:44","slug":"audiovisuella-arkiv","status":"publish","type":"product","link":"https:\/\/www.bokshop.lu.se\/en\/uncategorized\/audiovisuella-arkiv\/","title":{"rendered":"Audiovisuella arkiv"},"content":{"rendered":"<p>Arkivens mediala villkor reglerar alltid historikerns f\u00f6rst\u00e5else och tolkning av det f\u00f6rflutna; det g\u00e4ller \u00e4ven audiovisuella arkiv \u2013 vilka dessutom har en specifik mediehistoria. Denna bok handlar om hur audiovisuella medier kom att bevaras i Sverige under en sextio\u00e5rsperiod med fokus p\u00e5 en rad olika modaliteter: film, ljud, eter. Det r\u00f6r sig om en institutionshistorik med mediala f\u00f6rtecken d\u00e4r fokus ligger p\u00e5 de Filmhistoriska Samlingarna p\u00e5 Tekniska museet och Svenska Filminstitutet (SFI), Nationalfonoteket p\u00e5 Kungliga biblioteket (KB), liksom Sveriges Radios (SR) m\u00e5nga mediearkiv: Grammofonarkivet, Inspelningsarkivet, TV-arkivet. Medieformerna r\u00f6rde sig inte s\u00e4llan mellan dessa arkiv, ibland \u00e4ven inom de olika institutionerna. Arkiven samarbetade, men motarbetade varandra lika ofta; understundom gjorde de n\u00e4rmast f\u00f6rbittrat motst\u00e5nd mot nya s\u00e4tt att bevara det audiovisuella kulturarvet. Diskussioner och debatter, utredningar och politiska beslut kring bevarande och tillg\u00e4ngligg\u00f6rande av audiovisuella medier resulterade till sist i bildandet av Arkivet f\u00f6r ljud och bild (ALB). Den statliga myndigheten ALB fick sina specifika arkivariska uppgifter och avn\u00e4mare, detsamma g\u00e4llde f\u00f6r SFI och SR. Samtidigt framstod det som egendomligt att Sverige till sist stoltserade med tre olika typer av arkiv f\u00f6r audiovisuella medier \u2013 vilka alla var lokaliserade p\u00e5 \u00d6stermalm inom en radie av\u00ac sexhundra meter.<\/p>\n","protected":false},"excerpt":{"rendered":"<p>Arkivens mediala villkor reglerar alltid historikerns f\u00f6rst\u00e5else och tolkning av det f\u00f6rflutna; det g\u00e4ller \u00e4ven audiovisuella arkiv \u2013 vilka dessutom har en specifik mediehistoria. Denna bok handlar om hur audiovisuella medier kom att bevaras i Sverige under en sextio\u00e5rsperiod med fokus p\u00e5 en rad olika modaliteter: film, ljud, eter. Det r\u00f6r sig om en institutionshistorik [&hellip;]<\/p>\n","protected":false},"featured_media":12329,"template":"","meta":{"_acf_changed":false,"_relevanssi_hide_post":"","_relevanssi_hide_content":"","_relevanssi_pin_for_all":"","_relevanssi_pin_keywords":"","_relevanssi_unpin_keywords":"","_relevanssi_related_keywords":"","_relevanssi_related_include_ids":"","_relevanssi_related_exclude_ids":"","_relevanssi_related_no_append":"","_relevanssi_related_not_related":"","_relevanssi_related_posts":"","_relevanssi_noindex_reason":""},"product_brand":[],"product_cat":[84],"product_tag":[],"class_list":{"0":"post-12330","1":"product","2":"type-product","3":"status-publish","4":"has-post-thumbnail","6":"product_cat-mediehistoriskt-arkiv","8":"first","9":"instock","10":"taxable","11":"shipping-taxable","12":"purchasable","13":"product-type-simple"},"acf":[],"_links":{"self":[{"href":"https:\/\/www.bokshop.lu.se\/en\/wp-json\/wp\/v2\/product\/12330","targetHints":{"allow":["GET"]}}],"collection":[{"href":"https:\/\/www.bokshop.lu.se\/en\/wp-json\/wp\/v2\/product"}],"about":[{"href":"https:\/\/www.bokshop.lu.se\/en\/wp-json\/wp\/v2\/types\/product"}],"wp:featuredmedia":[{"embeddable":true,"href":"https:\/\/www.bokshop.lu.se\/en\/wp-json\/wp\/v2\/media\/12329"}],"wp:attachment":[{"href":"https:\/\/www.bokshop.lu.se\/en\/wp-json\/wp\/v2\/media?parent=12330"}],"wp:term":[{"taxonomy":"product_brand","embeddable":true,"href":"https:\/\/www.bokshop.lu.se\/en\/wp-json\/wp\/v2\/product_brand?post=12330"},{"taxonomy":"product_cat","embeddable":true,"href":"https:\/\/www.bokshop.lu.se\/en\/wp-json\/wp\/v2\/product_cat?post=12330"},{"taxonomy":"product_tag","embeddable":true,"href":"https:\/\/www.bokshop.lu.se\/en\/wp-json\/wp\/v2\/product_tag?post=12330"}],"curies":[{"name":"wp","href":"https:\/\/api.w.org\/{rel}","templated":true}]}}