{"id":12326,"date":"2025-11-24T14:14:25","date_gmt":"2025-11-24T13:14:25","guid":{"rendered":"http:\/\/www.bokshop.lu.se\/?post_type=product&#038;p=12326"},"modified":"2025-11-24T14:14:26","modified_gmt":"2025-11-24T13:14:26","slug":"att-avlyssna-folkviljan","status":"publish","type":"product","link":"https:\/\/www.bokshop.lu.se\/en\/uncategorized\/att-avlyssna-folkviljan\/","title":{"rendered":"Att avlyssna folkviljan"},"content":{"rendered":"<p>Att avlyssna folkviljan handlar om Gallupunders\u00f6kningen och hur denna nya teknologi f\u00f6r att unders\u00f6ka samh\u00e4llet gjorde sitt int\u00e5g i Sverige under 1900-talets mitt. Det \u00e4r en mediehistoria om hur en rikst\u00e4ckande infrastruktur av h\u00e5lkort, fr\u00e5geformul\u00e4r och intervjuare transformerade svenskarnas \u00e5sikter och vanor till procentsatser och \u00e5sk\u00e5dliga diagram. Dessa siffror anv\u00e4ndes och diskuterades i en rad olika sammanhang: som en statistisk attraktion i pressen, som ett verktyg f\u00f6r politisk p\u00e5verkan, som underlag f\u00f6r effektivare reklam och som en potentiellt vetenskaplig metod. Boken handlar ocks\u00e5 om ett Sverige p\u00e5 v\u00e4g in i efterkrigstiden, om planhush\u00e5llningsdebatten, om statens behov av kvantitativ kunskap och om den svenska samh\u00e4llsvetenskapens konsolidering. Analysen av Gallupunders\u00f6kningen som ett nytt medium och ett medialt gr\u00e4nsobjekt blottar tidens f\u00f6r\u00e4ndrade villkor f\u00f6r kunskap om samh\u00e4llet och historiserar den ofta f\u00f6rgivettagna f\u00f6rst\u00e5elsen av den allm\u00e4nna opinionen som ett i grunden kvantitativt fenomen.<br \/>\nEskil Vesterlund \u00e4r mediehistoriker verksam vid Lunds universitet. Att avlyssna folkviljan \u00e4r hans doktorsavhandling.<\/p>\n","protected":false},"excerpt":{"rendered":"<p>Att avlyssna folkviljan handlar om Gallupunders\u00f6kningen och hur denna nya teknologi f\u00f6r att unders\u00f6ka samh\u00e4llet gjorde sitt int\u00e5g i Sverige under 1900-talets mitt. Det \u00e4r en mediehistoria om hur en rikst\u00e4ckande infrastruktur av h\u00e5lkort, fr\u00e5geformul\u00e4r och intervjuare transformerade svenskarnas \u00e5sikter och vanor till procentsatser och \u00e5sk\u00e5dliga diagram. Dessa siffror anv\u00e4ndes och diskuterades i en rad [&hellip;]<\/p>\n","protected":false},"featured_media":12322,"template":"","meta":{"_acf_changed":false,"_relevanssi_hide_post":"","_relevanssi_hide_content":"","_relevanssi_pin_for_all":"","_relevanssi_pin_keywords":"","_relevanssi_unpin_keywords":"","_relevanssi_related_keywords":"","_relevanssi_related_include_ids":"","_relevanssi_related_exclude_ids":"","_relevanssi_related_no_append":"","_relevanssi_related_not_related":"","_relevanssi_related_posts":"","_relevanssi_noindex_reason":""},"product_brand":[],"product_cat":[84],"product_tag":[],"class_list":{"0":"post-12326","1":"product","2":"type-product","3":"status-publish","4":"has-post-thumbnail","6":"product_cat-mediehistoriskt-arkiv","8":"first","9":"instock","10":"taxable","11":"shipping-taxable","12":"purchasable","13":"product-type-simple"},"acf":[],"_links":{"self":[{"href":"https:\/\/www.bokshop.lu.se\/en\/wp-json\/wp\/v2\/product\/12326","targetHints":{"allow":["GET"]}}],"collection":[{"href":"https:\/\/www.bokshop.lu.se\/en\/wp-json\/wp\/v2\/product"}],"about":[{"href":"https:\/\/www.bokshop.lu.se\/en\/wp-json\/wp\/v2\/types\/product"}],"wp:featuredmedia":[{"embeddable":true,"href":"https:\/\/www.bokshop.lu.se\/en\/wp-json\/wp\/v2\/media\/12322"}],"wp:attachment":[{"href":"https:\/\/www.bokshop.lu.se\/en\/wp-json\/wp\/v2\/media?parent=12326"}],"wp:term":[{"taxonomy":"product_brand","embeddable":true,"href":"https:\/\/www.bokshop.lu.se\/en\/wp-json\/wp\/v2\/product_brand?post=12326"},{"taxonomy":"product_cat","embeddable":true,"href":"https:\/\/www.bokshop.lu.se\/en\/wp-json\/wp\/v2\/product_cat?post=12326"},{"taxonomy":"product_tag","embeddable":true,"href":"https:\/\/www.bokshop.lu.se\/en\/wp-json\/wp\/v2\/product_tag?post=12326"}],"curies":[{"name":"wp","href":"https:\/\/api.w.org\/{rel}","templated":true}]}}