{"id":12306,"date":"2025-11-13T15:02:59","date_gmt":"2025-11-13T14:01:38","guid":{"rendered":"http:\/\/www.bokshop.lu.se\/?post_type=product&#038;p=12306"},"modified":"2025-11-13T15:04:52","modified_gmt":"2025-11-13T14:04:52","slug":"mellan-relativism-och-realism","status":"publish","type":"product","link":"https:\/\/www.bokshop.lu.se\/en\/uncategorized\/mellan-relativism-och-realism\/","title":{"rendered":"Mellan relativism och realism"},"content":{"rendered":"<p>Vetenskapsteori kan lite f\u00f6renklat uttryckas som fr\u00e5gan om vad vetenskap egentligen \u00e4r, eller studiet av vetenskaplig kunskap. \u00c4nnu enklare skulle man kunna s\u00e4ga att olika vetenskapsteoretiska perspektiv representerar olika verklighetssyner \u2013 olika s\u00e4tt att betrakta och bem\u00f6ta v\u00e4rlden omkring oss.<br \/>\nAlltf\u00f6r ofta tar sig vetenskapsteoretiska diskussioner formen av en polarisering mellan tv\u00e5 ytterligheter: relativism och realism. Det \u00e4r denna uppdelning som f\u00f6rfattarna f\u00f6rs\u00f6ker \u00f6verbrygga genom att s\u00f6ka sig en egen st\u00e5ndpunkt n\u00e5gonstans mellan de b\u00e5da motpolerna. Varje bidrag i boken \u00e4r ett personligt s\u00f6kande efter en verklighetssyn som respektive f\u00f6rfattare kan luta sig tillbaka p\u00e5.<br \/>\nTexterna \u00e4r ett resultat av en forskarkurs i vetenskapsteori med sociologiska till\u00e4mpningar som under h\u00f6stterminen 2002 genomf\u00f6rdes vid Sociologiska institutionen, Lunds universitet, under ledning av professor G\u00f6ran Djurfeldt. Bokens bidrag avser att representera den variationsrikedom av fr\u00e5gest\u00e4llningar som v\u00e4cktes och debatterades vid denna kurs.<\/p>\n","protected":false},"excerpt":{"rendered":"<p>Vetenskapsteori kan lite f\u00f6renklat uttryckas som fr\u00e5gan om vad vetenskap egentligen \u00e4r, eller studiet av vetenskaplig kunskap. \u00c4nnu enklare skulle man kunna s\u00e4ga att olika vetenskapsteoretiska perspektiv representerar olika verklighetssyner \u2013 olika s\u00e4tt att betrakta och bem\u00f6ta v\u00e4rlden omkring oss. Alltf\u00f6r ofta tar sig vetenskapsteoretiska diskussioner formen av en polarisering mellan tv\u00e5 ytterligheter: relativism och [&hellip;]<\/p>\n","protected":false},"featured_media":12308,"template":"","meta":{"_acf_changed":false,"_relevanssi_hide_post":"","_relevanssi_hide_content":"","_relevanssi_pin_for_all":"","_relevanssi_pin_keywords":"","_relevanssi_unpin_keywords":"","_relevanssi_related_keywords":"","_relevanssi_related_include_ids":"","_relevanssi_related_exclude_ids":"","_relevanssi_related_no_append":"","_relevanssi_related_not_related":"","_relevanssi_related_posts":"","_relevanssi_noindex_reason":""},"product_brand":[],"product_cat":[235],"product_tag":[],"class_list":{"0":"post-12306","1":"product","2":"type-product","3":"status-publish","4":"has-post-thumbnail","6":"product_cat-working-paper-in-sociology-department-of-sociology","8":"first","9":"instock","10":"taxable","11":"shipping-taxable","12":"purchasable","13":"product-type-simple"},"acf":[],"_links":{"self":[{"href":"https:\/\/www.bokshop.lu.se\/en\/wp-json\/wp\/v2\/product\/12306","targetHints":{"allow":["GET"]}}],"collection":[{"href":"https:\/\/www.bokshop.lu.se\/en\/wp-json\/wp\/v2\/product"}],"about":[{"href":"https:\/\/www.bokshop.lu.se\/en\/wp-json\/wp\/v2\/types\/product"}],"wp:featuredmedia":[{"embeddable":true,"href":"https:\/\/www.bokshop.lu.se\/en\/wp-json\/wp\/v2\/media\/12308"}],"wp:attachment":[{"href":"https:\/\/www.bokshop.lu.se\/en\/wp-json\/wp\/v2\/media?parent=12306"}],"wp:term":[{"taxonomy":"product_brand","embeddable":true,"href":"https:\/\/www.bokshop.lu.se\/en\/wp-json\/wp\/v2\/product_brand?post=12306"},{"taxonomy":"product_cat","embeddable":true,"href":"https:\/\/www.bokshop.lu.se\/en\/wp-json\/wp\/v2\/product_cat?post=12306"},{"taxonomy":"product_tag","embeddable":true,"href":"https:\/\/www.bokshop.lu.se\/en\/wp-json\/wp\/v2\/product_tag?post=12306"}],"curies":[{"name":"wp","href":"https:\/\/api.w.org\/{rel}","templated":true}]}}