{"id":12293,"date":"2025-10-28T11:31:04","date_gmt":"2025-10-28T10:31:04","guid":{"rendered":"http:\/\/www.bokshop.lu.se\/?post_type=product&#038;p=12293"},"modified":"2025-10-28T11:31:04","modified_gmt":"2025-10-28T10:31:04","slug":"dramaencyklopedin","status":"publish","type":"product","link":"https:\/\/www.bokshop.lu.se\/en\/uncategorized\/dramaencyklopedin\/","title":{"rendered":"Dramaencyklopedin"},"content":{"rendered":"<p>Vi m\u00e4nniskor lever genom ber\u00e4ttelser, men det \u00e4r dramat som st\u00e4ller livet och levandet p\u00e5 sin spets, som f\u00e5r oss att lyssna mer uppm\u00e4rksamt, minnas viktiga erfarenheter b\u00e4ttre, k\u00e4nna starkare och t\u00e4nka klarare. D\u00e4rf\u00f6r dramatiseras nyheter och d\u00e4rf\u00f6r konsumerar vi drama fr\u00e5n morgon till kv\u00e4ll p\u00e5 tv, mobil och padda. De flesta av oss har d\u00e4rf\u00f6r rika och varierade erfarenheter av drama och vi har nog ocks\u00e5 en intuitiv f\u00f6rst\u00e5else f\u00f6r hur dramatiska f\u00f6rlopp ser ut och framf\u00f6r allt hur de k\u00e4nns. I Dramaencyklopedin unders\u00f6ks dramat som konstform, hantverk och m\u00e4nskligt uttryck \u2013 med s\u00e4rskilt fokus p\u00e5 den \u00e4ldsta dramaformen: teaterdramat.<br \/>\nMed f\u00f6rankring i b\u00e5de dramats historia och scenkonstens samtid tar boken med dig p\u00e5 en resa genom v\u00e4stv\u00e4rldens dramatradition, i jakt p\u00e5 en enkel men intrikat fr\u00e5ga: Varf\u00f6r p\u00e5verkas vi s\u00e5 starkt av drama?<br \/>\nBoken v\u00e4nder sig b\u00e5de till dig som vill f\u00f6rst\u00e5 vad drama egentligen \u00e4r \u2013 och till dig som l\u00e4ngtar efter att sj\u00e4lv skriva dramer.<\/p>\n<p>Rikard Loman \u00e4r lektor och l\u00e4rare vid Spr\u00e5k- och litteraturcentrum, Lunds universitet.<\/p>\n","protected":false},"excerpt":{"rendered":"<p>Vi m\u00e4nniskor lever genom ber\u00e4ttelser, men det \u00e4r dramat som st\u00e4ller livet och levandet p\u00e5 sin spets, som f\u00e5r oss att lyssna mer uppm\u00e4rksamt, minnas viktiga erfarenheter b\u00e4ttre, k\u00e4nna starkare och t\u00e4nka klarare. D\u00e4rf\u00f6r dramatiseras nyheter och d\u00e4rf\u00f6r konsumerar vi drama fr\u00e5n morgon till kv\u00e4ll p\u00e5 tv, mobil och padda. De flesta av oss har [&hellip;]<\/p>\n","protected":false},"featured_media":12292,"template":"","meta":{"_acf_changed":false,"_relevanssi_hide_post":"","_relevanssi_hide_content":"","_relevanssi_pin_for_all":"","_relevanssi_pin_keywords":"","_relevanssi_unpin_keywords":"","_relevanssi_related_keywords":"","_relevanssi_related_include_ids":"","_relevanssi_related_exclude_ids":"","_relevanssi_related_no_append":"","_relevanssi_related_not_related":"","_relevanssi_related_posts":"","_relevanssi_noindex_reason":""},"product_brand":[],"product_cat":[391],"product_tag":[],"class_list":{"0":"post-12293","1":"product","2":"type-product","3":"status-publish","4":"has-post-thumbnail","6":"product_cat-uncategorized","8":"first","9":"instock","10":"taxable","11":"shipping-taxable","12":"purchasable","13":"product-type-simple"},"acf":[],"_links":{"self":[{"href":"https:\/\/www.bokshop.lu.se\/en\/wp-json\/wp\/v2\/product\/12293","targetHints":{"allow":["GET"]}}],"collection":[{"href":"https:\/\/www.bokshop.lu.se\/en\/wp-json\/wp\/v2\/product"}],"about":[{"href":"https:\/\/www.bokshop.lu.se\/en\/wp-json\/wp\/v2\/types\/product"}],"wp:featuredmedia":[{"embeddable":true,"href":"https:\/\/www.bokshop.lu.se\/en\/wp-json\/wp\/v2\/media\/12292"}],"wp:attachment":[{"href":"https:\/\/www.bokshop.lu.se\/en\/wp-json\/wp\/v2\/media?parent=12293"}],"wp:term":[{"taxonomy":"product_brand","embeddable":true,"href":"https:\/\/www.bokshop.lu.se\/en\/wp-json\/wp\/v2\/product_brand?post=12293"},{"taxonomy":"product_cat","embeddable":true,"href":"https:\/\/www.bokshop.lu.se\/en\/wp-json\/wp\/v2\/product_cat?post=12293"},{"taxonomy":"product_tag","embeddable":true,"href":"https:\/\/www.bokshop.lu.se\/en\/wp-json\/wp\/v2\/product_tag?post=12293"}],"curies":[{"name":"wp","href":"https:\/\/api.w.org\/{rel}","templated":true}]}}