{"id":12193,"date":"2025-08-29T08:49:24","date_gmt":"2025-08-29T06:49:24","guid":{"rendered":"https:\/\/www.bokshop.lu.se\/?post_type=product&#038;p=12193"},"modified":"2025-08-29T08:49:24","modified_gmt":"2025-08-29T06:49:24","slug":"med-egna-ord","status":"publish","type":"product","link":"https:\/\/www.bokshop.lu.se\/en\/uncategorized\/med-egna-ord\/","title":{"rendered":"Med egna ord"},"content":{"rendered":"<p>Hur lekte barnen i M\u00f6lle f\u00f6r hundra \u00e5r sedan? Var fiskade m\u00e4nnen och hur deltog kvinnorna och bar-nen i fisket? Hur b\u00e4rgades skeppen som strandade mot Kullabergs klippor? Vem byggde husen och hur? Anders M\u00f6lleryd (f\u00f6dd Karlsson, 1911) var nyfiken. Han fotografe-rade, tecknade av fiskeredskap och intervjuade kvinnor och m\u00e4n f\u00f6dda mellan 1845 och 1912. Och de ber\u00e4ttade fritt, ofta p\u00e5 sin dialekt, om arbeten, hem, mat, n\u00f6jen och tankar. Deras ber\u00e4ttelser, foton och teckningar, s\u00e5 kallade minnen, gav han till Nordiska museet i Stockholm och Folklivsarkivet, Lunds universitet, i hopp om att de som kom efter skulle vilja veta. Minnena har i stort sett legat bortgl\u00f6mda i arkiven n\u00e4r Ingrid Millbourn, professor i historia, fann dem av en slump. Hon hoppas nu att de som ber\u00e4ttade f\u00f6r Anders M\u00f6lleryd skulle ha varit stolta i dag \u00f6ver att med egna ord ber\u00e4tta f\u00f6r oss: s\u00e5 h\u00e4r var det.<\/p>\n","protected":false},"excerpt":{"rendered":"<p>Hur lekte barnen i M\u00f6lle f\u00f6r hundra \u00e5r sedan? Var fiskade m\u00e4nnen och hur deltog kvinnorna och bar-nen i fisket? Hur b\u00e4rgades skeppen som strandade mot Kullabergs klippor? Vem byggde husen och hur? Anders M\u00f6lleryd (f\u00f6dd Karlsson, 1911) var nyfiken. Han fotografe-rade, tecknade av fiskeredskap och intervjuade kvinnor och m\u00e4n f\u00f6dda mellan 1845 och 1912. [&hellip;]<\/p>\n","protected":false},"featured_media":12192,"template":"","meta":{"_acf_changed":false,"_relevanssi_hide_post":"","_relevanssi_hide_content":"","_relevanssi_pin_for_all":"","_relevanssi_pin_keywords":"","_relevanssi_unpin_keywords":"","_relevanssi_related_keywords":"","_relevanssi_related_include_ids":"","_relevanssi_related_exclude_ids":"","_relevanssi_related_no_append":"","_relevanssi_related_not_related":"","_relevanssi_related_posts":"","_relevanssi_noindex_reason":""},"product_brand":[],"product_cat":[75],"product_tag":[],"class_list":{"0":"post-12193","1":"product","2":"type-product","3":"status-publish","4":"has-post-thumbnail","6":"product_cat-non-serial-books-history-and-archaeology","8":"first","9":"instock","10":"taxable","11":"shipping-taxable","12":"purchasable","13":"product-type-simple"},"acf":[],"_links":{"self":[{"href":"https:\/\/www.bokshop.lu.se\/en\/wp-json\/wp\/v2\/product\/12193","targetHints":{"allow":["GET"]}}],"collection":[{"href":"https:\/\/www.bokshop.lu.se\/en\/wp-json\/wp\/v2\/product"}],"about":[{"href":"https:\/\/www.bokshop.lu.se\/en\/wp-json\/wp\/v2\/types\/product"}],"wp:featuredmedia":[{"embeddable":true,"href":"https:\/\/www.bokshop.lu.se\/en\/wp-json\/wp\/v2\/media\/12192"}],"wp:attachment":[{"href":"https:\/\/www.bokshop.lu.se\/en\/wp-json\/wp\/v2\/media?parent=12193"}],"wp:term":[{"taxonomy":"product_brand","embeddable":true,"href":"https:\/\/www.bokshop.lu.se\/en\/wp-json\/wp\/v2\/product_brand?post=12193"},{"taxonomy":"product_cat","embeddable":true,"href":"https:\/\/www.bokshop.lu.se\/en\/wp-json\/wp\/v2\/product_cat?post=12193"},{"taxonomy":"product_tag","embeddable":true,"href":"https:\/\/www.bokshop.lu.se\/en\/wp-json\/wp\/v2\/product_tag?post=12193"}],"curies":[{"name":"wp","href":"https:\/\/api.w.org\/{rel}","templated":true}]}}