{"id":12123,"date":"2025-06-18T10:22:43","date_gmt":"2025-06-18T08:22:43","guid":{"rendered":"http:\/\/www.bokshop.lu.se\/?post_type=product&#038;p=12123"},"modified":"2025-06-18T10:22:43","modified_gmt":"2025-06-18T08:22:43","slug":"bland-stenyxor-bronssvard-och-pilspetsar-pa-krapperup","status":"publish","type":"product","link":"https:\/\/www.bokshop.lu.se\/en\/uncategorized\/bland-stenyxor-bronssvard-och-pilspetsar-pa-krapperup\/","title":{"rendered":"Bland stenyxor, bronssv\u00e4rd och pilspetsar p\u00e5 Krapperup"},"content":{"rendered":"<p>Vilka f\u00f6rem\u00e5lstyper finns samlingen? Ger de oss en ny kunskap? Varf\u00f6r samla p\u00e5 gamla fornsaker? Vad g\u00f6r samlaren till en samlare? Hur p\u00e5verkar samlarens livsbiografi samlandet? Vilken roll har tidens v\u00e4rderingar och lagstiftning? Vilken relevans har fornsakssamlingar idag?<\/p>\n<p>Samlaren och friherren Carl Gyllenstiernas fornsakssamling p\u00e5 Krapperup i nordv\u00e4stra Sk\u00e5ne \u00e4r utg\u00e5ngspunkten f\u00f6r denna arkeologihistoriska och kulturhistoriska tillbakablick p\u00e5 hur samlandet lade grunden till v\u00e5r kunskap om det f\u00f6rflutna och etablerandet av museer. F\u00f6rem\u00e5len bidrog till \u00e4garens sociala och kulturella kapital och var betydelsefulla f\u00f6r en regional och nationell identitet.<\/p>\n<p>Boken \u00e4r en tv\u00e4rvetenskaplig studie d\u00e4r materiella l\u00e4mningar och skriftligt arkivmaterial \u00e4r de prim\u00e4ra k\u00e4llorna. De speglas mot forskning inom kulturhistoria, politisk ekonomisk historia, jordbrukshistoria och utbildningshistoria. Ledtr\u00e5dar fr\u00e5n en m\u00e4ngd olika k\u00e4llor binder samman fornsakssamlingen, fornforskningen och herrg\u00e5rdskulturen med den samh\u00e4llomvandling som skedde i landet under 1800-talet. Fornsakssamlingar har \u00e4ven idag en forskningspotential f\u00f6r att studera historien i det moderna landskapet och arkeologins roll i framv\u00e4xten av det moderna Sverige.<\/p>\n","protected":false},"excerpt":{"rendered":"<p>Vilka f\u00f6rem\u00e5lstyper finns samlingen? Ger de oss en ny kunskap? Varf\u00f6r samla p\u00e5 gamla fornsaker? Vad g\u00f6r samlaren till en samlare? Hur p\u00e5verkar samlarens livsbiografi samlandet? Vilken roll har tidens v\u00e4rderingar och lagstiftning? Vilken relevans har fornsakssamlingar idag? Samlaren och friherren Carl Gyllenstiernas fornsakssamling p\u00e5 Krapperup i nordv\u00e4stra Sk\u00e5ne \u00e4r utg\u00e5ngspunkten f\u00f6r denna arkeologihistoriska och [&hellip;]<\/p>\n","protected":false},"featured_media":12125,"template":"","meta":{"_acf_changed":false,"_relevanssi_hide_post":"","_relevanssi_hide_content":"","_relevanssi_pin_for_all":"","_relevanssi_pin_keywords":"","_relevanssi_unpin_keywords":"","_relevanssi_related_keywords":"","_relevanssi_related_include_ids":"","_relevanssi_related_exclude_ids":"","_relevanssi_related_no_append":"","_relevanssi_related_not_related":"","_relevanssi_related_posts":"","_relevanssi_noindex_reason":""},"product_brand":[],"product_cat":[65],"product_tag":[],"class_list":{"0":"post-12123","1":"product","2":"type-product","3":"status-publish","4":"has-post-thumbnail","6":"product_cat-acta-archaeologica-lundensia-series-altera-in-8","8":"first","9":"instock","10":"taxable","11":"shipping-taxable","12":"purchasable","13":"product-type-simple"},"acf":[],"_links":{"self":[{"href":"https:\/\/www.bokshop.lu.se\/en\/wp-json\/wp\/v2\/product\/12123","targetHints":{"allow":["GET"]}}],"collection":[{"href":"https:\/\/www.bokshop.lu.se\/en\/wp-json\/wp\/v2\/product"}],"about":[{"href":"https:\/\/www.bokshop.lu.se\/en\/wp-json\/wp\/v2\/types\/product"}],"wp:featuredmedia":[{"embeddable":true,"href":"https:\/\/www.bokshop.lu.se\/en\/wp-json\/wp\/v2\/media\/12125"}],"wp:attachment":[{"href":"https:\/\/www.bokshop.lu.se\/en\/wp-json\/wp\/v2\/media?parent=12123"}],"wp:term":[{"taxonomy":"product_brand","embeddable":true,"href":"https:\/\/www.bokshop.lu.se\/en\/wp-json\/wp\/v2\/product_brand?post=12123"},{"taxonomy":"product_cat","embeddable":true,"href":"https:\/\/www.bokshop.lu.se\/en\/wp-json\/wp\/v2\/product_cat?post=12123"},{"taxonomy":"product_tag","embeddable":true,"href":"https:\/\/www.bokshop.lu.se\/en\/wp-json\/wp\/v2\/product_tag?post=12123"}],"curies":[{"name":"wp","href":"https:\/\/api.w.org\/{rel}","templated":true}]}}