{"id":12101,"date":"2025-05-19T15:37:40","date_gmt":"2025-05-19T13:37:40","guid":{"rendered":"https:\/\/www.bokshop.lu.se\/?post_type=product&#038;p=12101"},"modified":"2025-05-19T15:37:40","modified_gmt":"2025-05-19T13:37:40","slug":"sex-artiklar-om-skonlitterar-prosa","status":"publish","type":"product","link":"https:\/\/www.bokshop.lu.se\/en\/uncategorized\/sex-artiklar-om-skonlitterar-prosa\/","title":{"rendered":"Sex artiklar om sk\u00f6nlitter\u00e4r prosa"},"content":{"rendered":"<p>I denna bok \u00e5terpublicerar jag sex artiklar om den moderna sk\u00f6nlitter\u00e4ra svenska prosan. Tv\u00e5 av artiklarna ger f\u00f6rdjupade analyser av Kerstin Ekmans romaninledningar i Urminnes tecken (2000) respektive Skraplotter (2003). En handlar om kvantitativ metod som redskap vid stilanalys. \u00d6vriga artiklar behandlar den sk\u00f6nlitter\u00e4ra prosan som spr\u00e5kligt material och tar upp tempusbruk, interpunktion och ordf\u00f6rr\u00e5d. Det analyserade materialet utg\u00f6rs av s\u00e5v\u00e4l kvalitetsromaner som goda underh\u00e5llningsromaner.<\/p>\n<p>D\u00e4rut\u00f6ver inneh\u00e5ller boken f\u00f6rslag till vidare l\u00e4sning. Detta avsnitt ger en t\u00e4mligen helt\u00e4ckande genomg\u00e5ng av vad som har gjorts inom omr\u00e5det svensk litter\u00e4r stilistik under de senaste dryga 30 \u00e5ren. H\u00e4r ges utf\u00f6rliga referat av s\u00e5dana studier som definierar \u00e4mnet, varvat med mera kortfattade l\u00e4stips.<\/p>\n<p>N\u00e4r AI tar \u00f6ver stora delar av v\u00e5r textproduktion vill jag best\u00e4mt h\u00e4vda att den viktiga och riktiga sk\u00f6nlitteraturen aldrig kommer att kunna f\u00f6rfattas \u2013 eller f\u00f6r den delen analyseras \u2013 annat \u00e4n av m\u00e4nniskor av k\u00f6tt och blod. Min f\u00f6rhoppning \u00e4r att boken ska kunna \u00f6ka intresset f\u00f6r forskningen kring den mest sinnrika, v\u00e4rdefulla och vidunderliga svenska prosan.<\/p>\n","protected":false},"excerpt":{"rendered":"<p>I denna bok \u00e5terpublicerar jag sex artiklar om den moderna sk\u00f6nlitter\u00e4ra svenska prosan. Tv\u00e5 av artiklarna ger f\u00f6rdjupade analyser av Kerstin Ekmans romaninledningar i Urminnes tecken (2000) respektive Skraplotter (2003). En handlar om kvantitativ metod som redskap vid stilanalys. \u00d6vriga artiklar behandlar den sk\u00f6nlitter\u00e4ra prosan som spr\u00e5kligt material och tar upp tempusbruk, interpunktion och ordf\u00f6rr\u00e5d. [&hellip;]<\/p>\n","protected":false},"featured_media":12103,"template":"","meta":{"_acf_changed":false,"_relevanssi_hide_post":"","_relevanssi_hide_content":"","_relevanssi_pin_for_all":"","_relevanssi_pin_keywords":"","_relevanssi_unpin_keywords":"","_relevanssi_related_keywords":"","_relevanssi_related_include_ids":"","_relevanssi_related_exclude_ids":"","_relevanssi_related_no_append":"","_relevanssi_related_not_related":"","_relevanssi_related_posts":"","_relevanssi_noindex_reason":""},"product_brand":[],"product_cat":[98],"product_tag":[],"class_list":{"0":"post-12101","1":"product","2":"type-product","3":"status-publish","4":"has-post-thumbnail","6":"product_cat-lundastudier-i-nordisk-sprakvetenskap-serie-a","8":"first","9":"instock","10":"taxable","11":"shipping-taxable","12":"purchasable","13":"product-type-simple"},"acf":[],"_links":{"self":[{"href":"https:\/\/www.bokshop.lu.se\/en\/wp-json\/wp\/v2\/product\/12101","targetHints":{"allow":["GET"]}}],"collection":[{"href":"https:\/\/www.bokshop.lu.se\/en\/wp-json\/wp\/v2\/product"}],"about":[{"href":"https:\/\/www.bokshop.lu.se\/en\/wp-json\/wp\/v2\/types\/product"}],"wp:featuredmedia":[{"embeddable":true,"href":"https:\/\/www.bokshop.lu.se\/en\/wp-json\/wp\/v2\/media\/12103"}],"wp:attachment":[{"href":"https:\/\/www.bokshop.lu.se\/en\/wp-json\/wp\/v2\/media?parent=12101"}],"wp:term":[{"taxonomy":"product_brand","embeddable":true,"href":"https:\/\/www.bokshop.lu.se\/en\/wp-json\/wp\/v2\/product_brand?post=12101"},{"taxonomy":"product_cat","embeddable":true,"href":"https:\/\/www.bokshop.lu.se\/en\/wp-json\/wp\/v2\/product_cat?post=12101"},{"taxonomy":"product_tag","embeddable":true,"href":"https:\/\/www.bokshop.lu.se\/en\/wp-json\/wp\/v2\/product_tag?post=12101"}],"curies":[{"name":"wp","href":"https:\/\/api.w.org\/{rel}","templated":true}]}}