{"id":12041,"date":"2025-04-04T14:53:34","date_gmt":"2025-04-04T12:53:34","guid":{"rendered":"https:\/\/www.bokshop.lu.se\/?post_type=product&#038;p=12041"},"modified":"2025-04-04T14:53:34","modified_gmt":"2025-04-04T12:53:34","slug":"tiktok","status":"publish","type":"product","link":"https:\/\/www.bokshop.lu.se\/en\/okategoriserad\/tiktok\/","title":{"rendered":"TikTok"},"content":{"rendered":"<p>TikTok \u00e4r en av samtidens fr\u00e4msta lekplatser. Vad som helst<br \/>\noch vem som helst kan hitta en m\u00e5lgrupp. TikToks popularitet har inte g\u00e5tt obem\u00e4rkt f\u00f6rbi, vare sig i forskningen, politiken eller i den offentliga debatten. P\u00e5 bara n\u00e5gra \u00e5r har appen vuxit till en av v\u00e4rldens popul\u00e4raste och mest omdebatterade digitala plattformar. Den \u00e4r medskapare till popul\u00e4rkulturella trender med stor p\u00e5verkan p\u00e5 andra plattformar och kulturella branscher. P\u00e5 m\u00e5nga s\u00e4tt utg\u00f6r TikTok sinnebilden av dagens globaliserade masskultur.<br \/>\nI den h\u00e4r boken n\u00e4rmar sig ett antal kulturforskare fenome-<br \/>\nnet TikTok f\u00f6r att f\u00f6rst\u00e5 vad plattformen ber\u00e4ttar om dagens samh\u00e4lle, vilka funktioner den har f\u00f6r identitetsskapande<br \/>\noch gemenskap, samt vilka behov den tillfredsst\u00e4ller hos anv\u00e4ndarna. Vi intresserar oss f\u00f6r b\u00e5de smala nischer och<br \/>\nbreda trender. Vi fr\u00e5gar oss hur plattformens genomslag kan f\u00f6rst\u00e5s i relation till dess algoritmer och tekniska l\u00f6sningar.<br \/>\nBoken fokuserar p\u00e5 TikTok som m\u00f6tesplats d\u00e4r kulturella fenomen och praktiker uppst\u00e5r, utvecklas, korsas och sprids, samt l\u00e5ter sig studeras. Plattformens heterogenitet \u00e5terspeglas<br \/>\ni kapitlen, som behandlar generationskonflikter, ljudmem, musikbranschen, h\u00e4lsotrender, bokkultur, \u201ddark academia\u201d, akademisk prekaritet, f\u00e5r, radioaktiva samlingar, m\u00e4n med maskiner och medel\u00e5lders kvinnors sexualitet. Boken riktar sig b\u00e5de till dig som f\u00f6rundras \u00f6ver fenomenet TikTok i allm\u00e4nhet och till dig som har ett s\u00e4rskilt intresse av de specificiteter, nischer och gemenskaper som beskrivs i de olika kapitlen.<\/p>\n","protected":false},"excerpt":{"rendered":"<p>TikTok \u00e4r en av samtidens fr\u00e4msta lekplatser. Vad som helst och vem som helst kan hitta en m\u00e5lgrupp. TikToks popularitet har inte g\u00e5tt obem\u00e4rkt f\u00f6rbi, vare sig i forskningen, politiken eller i den offentliga debatten. P\u00e5 bara n\u00e5gra \u00e5r har appen vuxit till en av v\u00e4rldens popul\u00e4raste och mest omdebatterade digitala plattformar. Den \u00e4r medskapare [&hellip;]<\/p>\n","protected":false},"featured_media":12030,"template":"","meta":{"_acf_changed":false,"_relevanssi_hide_post":"","_relevanssi_hide_content":"","_relevanssi_pin_for_all":"","_relevanssi_pin_keywords":"","_relevanssi_unpin_keywords":"","_relevanssi_related_keywords":"","_relevanssi_related_include_ids":"","_relevanssi_related_exclude_ids":"","_relevanssi_related_no_append":"","_relevanssi_related_not_related":"","_relevanssi_related_posts":"","_relevanssi_noindex_reason":""},"product_brand":[],"product_cat":[79],"product_tag":[],"class_list":{"0":"post-12041","1":"product","2":"type-product","3":"status-publish","4":"has-post-thumbnail","6":"product_cat-lund-studies-in-arts-and-cultural-sciences-cultural-sciences","8":"first","9":"instock","10":"taxable","11":"shipping-taxable","12":"purchasable","13":"product-type-simple"},"acf":[],"_links":{"self":[{"href":"https:\/\/www.bokshop.lu.se\/en\/wp-json\/wp\/v2\/product\/12041","targetHints":{"allow":["GET"]}}],"collection":[{"href":"https:\/\/www.bokshop.lu.se\/en\/wp-json\/wp\/v2\/product"}],"about":[{"href":"https:\/\/www.bokshop.lu.se\/en\/wp-json\/wp\/v2\/types\/product"}],"wp:featuredmedia":[{"embeddable":true,"href":"https:\/\/www.bokshop.lu.se\/en\/wp-json\/wp\/v2\/media\/12030"}],"wp:attachment":[{"href":"https:\/\/www.bokshop.lu.se\/en\/wp-json\/wp\/v2\/media?parent=12041"}],"wp:term":[{"taxonomy":"product_brand","embeddable":true,"href":"https:\/\/www.bokshop.lu.se\/en\/wp-json\/wp\/v2\/product_brand?post=12041"},{"taxonomy":"product_cat","embeddable":true,"href":"https:\/\/www.bokshop.lu.se\/en\/wp-json\/wp\/v2\/product_cat?post=12041"},{"taxonomy":"product_tag","embeddable":true,"href":"https:\/\/www.bokshop.lu.se\/en\/wp-json\/wp\/v2\/product_tag?post=12041"}],"curies":[{"name":"wp","href":"https:\/\/api.w.org\/{rel}","templated":true}]}}