{"id":12035,"date":"2025-04-04T14:13:56","date_gmt":"2025-04-04T12:13:56","guid":{"rendered":"https:\/\/www.bokshop.lu.se\/?post_type=product&#038;p=12035"},"modified":"2025-04-04T14:13:56","modified_gmt":"2025-04-04T12:13:56","slug":"invigningskorsets-symbolsprak-berattar%ef%bf%bd","status":"publish","type":"product","link":"https:\/\/www.bokshop.lu.se\/en\/okategoriserad\/invigningskorsets-symbolsprak-berattar\/","title":{"rendered":"Invigningskorsets symbolspr\u00e5k ber\u00e4ttar\ufffd"},"content":{"rendered":"<p>F\u00f6rfattarens forskningsomr\u00e5de \u00e4r att sp\u00e5ra gemensamma drag mellan bildkonst och vissa visuella uttryck som traditionellt inte uppfattas vara str\u00e4ngt taget konstn\u00e4rliga enligt g\u00e4llande v\u00e4rderingar, men speglar symboliskt t\u00e4nkande: emblematik (symbolforskning), rituella visualiseringar (h\u00e4llristningar, sandm\u00e5lningar m.m.), animering och reklam. Som specialomr\u00e5de valdes det dualistiska inom den visuella upplevelsen: motsatsf\u00f6rh\u00e5llande mellan det best\u00e5ende och det f\u00f6r\u00e4nderliga, d\u00e4r det best\u00e5ende uppfattas s\u00e4krare och snabbare, d\u00e4remot det f\u00f6r\u00e4nderliga kr\u00e4ver mer tid f\u00f6r noggrannare observation. \u00c4ven inom det visuella uttrycket \u00e5terges n\u00e4mligen denna dualism genom det s.k. figur-bakgrund f\u00f6rh\u00e5llande vilket skildras genom en intensivare artikulering av betr\u00e4ffande bildf\u00e4lt f\u00f6r r\u00f6relse\/figur. Analysen g\u00e4ller h\u00e4r hur detta motsatsf\u00f6rh\u00e5llande \u00e5terges s\u00e5som olikartade sinnesintryck i samspel med varandra och inte enligt n\u00e5got str\u00e4ngt taget geometriskt konstruerat perspektivsystem.<br \/>\nI f\u00f6religgande arbetet analyseras hur tidigkristna religi\u00f6sa symboler med f\u00f6rhistoriska\/f\u00f6rkristna r\u00f6tter speglade sammanfl\u00e4tningen av missionstidens id\u00e9historiska str\u00f6mningar mellan de tv\u00e5 vederb\u00f6rande religionerna vid religionsskiftet. En del av denna symbolv\u00e4rld kan bed\u00f6mas vara av icke-konstn\u00e4rligt uttryck, men genom symbolv\u00e4rldens m\u00e5ngfaldiga formspr\u00e5k p\u00e5 detta gr\u00e4nsomr\u00e5de \u00e5terges tidsperiodens symboliska t\u00e4nkande mycket troget. Denna symbolv\u00e4rld visar p\u00e5 ett s\u00e4reget s\u00e4tt att \u00e4ven ett vedertaget koncept kan uppfattas i otaligt m\u00e5nga varianter.<br \/>\nJosef Borbas \u00e4r konsthistoriker. Fil.lic. i Konstvetenskap, Lunds universitet.<\/p>\n","protected":false},"excerpt":{"rendered":"<p>F\u00f6rfattarens forskningsomr\u00e5de \u00e4r att sp\u00e5ra gemensamma drag mellan bildkonst och vissa visuella uttryck som traditionellt inte uppfattas vara str\u00e4ngt taget konstn\u00e4rliga enligt g\u00e4llande v\u00e4rderingar, men speglar symboliskt t\u00e4nkande: emblematik (symbolforskning), rituella visualiseringar (h\u00e4llristningar, sandm\u00e5lningar m.m.), animering och reklam. Som specialomr\u00e5de valdes det dualistiska inom den visuella upplevelsen: motsatsf\u00f6rh\u00e5llande mellan det best\u00e5ende och det f\u00f6r\u00e4nderliga, d\u00e4r [&hellip;]<\/p>\n","protected":false},"featured_media":12024,"template":"","meta":{"_acf_changed":false,"_relevanssi_hide_post":"","_relevanssi_hide_content":"","_relevanssi_pin_for_all":"","_relevanssi_pin_keywords":"","_relevanssi_unpin_keywords":"","_relevanssi_related_keywords":"","_relevanssi_related_include_ids":"","_relevanssi_related_exclude_ids":"","_relevanssi_related_no_append":"","_relevanssi_related_not_related":"","_relevanssi_related_posts":"","_relevanssi_noindex_reason":""},"product_brand":[],"product_cat":[369],"product_tag":[],"class_list":{"0":"post-12035","1":"product","2":"type-product","3":"status-publish","4":"has-post-thumbnail","6":"product_cat-uncategorised","8":"first","9":"instock","10":"taxable","11":"shipping-taxable","12":"purchasable","13":"product-type-simple"},"acf":[],"_links":{"self":[{"href":"https:\/\/www.bokshop.lu.se\/en\/wp-json\/wp\/v2\/product\/12035","targetHints":{"allow":["GET"]}}],"collection":[{"href":"https:\/\/www.bokshop.lu.se\/en\/wp-json\/wp\/v2\/product"}],"about":[{"href":"https:\/\/www.bokshop.lu.se\/en\/wp-json\/wp\/v2\/types\/product"}],"wp:featuredmedia":[{"embeddable":true,"href":"https:\/\/www.bokshop.lu.se\/en\/wp-json\/wp\/v2\/media\/12024"}],"wp:attachment":[{"href":"https:\/\/www.bokshop.lu.se\/en\/wp-json\/wp\/v2\/media?parent=12035"}],"wp:term":[{"taxonomy":"product_brand","embeddable":true,"href":"https:\/\/www.bokshop.lu.se\/en\/wp-json\/wp\/v2\/product_brand?post=12035"},{"taxonomy":"product_cat","embeddable":true,"href":"https:\/\/www.bokshop.lu.se\/en\/wp-json\/wp\/v2\/product_cat?post=12035"},{"taxonomy":"product_tag","embeddable":true,"href":"https:\/\/www.bokshop.lu.se\/en\/wp-json\/wp\/v2\/product_tag?post=12035"}],"curies":[{"name":"wp","href":"https:\/\/api.w.org\/{rel}","templated":true}]}}