{"id":11539,"date":"2024-04-03T10:54:25","date_gmt":"2024-04-03T08:54:25","guid":{"rendered":"https:\/\/www.bokshop.lu.se\/?post_type=product&#038;p=11539"},"modified":"2024-04-03T10:54:25","modified_gmt":"2024-04-03T08:54:25","slug":"lagsprak-och-skriftlighet","status":"publish","type":"product","link":"https:\/\/www.bokshop.lu.se\/en\/produkt\/lagsprak-och-skriftlighet\/","title":{"rendered":"Lagspr\u00e5k och skriftlighet"},"content":{"rendered":"<p>Den h\u00e4r boken handlar om de lexikogrammatiska f\u00f6ruts\u00e4ttningarna f\u00f6r v\u00e4lfungerande och rimligt l\u00e4ttillg\u00e4ngliga inhemska lagtexter och \u00f6versatta EU-r\u00e4ttsakter och -domar. Bokens huvudtes \u00e4r att spr\u00e5kformen i b\u00e4gge fallen m\u00e5ste grundas p\u00e5 skriftlighet, dvs. p\u00e5 ett kvalificerat bruk av hela det formella skriftspr\u00e5kets konstruktionsregister och med strikt till\u00e4mpning av dess generella normsystem. Boken v\u00e4nder sig d\u00e4rmed emot de krav p\u00e5 muntlig enkelhet och ledigt spr\u00e5kbruk som i det l\u00e4ngsta pr\u00e4glade de svenska reaktionerna p\u00e5 millennieskiftets \u00f6versatta EU-r\u00e4ttsakter och domar. Dessa klarspr\u00e5kskrav \u2013 \u2022\u009dden svenska modellen f\u00f6r begripliga lagtexter\u2022\u009d \u2013 gick ut p\u00e5 att klara och begripliga lagtexter f\u00f6ruts\u00e4tter en spr\u00e5kgestaltning som s\u00e5 l\u00e5ngt m\u00f6jligt undviker det formella skriftspr\u00e5kets specifika konstruktioner, till exempel passiv konstruktion, nominalisering och tunga inneh\u00e5llsadverbial i mittf\u00e4ltet. I boken visas att denna st\u00e5ndpunkt \u00e4r oh\u00e5llbar b\u00e5de empiriskt och genreteoretiskt. I sj\u00e4lva verket kan den ha utgjort ett avg\u00f6rande hinder f\u00f6r en rationell hantering av problemen kring svenska EU-r\u00e4ttsakter och domar.<\/p>\n<p>Analysarbetet grundas p\u00e5 en funktionellt baserad beskrivning av den mera formella sakprosans konstruktionsregister, med s\u00e4rskilt fokus p\u00e5 lagspr\u00e5kets generella uttrycksbehov och de enskilda konstruktionernas potential att bidra till tydliga och rimligt l\u00e4ttillg\u00e4ngliga meningsstrukturer. I bokens avslutande del sker bland annat en j\u00e4mf\u00f6relse mellan spr\u00e5kformen i millennieskiftets svenska och danska EU-\u00f6vers\u00e4ttningar.<\/p>\n","protected":false},"excerpt":{"rendered":"<p>Den h\u00e4r boken handlar om de lexikogrammatiska f\u00f6ruts\u00e4ttningarna f\u00f6r v\u00e4lfungerande och rimligt l\u00e4ttillg\u00e4ngliga inhemska lagtexter och \u00f6versatta EU-r\u00e4ttsakter och -domar. Bokens huvudtes \u00e4r att spr\u00e5kformen i b\u00e4gge fallen m\u00e5ste grundas p\u00e5 skriftlighet, dvs. p\u00e5 ett kvalificerat bruk av hela det formella skriftspr\u00e5kets konstruktionsregister och med strikt till\u00e4mpning av dess generella normsystem. Boken v\u00e4nder sig d\u00e4rmed [&hellip;]<\/p>\n","protected":false},"featured_media":11541,"template":"","meta":{"_acf_changed":false,"_relevanssi_hide_post":"","_relevanssi_hide_content":"","_relevanssi_pin_for_all":"","_relevanssi_pin_keywords":"","_relevanssi_unpin_keywords":"","_relevanssi_related_keywords":"","_relevanssi_related_include_ids":"","_relevanssi_related_exclude_ids":"","_relevanssi_related_no_append":"","_relevanssi_related_not_related":"","_relevanssi_related_posts":"","_relevanssi_noindex_reason":""},"product_brand":[],"product_cat":[98],"product_tag":[],"class_list":{"0":"post-11539","1":"product","2":"type-product","3":"status-publish","4":"has-post-thumbnail","6":"product_cat-lundastudier-i-nordisk-sprakvetenskap-serie-a","8":"first","9":"instock","10":"taxable","11":"shipping-taxable","12":"purchasable","13":"product-type-simple"},"acf":[],"_links":{"self":[{"href":"https:\/\/www.bokshop.lu.se\/en\/wp-json\/wp\/v2\/product\/11539","targetHints":{"allow":["GET"]}}],"collection":[{"href":"https:\/\/www.bokshop.lu.se\/en\/wp-json\/wp\/v2\/product"}],"about":[{"href":"https:\/\/www.bokshop.lu.se\/en\/wp-json\/wp\/v2\/types\/product"}],"wp:featuredmedia":[{"embeddable":true,"href":"https:\/\/www.bokshop.lu.se\/en\/wp-json\/wp\/v2\/media\/11541"}],"wp:attachment":[{"href":"https:\/\/www.bokshop.lu.se\/en\/wp-json\/wp\/v2\/media?parent=11539"}],"wp:term":[{"taxonomy":"product_brand","embeddable":true,"href":"https:\/\/www.bokshop.lu.se\/en\/wp-json\/wp\/v2\/product_brand?post=11539"},{"taxonomy":"product_cat","embeddable":true,"href":"https:\/\/www.bokshop.lu.se\/en\/wp-json\/wp\/v2\/product_cat?post=11539"},{"taxonomy":"product_tag","embeddable":true,"href":"https:\/\/www.bokshop.lu.se\/en\/wp-json\/wp\/v2\/product_tag?post=11539"}],"curies":[{"name":"wp","href":"https:\/\/api.w.org\/{rel}","templated":true}]}}