{"id":11517,"date":"2024-03-19T13:17:35","date_gmt":"2024-03-19T12:15:40","guid":{"rendered":"https:\/\/www.bokshop.lu.se\/?post_type=product&#038;p=11517"},"modified":"2024-03-19T13:18:02","modified_gmt":"2024-03-19T12:18:02","slug":"moba02-extg55-cellens-kemi-och-biokemi","status":"publish","type":"product","link":"https:\/\/www.bokshop.lu.se\/en\/produkt\/moba02-extg55-cellens-kemi-och-biokemi\/","title":{"rendered":"MOBA02  EXTG55 Cellens kemi och biokemi"},"content":{"rendered":"<p>Tillh\u00f6r kursen MOBA02 och EXTG55<br \/>\nDenna kursen \u00e4r p\u00e5 svenska<\/p>\n","protected":false},"excerpt":{"rendered":"<p>Tillh\u00f6r kursen MOBA02 och EXTG55 Denna kursen \u00e4r p\u00e5 svenska<\/p>\n","protected":false},"featured_media":11519,"template":"","meta":{"_acf_changed":false,"_relevanssi_hide_post":"","_relevanssi_hide_content":"","_relevanssi_pin_for_all":"","_relevanssi_pin_keywords":"","_relevanssi_unpin_keywords":"","_relevanssi_related_keywords":"","_relevanssi_related_include_ids":"","_relevanssi_related_exclude_ids":"","_relevanssi_related_no_append":"","_relevanssi_related_not_related":"","_relevanssi_related_posts":"","_relevanssi_noindex_reason":""},"product_brand":[],"product_cat":[391],"product_tag":[],"class_list":{"0":"post-11517","1":"product","2":"type-product","3":"status-publish","4":"has-post-thumbnail","6":"product_cat-uncategorized","8":"first","9":"instock","10":"purchasable","11":"product-type-simple"},"acf":[],"_links":{"self":[{"href":"https:\/\/www.bokshop.lu.se\/en\/wp-json\/wp\/v2\/product\/11517","targetHints":{"allow":["GET"]}}],"collection":[{"href":"https:\/\/www.bokshop.lu.se\/en\/wp-json\/wp\/v2\/product"}],"about":[{"href":"https:\/\/www.bokshop.lu.se\/en\/wp-json\/wp\/v2\/types\/product"}],"wp:featuredmedia":[{"embeddable":true,"href":"https:\/\/www.bokshop.lu.se\/en\/wp-json\/wp\/v2\/media\/11519"}],"wp:attachment":[{"href":"https:\/\/www.bokshop.lu.se\/en\/wp-json\/wp\/v2\/media?parent=11517"}],"wp:term":[{"taxonomy":"product_brand","embeddable":true,"href":"https:\/\/www.bokshop.lu.se\/en\/wp-json\/wp\/v2\/product_brand?post=11517"},{"taxonomy":"product_cat","embeddable":true,"href":"https:\/\/www.bokshop.lu.se\/en\/wp-json\/wp\/v2\/product_cat?post=11517"},{"taxonomy":"product_tag","embeddable":true,"href":"https:\/\/www.bokshop.lu.se\/en\/wp-json\/wp\/v2\/product_tag?post=11517"}],"curies":[{"name":"wp","href":"https:\/\/api.w.org\/{rel}","templated":true}]}}