{"id":11455,"date":"2024-02-15T11:03:02","date_gmt":"2024-02-15T10:03:02","guid":{"rendered":"https:\/\/www.bokshop.lu.se\/?post_type=product&#038;p=11455"},"modified":"2024-02-15T11:03:02","modified_gmt":"2024-02-15T10:03:02","slug":"teologisering-i-predikan","status":"publish","type":"product","link":"https:\/\/www.bokshop.lu.se\/en\/produkt\/teologisering-i-predikan\/","title":{"rendered":"Teologisering i predikan"},"content":{"rendered":"<p>Varje vecka h\u00e5lls \u00f6ver tusen predikningar inom Svenska kyrkan. I var och en av dessa formuleras teologi n\u00e4r predikanter tolkar bibeltexter, kontexter och traditioner. Den h\u00e4r avhandlingen bygger p\u00e5 en empirisk unders\u00f6kning av \u00f6ver 200 predikningar fr\u00e5n Svenska kyrkan, insamlade under \u00e5r 2020. Med hj\u00e4lp av begreppet teologisering analyserar f\u00f6rfattaren hur predikanter formar teologi i predikan och hur n\u00e5gra av huvudmotiven i denna teologi ser ut.<\/p>\n<p>F\u00f6rfattaren menar att den teologisering som sker i predikan \u00e4r med och formar det teologiska t\u00e4nkandet i Svenska kyrkan \u2013 eller kanske sj\u00e4lva rummet, utrymmet, f\u00f6r detta t\u00e4nkande. Det pr\u00e4ster talar om i predikan kan man ocks\u00e5 tala om vid kyrkkaffet och i andra sammanhang. Teman, fr\u00e5gor och perspektiv som d\u00e4remot aldrig ber\u00f6rs i predikan riskerar att av \u00e5h\u00f6rarna uppfattas som mindre teologiskt intressanta eller till och med inte hemmah\u00f6rande i det teologiska samtalet. P\u00e5 s\u00e5 s\u00e4tt kan predikan b\u00e5de vidga och reducera rummet f\u00f6r det teologiska t\u00e4nkandet.<\/p>\n<p>D\u00e4rtill befinner sig predikan ibland just i den konstruktiva teologins framkant. N\u00e4r n\u00e5got nytt och signifikant sker i omv\u00e4rlden \u00e4r det bland andra predikanterna som tidigt formulerar sig teologiskt kring detta.<\/p>\n<p>Allt detta bidrar till vikten av att rikta ljuset mot den teologisering som sker i predikan och den teologi som formuleras d\u00e4r.<\/p>\n","protected":false},"excerpt":{"rendered":"<p>Varje vecka h\u00e5lls \u00f6ver tusen predikningar inom Svenska kyrkan. I var och en av dessa formuleras teologi n\u00e4r predikanter tolkar bibeltexter, kontexter och traditioner. Den h\u00e4r avhandlingen bygger p\u00e5 en empirisk unders\u00f6kning av \u00f6ver 200 predikningar fr\u00e5n Svenska kyrkan, insamlade under \u00e5r 2020. Med hj\u00e4lp av begreppet teologisering analyserar f\u00f6rfattaren hur predikanter formar teologi i [&hellip;]<\/p>\n","protected":false},"featured_media":11434,"template":"","meta":{"_acf_changed":false,"_relevanssi_hide_post":"","_relevanssi_hide_content":"","_relevanssi_pin_for_all":"","_relevanssi_pin_keywords":"","_relevanssi_unpin_keywords":"","_relevanssi_related_keywords":"","_relevanssi_related_include_ids":"","_relevanssi_related_exclude_ids":"","_relevanssi_related_no_append":"","_relevanssi_related_not_related":"","_relevanssi_related_posts":"","_relevanssi_noindex_reason":""},"product_brand":[],"product_cat":[159],"product_tag":[],"class_list":{"0":"post-11455","1":"product","2":"type-product","3":"status-publish","4":"has-post-thumbnail","6":"product_cat-hogskolan-kristianstad","8":"first","9":"instock","10":"taxable","11":"shipping-taxable","12":"purchasable","13":"product-type-simple"},"acf":[],"_links":{"self":[{"href":"https:\/\/www.bokshop.lu.se\/en\/wp-json\/wp\/v2\/product\/11455","targetHints":{"allow":["GET"]}}],"collection":[{"href":"https:\/\/www.bokshop.lu.se\/en\/wp-json\/wp\/v2\/product"}],"about":[{"href":"https:\/\/www.bokshop.lu.se\/en\/wp-json\/wp\/v2\/types\/product"}],"wp:featuredmedia":[{"embeddable":true,"href":"https:\/\/www.bokshop.lu.se\/en\/wp-json\/wp\/v2\/media\/11434"}],"wp:attachment":[{"href":"https:\/\/www.bokshop.lu.se\/en\/wp-json\/wp\/v2\/media?parent=11455"}],"wp:term":[{"taxonomy":"product_brand","embeddable":true,"href":"https:\/\/www.bokshop.lu.se\/en\/wp-json\/wp\/v2\/product_brand?post=11455"},{"taxonomy":"product_cat","embeddable":true,"href":"https:\/\/www.bokshop.lu.se\/en\/wp-json\/wp\/v2\/product_cat?post=11455"},{"taxonomy":"product_tag","embeddable":true,"href":"https:\/\/www.bokshop.lu.se\/en\/wp-json\/wp\/v2\/product_tag?post=11455"}],"curies":[{"name":"wp","href":"https:\/\/api.w.org\/{rel}","templated":true}]}}