{"id":11450,"date":"2024-02-15T10:45:11","date_gmt":"2024-02-15T09:44:30","guid":{"rendered":"https:\/\/www.bokshop.lu.se\/?post_type=product&#038;p=11450"},"modified":"2024-02-15T12:27:14","modified_gmt":"2024-02-15T11:27:14","slug":"sma-barns-digitala-vardagsliv","status":"publish","type":"product","link":"https:\/\/www.bokshop.lu.se\/en\/produkt\/sma-barns-digitala-vardagsliv\/","title":{"rendered":"Sm\u00e5 barns digitala vardagsliv"},"content":{"rendered":"<p>Hur riktigt sm\u00e5 barn, 0\u20133 \u00e5r, f\u00e5r sina f\u00f6rsta kontakter med den digitala v\u00e4rlden, utg\u00f6r fokus i denna rapport. I ett fler\u00e5rigt projekt har 16 sm\u00e5barnsfamiljer studerats i syfte att komma riktigt n\u00e4ra hur medier av skilda slag introduceras f\u00f6r barnet, hur de anv\u00e4nds och hanteras samt hur f\u00f6r\u00e4ldrar f\u00f6rh\u00e5ller sig till den digitala medietekniken som del av barnets uppv\u00e4xt. Projektet, som utf\u00f6rts av ett forskarteam fr\u00e5n Lunds universitet, H\u00f6gskolan i Halmstad och Malm\u00f6 universitet, \u00e4r unikt p\u00e5 s\u00e5 s\u00e4tt att de allra minsta barnen inte tidigare studerats p\u00e5 ett s\u00e5 ing\u00e5ende s\u00e4tt som i denna studie. Forskarna har anv\u00e4nt en m\u00e5ngfald av metoder best\u00e5ende av videoobservationer i barnens hem, ing\u00e5ende personliga intervjuer med f\u00f6r\u00e4ldrar samt f\u00e4ltanteckningar.<\/p>\n<p>Det framkommer att det s\u00e5 kallade uppkopplade hemmet \u00e4r mer regel \u00e4n undantag. N\u00e4r de minsta barnen kommer till f\u00f6rskolan \u00e4r de redan vana vid digitala medier. En del tv\u00e5\u00e5ringar har t o m en egen mobiltelefon med spelfunktioner. De vet hur de ska trycka p\u00e5 knappar och kan n\u00e5 upp till ikonen YouTube p\u00e5 stora sk\u00e4rmen i vardagsrummet. De har erfarenhet av att vara p\u00e5 FaceTime f\u00f6r att prata med mormor och morfar, f\u00f6r att ta n\u00e5gra exempel p\u00e5 resultat fr\u00e5n denna studie. Samtidigt \u00e4r f\u00f6r\u00e4ldrarna ofta medvetna om att det kan bli f\u00f6r mycket av det goda och uttrycker ocks\u00e5 vissa farh\u00e5gor om att medier kan ta f\u00f6r mycket tid i anspr\u00e5k, p\u00e5 samma g\u00e5ng som de i grunden \u00e4r positiva till de digitala mediernas m\u00f6jligheter och snarare ser som sin uppgift att st\u00f6tta sitt barn i handhavandet av olika apparater och deras funktioner.<\/p>\n<p>\u00c4mnet f\u00f6r projektet \u00e4r h\u00f6gaktuellt, d\u00e5 det p\u00e5g\u00e5r en debatt i samh\u00e4llet om hur de digitala medierna, s\u00e4rskilt att sitta framf\u00f6r \u2022\u009dsk\u00e4rmar\u2022\u009d, kan t\u00e4nkas p\u00e5verka det lilla barnets fysiska och psykiska utveckling. V\u00e4rldsh\u00e4lsoorganisationen (WHO) har varnat f\u00f6r att alltf\u00f6r mycket stillasittande framf\u00f6r sk\u00e4rmar kan ha skadlig inverkan p\u00e5 v\u00e5ra yngsta. Till den diskussionen l\u00e4mnar f\u00f6religgande projekt ett viktigt bidrag.<\/p>\n<p>Ingegerd Rydin<br \/>\nProfessor emerita i medie- och kommunikationsvetenskap<\/p>\n","protected":false},"excerpt":{"rendered":"<p>Hur riktigt sm\u00e5 barn, 0\u20133 \u00e5r, f\u00e5r sina f\u00f6rsta kontakter med den digitala v\u00e4rlden, utg\u00f6r fokus i denna rapport. I ett fler\u00e5rigt projekt har 16 sm\u00e5barnsfamiljer studerats i syfte att komma riktigt n\u00e4ra hur medier av skilda slag introduceras f\u00f6r barnet, hur de anv\u00e4nds och hanteras samt hur f\u00f6r\u00e4ldrar f\u00f6rh\u00e5ller sig till den digitala medietekniken [&hellip;]<\/p>\n","protected":false},"featured_media":11452,"template":"","meta":{"_acf_changed":false,"_relevanssi_hide_post":"","_relevanssi_hide_content":"","_relevanssi_pin_for_all":"","_relevanssi_pin_keywords":"","_relevanssi_unpin_keywords":"","_relevanssi_related_keywords":"","_relevanssi_related_include_ids":"","_relevanssi_related_exclude_ids":"","_relevanssi_related_no_append":"","_relevanssi_related_not_related":"","_relevanssi_related_posts":"","_relevanssi_noindex_reason":""},"product_brand":[],"product_cat":[143,410],"product_tag":[],"class_list":{"0":"post-11450","1":"product","2":"type-product","3":"status-publish","4":"has-post-thumbnail","6":"product_cat-media-and-communicationscience","7":"product_cat-non-serial-books-media-and-communication-studies","9":"first","10":"instock","11":"taxable","12":"shipping-taxable","13":"purchasable","14":"product-type-simple"},"acf":[],"_links":{"self":[{"href":"https:\/\/www.bokshop.lu.se\/en\/wp-json\/wp\/v2\/product\/11450","targetHints":{"allow":["GET"]}}],"collection":[{"href":"https:\/\/www.bokshop.lu.se\/en\/wp-json\/wp\/v2\/product"}],"about":[{"href":"https:\/\/www.bokshop.lu.se\/en\/wp-json\/wp\/v2\/types\/product"}],"wp:featuredmedia":[{"embeddable":true,"href":"https:\/\/www.bokshop.lu.se\/en\/wp-json\/wp\/v2\/media\/11452"}],"wp:attachment":[{"href":"https:\/\/www.bokshop.lu.se\/en\/wp-json\/wp\/v2\/media?parent=11450"}],"wp:term":[{"taxonomy":"product_brand","embeddable":true,"href":"https:\/\/www.bokshop.lu.se\/en\/wp-json\/wp\/v2\/product_brand?post=11450"},{"taxonomy":"product_cat","embeddable":true,"href":"https:\/\/www.bokshop.lu.se\/en\/wp-json\/wp\/v2\/product_cat?post=11450"},{"taxonomy":"product_tag","embeddable":true,"href":"https:\/\/www.bokshop.lu.se\/en\/wp-json\/wp\/v2\/product_tag?post=11450"}],"curies":[{"name":"wp","href":"https:\/\/api.w.org\/{rel}","templated":true}]}}