{"id":11425,"date":"2024-01-30T10:05:09","date_gmt":"2024-01-30T09:05:09","guid":{"rendered":"https:\/\/www.bokshop.lu.se\/?post_type=product&#038;p=11425"},"modified":"2024-01-30T10:05:09","modified_gmt":"2024-01-30T09:05:09","slug":"i-skuggan-av-karl-august","status":"publish","type":"product","link":"https:\/\/www.bokshop.lu.se\/en\/produkt\/i-skuggan-av-karl-august\/","title":{"rendered":"I skuggan av Karl August"},"content":{"rendered":"<p>&#8211; Du riksf\u00f6rr\u00e4dare!<br \/>\n&#8211; Nu \u00e4r det nog, nu ska du ut och d\u00f6 efter v\u00e5r lag!<br \/>\n&#8211; S\u00e4tt in era sablar, de duger inte h\u00e4r!<br \/>\n&#8211; F\u00e4ll ej bajonett mot oss gossar, det duger inte!<br \/>\n&#8211; Det \u00e4r inte slut med det h\u00e4r. Det finns \u00e4nnu fler f\u00f6rr\u00e4dare kvar och om jag \u00e4n ska uppoffra mitt liv s\u00e5 ska h\u00e4r bli annorlunda!<\/p>\n<p>Fem repliker fr\u00e5n Stockholm eftermiddagen den 20 juni 1810. Fersenska upploppet rasar f\u00f6r fullt, riksmarskalken Axel von Fersen har d\u00f6dats p\u00e5 Riddarhustorget och stora folkmassor utk\u00e4mpar nu gatustrider mot utkommenderad milit\u00e4r i gr\u00e4nderna upp mot kungliga slottet. Det \u00e4r likprocessionen efter den under oklara omst\u00e4ndigheter avlidne kronprinsen Karl August som f\u00f6rvandlats fr\u00e5n en stillsam manifestation till ett blodigt upplopp. Hur kunde detta ske?<\/p>\n<p>I skuggan av Karl August tar \u00e4nnu en g\u00e5ng upp det fersenska upploppet till besk\u00e5dan. Genom en systematisk analys av tillst\u00e5ndet i Sverige under \u00e5ret innan upploppet samt en noggrann uppf\u00f6ljning av direkta och indirekta konsekvenser av upploppet besvaras fr\u00e5gan om hur detta kunde ske och fersenska upploppets avg\u00f6rande betydelse f\u00f6r den historiska utvecklingen i Sverige under 1800-talets f\u00f6rsta decennier kommer att st\u00e5 klar.<\/p>\n","protected":false},"excerpt":{"rendered":"<p>&#8211; Du riksf\u00f6rr\u00e4dare! &#8211; Nu \u00e4r det nog, nu ska du ut och d\u00f6 efter v\u00e5r lag! &#8211; S\u00e4tt in era sablar, de duger inte h\u00e4r! &#8211; F\u00e4ll ej bajonett mot oss gossar, det duger inte! &#8211; Det \u00e4r inte slut med det h\u00e4r. Det finns \u00e4nnu fler f\u00f6rr\u00e4dare kvar och om jag \u00e4n ska [&hellip;]<\/p>\n","protected":false},"featured_media":11397,"template":"","meta":{"_acf_changed":false,"_relevanssi_hide_post":"","_relevanssi_hide_content":"","_relevanssi_pin_for_all":"","_relevanssi_pin_keywords":"","_relevanssi_unpin_keywords":"","_relevanssi_related_keywords":"","_relevanssi_related_include_ids":"","_relevanssi_related_exclude_ids":"","_relevanssi_related_no_append":"","_relevanssi_related_not_related":"","_relevanssi_related_posts":"","_relevanssi_noindex_reason":""},"product_brand":[],"product_cat":[74],"product_tag":[],"class_list":{"0":"post-11425","1":"product","2":"type-product","3":"status-publish","4":"has-post-thumbnail","6":"product_cat-studia-historica-lundensia","8":"first","9":"instock","10":"taxable","11":"shipping-taxable","12":"purchasable","13":"product-type-simple"},"acf":[],"_links":{"self":[{"href":"https:\/\/www.bokshop.lu.se\/en\/wp-json\/wp\/v2\/product\/11425","targetHints":{"allow":["GET"]}}],"collection":[{"href":"https:\/\/www.bokshop.lu.se\/en\/wp-json\/wp\/v2\/product"}],"about":[{"href":"https:\/\/www.bokshop.lu.se\/en\/wp-json\/wp\/v2\/types\/product"}],"wp:featuredmedia":[{"embeddable":true,"href":"https:\/\/www.bokshop.lu.se\/en\/wp-json\/wp\/v2\/media\/11397"}],"wp:attachment":[{"href":"https:\/\/www.bokshop.lu.se\/en\/wp-json\/wp\/v2\/media?parent=11425"}],"wp:term":[{"taxonomy":"product_brand","embeddable":true,"href":"https:\/\/www.bokshop.lu.se\/en\/wp-json\/wp\/v2\/product_brand?post=11425"},{"taxonomy":"product_cat","embeddable":true,"href":"https:\/\/www.bokshop.lu.se\/en\/wp-json\/wp\/v2\/product_cat?post=11425"},{"taxonomy":"product_tag","embeddable":true,"href":"https:\/\/www.bokshop.lu.se\/en\/wp-json\/wp\/v2\/product_tag?post=11425"}],"curies":[{"name":"wp","href":"https:\/\/api.w.org\/{rel}","templated":true}]}}