{"id":11400,"date":"2024-01-15T14:39:38","date_gmt":"2024-01-15T13:39:38","guid":{"rendered":"https:\/\/www.bokshop.lu.se\/?post_type=product&#038;p=11400"},"modified":"2024-01-15T14:39:38","modified_gmt":"2024-01-15T13:39:38","slug":"varfor-skarper-vi-oss-inte","status":"publish","type":"product","link":"https:\/\/www.bokshop.lu.se\/en\/produkt\/varfor-skarper-vi-oss-inte\/","title":{"rendered":"Varf\u00f6r sk\u00e4rper vi oss inte"},"content":{"rendered":"<p>I denna v\u00e4nbok hyllar och uppm\u00e4rksammar vi en alldeles s\u00e4rskild person &#8211; Tapio Salonen, professor i socialt arbete. Tapios forskning tar st\u00e4llning och s\u00f6ker att g\u00f6ra skillnad; den tar st\u00e4llning f\u00f6r den \u2022\u2122lilla m\u00e4nniskan\u2022\u2122 och ger sig i kast med de samh\u00e4llsstrukturer, den politik, de myndigheter och de praktiker som bidrar till att samh\u00e4llsklyftor uppr\u00e4tth\u00e5lls eller \u00f6kar. Genom att reflektera och analysera i linje med Tapio Salonens forskarg\u00e4rning presenteras forskning som r\u00f6r samspelet mellan individ och samh\u00e4lle.<\/p>\n<p>Bokens kapitel lyfter exempel p\u00e5 hur vi kan f\u00f6rst\u00e5 individen i samh\u00e4llet och samh\u00e4llet i individen; hur individens liv formas \u2013 begr\u00e4nsas och frig\u00f6rs \u2013 av samh\u00e4llets strukturer. Fr\u00e5gan: Varf\u00f6r sk\u00e4rper vi oss inte? riktar str\u00e5lkastarljuset mot hur individen problematiseras och pressas till att \u00e4ndra sig, \u00e4ven n\u00e4r problemen snarare \u00e5terfinns i samh\u00e4llsstrukturen, i dess politik, organisationer och praktiker, vilket inte minst inkluderar socialt arbete som politik- och praktikomr\u00e5de. H\u00e4r har Tapio Salonens forskningsinsatser genom \u00e5ren varit omfattande och haft genomslag som de flesta av oss bara dr\u00f6mmer om. S\u00e5, hur kan vi alla bli mer som Tapio? Bokens f\u00f6rfattare, som samtliga haft Tapio som handledare under sin forskarutbildning, g\u00f6r h\u00e4r utifr\u00e5n sina olika forskningsomr\u00e5den ett samlat f\u00f6rs\u00f6k att med hela handen peka i vilken riktning vi b\u00f6r g\u00e5. Ett f\u00f6rsta steg \u00e4r att \u00f6ppna \u00f6gonen f\u00f6r de strukturer som styr v\u00e5ra liv, och d\u00e5 \u00e4r denna bok en oumb\u00e4rlig guide. Det andra steget \u00e4r att utforska hur oj\u00e4mlikhet i samh\u00e4llet inte \u00e4r en slump, utan snarare resultatet av olika akt\u00f6rers medvetna val.<\/p>\n<p>Boken v\u00e4nder sig till s\u00e5v\u00e4l politiker, praktiker och studenter som den som \u00e4r intresserad av sociala fr\u00e5gor i bred bem\u00e4rkelse. L\u00e4s och l\u00e4r, f\u00f6r att f\u00f6rst\u00e5 och f\u00f6r\u00e4ndra. L\u00e5t den h\u00e4r boken bli ett verktyg p\u00e5 resan mot en insiktsfull och j\u00e4mlik framtid!<\/p>\n","protected":false},"excerpt":{"rendered":"<p>I denna v\u00e4nbok hyllar och uppm\u00e4rksammar vi en alldeles s\u00e4rskild person &#8211; Tapio Salonen, professor i socialt arbete. Tapios forskning tar st\u00e4llning och s\u00f6ker att g\u00f6ra skillnad; den tar st\u00e4llning f\u00f6r den \u2022\u2122lilla m\u00e4nniskan\u2022\u2122 och ger sig i kast med de samh\u00e4llsstrukturer, den politik, de myndigheter och de praktiker som bidrar till att samh\u00e4llsklyftor uppr\u00e4tth\u00e5lls [&hellip;]<\/p>\n","protected":false},"featured_media":11402,"template":"","meta":{"_acf_changed":false,"_relevanssi_hide_post":"","_relevanssi_hide_content":"","_relevanssi_pin_for_all":"","_relevanssi_pin_keywords":"","_relevanssi_unpin_keywords":"","_relevanssi_related_keywords":"","_relevanssi_related_include_ids":"","_relevanssi_related_exclude_ids":"","_relevanssi_related_no_append":"","_relevanssi_related_not_related":"","_relevanssi_related_posts":"","_relevanssi_noindex_reason":""},"product_brand":[],"product_cat":[369],"product_tag":[],"class_list":{"0":"post-11400","1":"product","2":"type-product","3":"status-publish","4":"has-post-thumbnail","6":"product_cat-uncategorised","8":"first","9":"instock","10":"taxable","11":"shipping-taxable","12":"purchasable","13":"product-type-simple"},"acf":[],"_links":{"self":[{"href":"https:\/\/www.bokshop.lu.se\/en\/wp-json\/wp\/v2\/product\/11400","targetHints":{"allow":["GET"]}}],"collection":[{"href":"https:\/\/www.bokshop.lu.se\/en\/wp-json\/wp\/v2\/product"}],"about":[{"href":"https:\/\/www.bokshop.lu.se\/en\/wp-json\/wp\/v2\/types\/product"}],"wp:featuredmedia":[{"embeddable":true,"href":"https:\/\/www.bokshop.lu.se\/en\/wp-json\/wp\/v2\/media\/11402"}],"wp:attachment":[{"href":"https:\/\/www.bokshop.lu.se\/en\/wp-json\/wp\/v2\/media?parent=11400"}],"wp:term":[{"taxonomy":"product_brand","embeddable":true,"href":"https:\/\/www.bokshop.lu.se\/en\/wp-json\/wp\/v2\/product_brand?post=11400"},{"taxonomy":"product_cat","embeddable":true,"href":"https:\/\/www.bokshop.lu.se\/en\/wp-json\/wp\/v2\/product_cat?post=11400"},{"taxonomy":"product_tag","embeddable":true,"href":"https:\/\/www.bokshop.lu.se\/en\/wp-json\/wp\/v2\/product_tag?post=11400"}],"curies":[{"name":"wp","href":"https:\/\/api.w.org\/{rel}","templated":true}]}}