{"id":11393,"date":"2024-01-15T14:07:56","date_gmt":"2024-01-15T13:07:56","guid":{"rendered":"https:\/\/www.bokshop.lu.se\/?post_type=product&#038;p=11393"},"modified":"2024-01-15T14:07:56","modified_gmt":"2024-01-15T13:07:56","slug":"homo-sapiens-och-andra-djur","status":"publish","type":"product","link":"https:\/\/www.bokshop.lu.se\/en\/produkt\/homo-sapiens-och-andra-djur\/","title":{"rendered":"Homo sapiens och andra djur"},"content":{"rendered":"<p>\u2022\u009dEn m\u00e4nniskas biografi b\u00f6rjar l\u00e5ngt f\u00f6re f\u00f6dseln och forts\u00e4tter l\u00e5ngt efter d\u00f6den. Den h\u00e4nger ihop med natur och tid, den lever och d\u00f6r beroende p\u00e5 v\u00e4der och vind och v\u00e5rd. Den formas av f\u00f6r\u00e4ldrar och av dem som minns eller f\u00f6resatt sig att lyssna p\u00e5 vad som finns kvar, sp\u00e5ren i gr\u00e4set eller i arkiven.\u2022\u009d<br \/>\nGunnar Broberg, Mannen som ordnade naturen (2019)<\/p>\n<p>Den 9 november 2022 h\u00f6lls ett minnesseminarium om id\u00e9- och l\u00e4rdomshistorikern Gunnar Broberg (1942\u20132022) och hans forskarg\u00e4rning, arrangerat av avdelningen f\u00f6r id\u00e9- och l\u00e4rdomshistoria vid Lunds universitet. F\u00f6redragen, som h\u00e4r ges ut under redaktion av David Dun\u00e9r, Svante Nordin och Anna Tunlid, ger olika infallsvinklar p\u00e5 Brobergs bredd och m\u00e5ngsidighet, av hans betydelse som akademisk forskare men ocks\u00e5 av de avtryck hans forskning kom att s\u00e4tta i den offentliga debatten.<\/p>\n","protected":false},"excerpt":{"rendered":"<p>\u2022\u009dEn m\u00e4nniskas biografi b\u00f6rjar l\u00e5ngt f\u00f6re f\u00f6dseln och forts\u00e4tter l\u00e5ngt efter d\u00f6den. Den h\u00e4nger ihop med natur och tid, den lever och d\u00f6r beroende p\u00e5 v\u00e4der och vind och v\u00e5rd. Den formas av f\u00f6r\u00e4ldrar och av dem som minns eller f\u00f6resatt sig att lyssna p\u00e5 vad som finns kvar, sp\u00e5ren i gr\u00e4set eller i arkiven.\u2022\u009d [&hellip;]<\/p>\n","protected":false},"featured_media":11395,"template":"","meta":{"_acf_changed":false,"_relevanssi_hide_post":"","_relevanssi_hide_content":"","_relevanssi_pin_for_all":"","_relevanssi_pin_keywords":"","_relevanssi_unpin_keywords":"","_relevanssi_related_keywords":"","_relevanssi_related_include_ids":"","_relevanssi_related_exclude_ids":"","_relevanssi_related_no_append":"","_relevanssi_related_not_related":"","_relevanssi_related_posts":"","_relevanssi_noindex_reason":""},"product_brand":[],"product_cat":[80],"product_tag":[],"class_list":{"0":"post-11393","1":"product","2":"type-product","3":"status-publish","4":"has-post-thumbnail","6":"product_cat-ugglan-lund-studies-in-the-history-of-ideas-and-sciences-cultural-sciences","8":"first","9":"instock","10":"taxable","11":"shipping-taxable","12":"purchasable","13":"product-type-simple"},"acf":[],"_links":{"self":[{"href":"https:\/\/www.bokshop.lu.se\/en\/wp-json\/wp\/v2\/product\/11393","targetHints":{"allow":["GET"]}}],"collection":[{"href":"https:\/\/www.bokshop.lu.se\/en\/wp-json\/wp\/v2\/product"}],"about":[{"href":"https:\/\/www.bokshop.lu.se\/en\/wp-json\/wp\/v2\/types\/product"}],"wp:featuredmedia":[{"embeddable":true,"href":"https:\/\/www.bokshop.lu.se\/en\/wp-json\/wp\/v2\/media\/11395"}],"wp:attachment":[{"href":"https:\/\/www.bokshop.lu.se\/en\/wp-json\/wp\/v2\/media?parent=11393"}],"wp:term":[{"taxonomy":"product_brand","embeddable":true,"href":"https:\/\/www.bokshop.lu.se\/en\/wp-json\/wp\/v2\/product_brand?post=11393"},{"taxonomy":"product_cat","embeddable":true,"href":"https:\/\/www.bokshop.lu.se\/en\/wp-json\/wp\/v2\/product_cat?post=11393"},{"taxonomy":"product_tag","embeddable":true,"href":"https:\/\/www.bokshop.lu.se\/en\/wp-json\/wp\/v2\/product_tag?post=11393"}],"curies":[{"name":"wp","href":"https:\/\/api.w.org\/{rel}","templated":true}]}}