{"id":11258,"date":"2023-10-27T15:35:29","date_gmt":"2023-10-27T13:35:04","guid":{"rendered":"https:\/\/www.bokshop.lu.se\/?post_type=product&#038;p=11258"},"modified":"2024-03-15T16:30:34","modified_gmt":"2024-03-15T15:30:34","slug":"ketf01-transportprocesser-forelasningar","status":"publish","type":"product","link":"https:\/\/www.bokshop.lu.se\/en\/produkt\/ketf01-transportprocesser-forelasningar\/","title":{"rendered":"KETF01 Transportprocesser F\u00d6REL\u00c4SNINGAR"},"content":{"rendered":"<p>Tillh\u00f6r kursen KETF01<\/p>\n<p>Hur kan ett flygplan lyfta? Varf\u00f6r ser ytan p\u00e5 en golfboll ut som den g\u00f6r? Varf\u00f6r blir det imma p\u00e5 spegeln n\u00e4r man duschar? Kursen i Transportprocesser tar upp mekanismer f\u00f6r transport av impuls, v\u00e4rme och massa och beskriver dessa p\u00e5 allt fr\u00e5n mikroskopisk till makroskopisk niv\u00e5.<br \/>\nMed hj\u00e4lp av grundl\u00e4ggande teori f\u00f6r transport kan vi f\u00f6rst\u00e5 fenomen b\u00e5de i vardagen och i kemi- och biotekniska processer. Fokus ligger p\u00e5 transport av, och i, v\u00e4tskor och gaser vilket kommer till uttryck i olika industriella applikationer. I kursen behandlas bland annat fl\u00f6de i r\u00f6r- och pumpsystem samt v\u00e4rmev\u00e4xling.<\/p>\n","protected":false},"excerpt":{"rendered":"<p>Tillh\u00f6r kursen KETF01 Hur kan ett flygplan lyfta? Varf\u00f6r ser ytan p\u00e5 en golfboll ut som den g\u00f6r? Varf\u00f6r blir det imma p\u00e5 spegeln n\u00e4r man duschar? Kursen i Transportprocesser tar upp mekanismer f\u00f6r transport av impuls, v\u00e4rme och massa och beskriver dessa p\u00e5 allt fr\u00e5n mikroskopisk till makroskopisk niv\u00e5. Med hj\u00e4lp av grundl\u00e4ggande teori [&hellip;]<\/p>\n","protected":false},"featured_media":11260,"template":"","meta":{"_acf_changed":false,"_relevanssi_hide_post":"","_relevanssi_hide_content":"","_relevanssi_pin_for_all":"","_relevanssi_pin_keywords":"","_relevanssi_unpin_keywords":"","_relevanssi_related_keywords":"","_relevanssi_related_include_ids":"","_relevanssi_related_exclude_ids":"","_relevanssi_related_no_append":"","_relevanssi_related_not_related":"","_relevanssi_related_posts":"","_relevanssi_noindex_reason":""},"product_brand":[],"product_cat":[406],"product_tag":[],"class_list":{"0":"post-11258","1":"product","2":"type-product","3":"status-publish","4":"has-post-thumbnail","6":"product_cat-kemicentrum-course-literature","8":"first","9":"outofstock","10":"purchasable","11":"product-type-simple"},"acf":[],"_links":{"self":[{"href":"https:\/\/www.bokshop.lu.se\/en\/wp-json\/wp\/v2\/product\/11258","targetHints":{"allow":["GET"]}}],"collection":[{"href":"https:\/\/www.bokshop.lu.se\/en\/wp-json\/wp\/v2\/product"}],"about":[{"href":"https:\/\/www.bokshop.lu.se\/en\/wp-json\/wp\/v2\/types\/product"}],"wp:featuredmedia":[{"embeddable":true,"href":"https:\/\/www.bokshop.lu.se\/en\/wp-json\/wp\/v2\/media\/11260"}],"wp:attachment":[{"href":"https:\/\/www.bokshop.lu.se\/en\/wp-json\/wp\/v2\/media?parent=11258"}],"wp:term":[{"taxonomy":"product_brand","embeddable":true,"href":"https:\/\/www.bokshop.lu.se\/en\/wp-json\/wp\/v2\/product_brand?post=11258"},{"taxonomy":"product_cat","embeddable":true,"href":"https:\/\/www.bokshop.lu.se\/en\/wp-json\/wp\/v2\/product_cat?post=11258"},{"taxonomy":"product_tag","embeddable":true,"href":"https:\/\/www.bokshop.lu.se\/en\/wp-json\/wp\/v2\/product_tag?post=11258"}],"curies":[{"name":"wp","href":"https:\/\/api.w.org\/{rel}","templated":true}]}}