{"id":11225,"date":"2023-10-23T09:50:23","date_gmt":"2023-10-23T07:50:23","guid":{"rendered":"https:\/\/www.bokshop.lu.se\/?post_type=product&#038;p=11225"},"modified":"2023-10-23T09:50:23","modified_gmt":"2023-10-23T07:50:23","slug":"den-empiriska-gladjen","status":"publish","type":"product","link":"https:\/\/www.bokshop.lu.se\/en\/produkt\/den-empiriska-gladjen\/","title":{"rendered":"Den empiriska gl\u00e4djen"},"content":{"rendered":"<p>Det finns energi att h\u00e4mta i empiriska iakttagelser och det kan vara en fr\u00f6jd att utvinna den energin. S\u00e5 lyder budskapet i den h\u00e4r v\u00e4nboken till Malin \u0160kerstr\u00f6m, professor emerita vid Lunds universitet.<\/p>\n<p>Med nedslag i vitt skilda f\u00e4lt och projekt vill f\u00f6rfattarna exemplifiera och analysera det speciella samspel som \u00e4ger rum mellan empiri och forskare i olika samh\u00e4llsvetenskapliga \u00e4mnen. Det r\u00f6r sig om en tolkande aktivitet som \u00e4r nyfiken och \u00f6ppen f\u00f6r \u00f6verraskningar och lyckotr\u00e4ffar.<\/p>\n<p>Malin \u0160kerstr\u00f6m har under flera decennier bedrivit forskning i den h\u00e4r andan och publicerat en rad f\u00e4rgstarka och stilbildande b\u00f6cker och artiklar.<\/p>\n<p>Den empiriska gl\u00e4djen \u00e4r en antologi uppdelad i fyra delar: brott och straff, kultur och kontroll, interaktioner och ritualer samt forskare och f\u00e4lt. Boken inneh\u00e5ller bidrag fr\u00e5n 30 f\u00f6rfattare vid olika l\u00e4ros\u00e4ten och riktar sig till forskare och studenter i sociologi, kriminologi, socialt arbete och socialantropologi samt angr\u00e4nsande \u00e4mnen.<\/p>\n","protected":false},"excerpt":{"rendered":"<p>Det finns energi att h\u00e4mta i empiriska iakttagelser och det kan vara en fr\u00f6jd att utvinna den energin. S\u00e5 lyder budskapet i den h\u00e4r v\u00e4nboken till Malin \u0160kerstr\u00f6m, professor emerita vid Lunds universitet. Med nedslag i vitt skilda f\u00e4lt och projekt vill f\u00f6rfattarna exemplifiera och analysera det speciella samspel som \u00e4ger rum mellan empiri och [&hellip;]<\/p>\n","protected":false},"featured_media":11227,"template":"","meta":{"_acf_changed":false,"_relevanssi_hide_post":"","_relevanssi_hide_content":"","_relevanssi_pin_for_all":"","_relevanssi_pin_keywords":"","_relevanssi_unpin_keywords":"","_relevanssi_related_keywords":"","_relevanssi_related_include_ids":"","_relevanssi_related_exclude_ids":"","_relevanssi_related_no_append":"","_relevanssi_related_not_related":"","_relevanssi_related_posts":"","_relevanssi_noindex_reason":""},"product_brand":[],"product_cat":[389],"product_tag":[],"class_list":{"0":"post-11225","1":"product","2":"type-product","3":"status-publish","4":"has-post-thumbnail","6":"product_cat-other-publications","8":"first","9":"instock","10":"taxable","11":"shipping-taxable","12":"purchasable","13":"product-type-simple"},"acf":[],"_links":{"self":[{"href":"https:\/\/www.bokshop.lu.se\/en\/wp-json\/wp\/v2\/product\/11225","targetHints":{"allow":["GET"]}}],"collection":[{"href":"https:\/\/www.bokshop.lu.se\/en\/wp-json\/wp\/v2\/product"}],"about":[{"href":"https:\/\/www.bokshop.lu.se\/en\/wp-json\/wp\/v2\/types\/product"}],"wp:featuredmedia":[{"embeddable":true,"href":"https:\/\/www.bokshop.lu.se\/en\/wp-json\/wp\/v2\/media\/11227"}],"wp:attachment":[{"href":"https:\/\/www.bokshop.lu.se\/en\/wp-json\/wp\/v2\/media?parent=11225"}],"wp:term":[{"taxonomy":"product_brand","embeddable":true,"href":"https:\/\/www.bokshop.lu.se\/en\/wp-json\/wp\/v2\/product_brand?post=11225"},{"taxonomy":"product_cat","embeddable":true,"href":"https:\/\/www.bokshop.lu.se\/en\/wp-json\/wp\/v2\/product_cat?post=11225"},{"taxonomy":"product_tag","embeddable":true,"href":"https:\/\/www.bokshop.lu.se\/en\/wp-json\/wp\/v2\/product_tag?post=11225"}],"curies":[{"name":"wp","href":"https:\/\/api.w.org\/{rel}","templated":true}]}}