{"id":11185,"date":"2023-09-07T11:16:48","date_gmt":"2023-09-07T09:16:48","guid":{"rendered":"https:\/\/www.bokshop.lu.se\/?post_type=product&#038;p=11185"},"modified":"2023-09-07T11:36:52","modified_gmt":"2023-09-07T09:36:52","slug":"hallbart-lararskap-universitetsundervisning-i-forandring","status":"publish","type":"product","link":"https:\/\/www.bokshop.lu.se\/en\/produkt\/hallbart-lararskap-universitetsundervisning-i-forandring\/","title":{"rendered":"H\u00e5llbart l\u00e4rarskap: universitetsundervisning i f\u00f6r\u00e4ndring"},"content":{"rendered":"<p>N\u00e4r de humanistiska och teologiska fakulteternas pedagogiska inspirationskonferens gick av stapeln f\u00f6r sjunde g\u00e5ngen skedde det mellan den f\u00f6rsta och andra v\u00e5gen av covid-19-pandemin. Tidpunkten kom att pr\u00e4gla konferensen. Visserligen kunde kollegor nu f\u00f6r f\u00f6rsta g\u00e5ngen p\u00e5 m\u00e5nader vistas i samma lokal, men med begr\u00e4nsat antal fysiska deltagare, med strikta avst\u00e5ndsrestriktioner och utan det sedvanliga konferensminglet. Detta till trots genomsyrades 2020 \u00e5rs konferens av kollegiala diskussioner och inspirerande presentationer, varav merparten finns att l\u00e4sa i denna volym.<\/p>\n","protected":false},"excerpt":{"rendered":"<p>N\u00e4r de humanistiska och teologiska fakulteternas pedagogiska inspirationskonferens gick av stapeln f\u00f6r sjunde g\u00e5ngen skedde det mellan den f\u00f6rsta och andra v\u00e5gen av covid-19-pandemin. Tidpunkten kom att pr\u00e4gla konferensen. Visserligen kunde kollegor nu f\u00f6r f\u00f6rsta g\u00e5ngen p\u00e5 m\u00e5nader vistas i samma lokal, men med begr\u00e4nsat antal fysiska deltagare, med strikta avst\u00e5ndsrestriktioner och utan det sedvanliga [&hellip;]<\/p>\n","protected":false},"featured_media":11189,"template":"","meta":{"_acf_changed":false,"_relevanssi_hide_post":"","_relevanssi_hide_content":"","_relevanssi_pin_for_all":"","_relevanssi_pin_keywords":"","_relevanssi_unpin_keywords":"","_relevanssi_related_keywords":"","_relevanssi_related_include_ids":"","_relevanssi_related_exclude_ids":"","_relevanssi_related_no_append":"","_relevanssi_related_not_related":"","_relevanssi_related_posts":"","_relevanssi_noindex_reason":""},"product_brand":[],"product_cat":[92,93,391],"product_tag":[],"class_list":{"0":"post-11185","1":"product","2":"type-product","3":"status-publish","4":"has-post-thumbnail","6":"product_cat-educational-sciences","7":"product_cat-non-serial-books-educational-sciences","8":"product_cat-uncategorized","10":"first","11":"instock","12":"taxable","13":"shipping-taxable","14":"purchasable","15":"product-type-simple"},"acf":[],"_links":{"self":[{"href":"https:\/\/www.bokshop.lu.se\/en\/wp-json\/wp\/v2\/product\/11185","targetHints":{"allow":["GET"]}}],"collection":[{"href":"https:\/\/www.bokshop.lu.se\/en\/wp-json\/wp\/v2\/product"}],"about":[{"href":"https:\/\/www.bokshop.lu.se\/en\/wp-json\/wp\/v2\/types\/product"}],"wp:featuredmedia":[{"embeddable":true,"href":"https:\/\/www.bokshop.lu.se\/en\/wp-json\/wp\/v2\/media\/11189"}],"wp:attachment":[{"href":"https:\/\/www.bokshop.lu.se\/en\/wp-json\/wp\/v2\/media?parent=11185"}],"wp:term":[{"taxonomy":"product_brand","embeddable":true,"href":"https:\/\/www.bokshop.lu.se\/en\/wp-json\/wp\/v2\/product_brand?post=11185"},{"taxonomy":"product_cat","embeddable":true,"href":"https:\/\/www.bokshop.lu.se\/en\/wp-json\/wp\/v2\/product_cat?post=11185"},{"taxonomy":"product_tag","embeddable":true,"href":"https:\/\/www.bokshop.lu.se\/en\/wp-json\/wp\/v2\/product_tag?post=11185"}],"curies":[{"name":"wp","href":"https:\/\/api.w.org\/{rel}","templated":true}]}}