{"id":11075,"date":"2023-06-15T15:39:54","date_gmt":"2023-06-15T13:39:55","guid":{"rendered":"https:\/\/www.bokshop.lu.se\/?post_type=product&#038;p=11075"},"modified":"2023-06-15T15:39:55","modified_gmt":"2023-06-15T13:39:55","slug":"tillampad-ellara-3","status":"publish","type":"product","link":"https:\/\/www.bokshop.lu.se\/en\/produkt\/tillampad-ellara-3\/","title":{"rendered":"Till\u00e4mpad Ell\u00e4ra"},"content":{"rendered":"<p>Ny version som ers\u00e4tter 978-91-519-3616-1.<\/p>\n<p>Boken \u00e4r en grundl\u00e4ggande introduktion till ell\u00e4ra med inriktning mot till\u00e4mpningar. Framst\u00e4llningen startar med en historisk genomg\u00e5ng av de uppt\u00e4ckter som ledde fram elektrifieringen av v\u00e5rt samh\u00e4lle.<\/p>\n<p>I det andra kapitlet introduceras grundl\u00e4ggande begrepp s\u00e5som laddning, str\u00f6m, elektriskt f\u00e4lt och sp\u00e4nning. D\u00e4refter behandlas olika sp\u00e4nningsk\u00e4llor s\u00e5som batterier, solceller och termoelement.<\/p>\n<p>I de f\u00f6ljande tv\u00e5 kapitlen inf\u00f6rs de viktiga begreppen resistans och kapacitans. Samtidigt presenteras Kirchhoffs str\u00f6m- och sp\u00e4nningslag och parallellkoppling av motst\u00e5nd och kondensatorer h\u00e4rleds.<\/p>\n<p>Tv\u00e5 kapitel behandlar magnetism och induktion med till\u00e4mpningar s\u00e5som mikrofon, h\u00f6gtalare och likstr\u00f6msmotor. N\u00e4r v\u00e4xelstr\u00f6m presenterats f\u00f6ljer ett kapitel med el i hemmet och els\u00e4kerhet.<\/p>\n<p>Halvledare av n- och p-typ f\u00f6rklaras och till\u00e4mpas f\u00f6rst p\u00e5 dioder och sen p\u00e5 transistorer. Det n\u00e4st sista kapitlet handlar om elektromagnetiska v\u00e5gor och visar p\u00e5 olika typer av radiokommunikation s\u00e5som bluetooth, wifi, radiofrekvensidentifiering och n\u00e4rf\u00e4ltskommunikation. I det sista kapitlet visas hur digitalisering g\u00e5r till och n\u00e5gra ytterligare elektriska m\u00e4tmetoder tas upp.<\/p>\n<p>I slutet av varje kapitel finns \u00f6vningsexempel av tv\u00e5 typer, dels konceptuella fr\u00e5gor som ska tr\u00e4na fysikaliskt t\u00e4nkande och dels uppgifter som kr\u00e4ver matematiska ber\u00e4kningar. B\u00e5da \u00f6vningstyperna \u00e4r f\u00f6rsedda med facit.<\/p>\n<p>G\u00f6ran J\u00f6nsson \u00e4r docent i Atomfysik vid Lunds Universitet. Som undervisare har han flera g\u00e5nger blivit utsedd till \u0160rets L\u00e4rare p\u00e5 olika ingenj\u00f6rsprogram vid Lunds Tekniska H\u00f6gskola.<\/p>\n","protected":false},"excerpt":{"rendered":"<p>Ny version som ers\u00e4tter 978-91-519-3616-1. Boken \u00e4r en grundl\u00e4ggande introduktion till ell\u00e4ra med inriktning mot till\u00e4mpningar. Framst\u00e4llningen startar med en historisk genomg\u00e5ng av de uppt\u00e4ckter som ledde fram elektrifieringen av v\u00e5rt samh\u00e4lle. I det andra kapitlet introduceras grundl\u00e4ggande begrepp s\u00e5som laddning, str\u00f6m, elektriskt f\u00e4lt och sp\u00e4nning. D\u00e4refter behandlas olika sp\u00e4nningsk\u00e4llor s\u00e5som batterier, solceller och termoelement. [&hellip;]<\/p>\n","protected":false},"featured_media":11073,"template":"","meta":{"_acf_changed":false,"_relevanssi_hide_post":"","_relevanssi_hide_content":"","_relevanssi_pin_for_all":"","_relevanssi_pin_keywords":"","_relevanssi_unpin_keywords":"","_relevanssi_related_keywords":"","_relevanssi_related_include_ids":"","_relevanssi_related_exclude_ids":"","_relevanssi_related_no_append":"","_relevanssi_related_not_related":"","_relevanssi_related_posts":"","_relevanssi_noindex_reason":""},"product_brand":[],"product_cat":[266],"product_tag":[],"class_list":{"0":"post-11075","1":"product","2":"type-product","3":"status-publish","4":"has-post-thumbnail","6":"product_cat-teach-support-other-books","8":"first","9":"instock","10":"taxable","11":"shipping-taxable","12":"purchasable","13":"product-type-simple"},"acf":[],"_links":{"self":[{"href":"https:\/\/www.bokshop.lu.se\/en\/wp-json\/wp\/v2\/product\/11075","targetHints":{"allow":["GET"]}}],"collection":[{"href":"https:\/\/www.bokshop.lu.se\/en\/wp-json\/wp\/v2\/product"}],"about":[{"href":"https:\/\/www.bokshop.lu.se\/en\/wp-json\/wp\/v2\/types\/product"}],"wp:featuredmedia":[{"embeddable":true,"href":"https:\/\/www.bokshop.lu.se\/en\/wp-json\/wp\/v2\/media\/11073"}],"wp:attachment":[{"href":"https:\/\/www.bokshop.lu.se\/en\/wp-json\/wp\/v2\/media?parent=11075"}],"wp:term":[{"taxonomy":"product_brand","embeddable":true,"href":"https:\/\/www.bokshop.lu.se\/en\/wp-json\/wp\/v2\/product_brand?post=11075"},{"taxonomy":"product_cat","embeddable":true,"href":"https:\/\/www.bokshop.lu.se\/en\/wp-json\/wp\/v2\/product_cat?post=11075"},{"taxonomy":"product_tag","embeddable":true,"href":"https:\/\/www.bokshop.lu.se\/en\/wp-json\/wp\/v2\/product_tag?post=11075"}],"curies":[{"name":"wp","href":"https:\/\/api.w.org\/{rel}","templated":true}]}}