{"id":11010,"date":"2023-04-06T10:31:45","date_gmt":"2023-04-06T08:31:45","guid":{"rendered":"https:\/\/www.bokshop.lu.se\/?post_type=product&#038;p=11010"},"modified":"2023-04-06T10:31:45","modified_gmt":"2023-04-06T08:31:45","slug":"brukarstyrd-inlaggning-2","status":"publish","type":"product","link":"https:\/\/www.bokshop.lu.se\/en\/produkt\/brukarstyrd-inlaggning-2\/","title":{"rendered":"Brukarstyrd inl\u00e4ggning"},"content":{"rendered":"<p>Personer med sj\u00e4lvskadebeteende och komplex psykisk oh\u00e4lsa kan f\u00f6rv\u00e4ntas vara suicidn\u00e4ra. De kommer att vara suicidn\u00e4ra under hela den Brukarstyrda inl\u00e4ggningen (BI). P\u00e5 tre dagar kan vi inte \u00e4ndra p\u00e5 det. Det kan ta \u00e5r tills stress inte l\u00e4ngre triggar suicidalitet. Det vi kan hj\u00e4lpa till med under BI \u00e4r stressen.<\/p>\n<p>Denna manual (med tillh\u00f6rande utbildning som tillhandah\u00e5lls som uppdragsutbildning f\u00f6r h\u00e4lso- och sjukv\u00e5rdspersonal via Lunds universitet) \u00e4r v\u00e5rt bidrag till att sprida kunskap och st\u00f6tta psykiatriska verksamheter som \u00e4r intresserade av att erbjuda Brukarstyrd inl\u00e4ggning.<\/p>\n","protected":false},"excerpt":{"rendered":"<p>Personer med sj\u00e4lvskadebeteende och komplex psykisk oh\u00e4lsa kan f\u00f6rv\u00e4ntas vara suicidn\u00e4ra. De kommer att vara suicidn\u00e4ra under hela den Brukarstyrda inl\u00e4ggningen (BI). P\u00e5 tre dagar kan vi inte \u00e4ndra p\u00e5 det. Det kan ta \u00e5r tills stress inte l\u00e4ngre triggar suicidalitet. Det vi kan hj\u00e4lpa till med under BI \u00e4r stressen. Denna manual (med tillh\u00f6rande [&hellip;]<\/p>\n","protected":false},"featured_media":11012,"template":"","meta":{"_acf_changed":false,"_relevanssi_hide_post":"","_relevanssi_hide_content":"","_relevanssi_pin_for_all":"","_relevanssi_pin_keywords":"","_relevanssi_unpin_keywords":"","_relevanssi_related_keywords":"","_relevanssi_related_include_ids":"","_relevanssi_related_exclude_ids":"","_relevanssi_related_no_append":"","_relevanssi_related_not_related":"","_relevanssi_related_posts":"","_relevanssi_noindex_reason":""},"product_brand":[],"product_cat":[377],"product_tag":[],"class_list":{"0":"post-11010","1":"product","2":"type-product","3":"status-publish","4":"has-post-thumbnail","6":"product_cat-medicine-other-books","8":"first","9":"instock","10":"taxable","11":"shipping-taxable","12":"purchasable","13":"product-type-simple"},"acf":[],"_links":{"self":[{"href":"https:\/\/www.bokshop.lu.se\/en\/wp-json\/wp\/v2\/product\/11010","targetHints":{"allow":["GET"]}}],"collection":[{"href":"https:\/\/www.bokshop.lu.se\/en\/wp-json\/wp\/v2\/product"}],"about":[{"href":"https:\/\/www.bokshop.lu.se\/en\/wp-json\/wp\/v2\/types\/product"}],"wp:featuredmedia":[{"embeddable":true,"href":"https:\/\/www.bokshop.lu.se\/en\/wp-json\/wp\/v2\/media\/11012"}],"wp:attachment":[{"href":"https:\/\/www.bokshop.lu.se\/en\/wp-json\/wp\/v2\/media?parent=11010"}],"wp:term":[{"taxonomy":"product_brand","embeddable":true,"href":"https:\/\/www.bokshop.lu.se\/en\/wp-json\/wp\/v2\/product_brand?post=11010"},{"taxonomy":"product_cat","embeddable":true,"href":"https:\/\/www.bokshop.lu.se\/en\/wp-json\/wp\/v2\/product_cat?post=11010"},{"taxonomy":"product_tag","embeddable":true,"href":"https:\/\/www.bokshop.lu.se\/en\/wp-json\/wp\/v2\/product_tag?post=11010"}],"curies":[{"name":"wp","href":"https:\/\/api.w.org\/{rel}","templated":true}]}}