{"id":10914,"date":"2023-03-01T11:23:32","date_gmt":"2023-03-01T09:09:59","guid":{"rendered":"https:\/\/www.bokshop.lu.se\/?post_type=product&#038;p=10914"},"modified":"2023-06-15T15:36:38","modified_gmt":"2023-06-15T13:36:38","slug":"framtidens-fragmentering","status":"publish","type":"product","link":"https:\/\/www.bokshop.lu.se\/en\/produkt\/framtidens-fragmentering\/","title":{"rendered":"Framtidens fragmentering"},"content":{"rendered":"<p>I denna avhandling unders\u00f6ks det svenska Sekretariatet f\u00f6r framtidsstudiers verksamhet fr\u00e5n dess bildande i b\u00f6rjan av 1970-talet till cirka tio \u00e5r senare. Sekretariatet var under denna period en del av den svenska statsapparaten och f\u00f6rv\u00e4ntades bidra med underlag till s\u00e5v\u00e4l den politiska planeringsprocessen som den allm\u00e4nna debatten. I ett antal uppm\u00e4rksammade och omdebatterade projekt belystes \u00e4mnen som ekonomisk tillv\u00e4xt, energif\u00f6rs\u00f6rjning och internationalisering i ett l\u00e5ngsiktigt perspektiv. I avhandlingen analyseras verksamheten med en f\u00f6retr\u00e4desvis framtidshistorisk begreppsapparat. Fokus ligger s\u00e5lunda p\u00e5 de framtidsbilder (visioner, utopier, scenarier etc.) och den framtidssyn (mer grundl\u00e4ggande antaganden om m\u00e4nniskans och samh\u00e4llets m\u00f6jligheter att p\u00e5verka framtiden) som kom till uttryck i Sekretariatet f\u00f6r framtidsstudiers olika projekt. En slutsats \u00e4r att en viktig f\u00f6r\u00e4ndring skedde d\u00e4rvidlag under 70-talets lopp. Denna f\u00f6r\u00e4ndring ben\u00e4mns avslutningsvis en fragmentering av framtiden. Den f\u00f6rklaras delvis som ett resultat av f\u00f6r\u00e4ndrade ekonomiska och internationella omst\u00e4ndigheter i slutet av decenniet, men kopplas ocks\u00e5 till den kritik mot det svenska v\u00e4lf\u00e4rdssamh\u00e4llet och socialdemokratin som hela tiden varit ett centralt drag i 70-talets framtidsdebatt. Framtidens fragmentering st\u00e4lls s\u00e5ledes genomg\u00e5ende i relation till st\u00f6rre f\u00f6r\u00e4ndringsprocesser i 70-talets v\u00e4lf\u00e4rdssamh\u00e4lle.<\/p>\n","protected":false},"excerpt":{"rendered":"<p>I denna avhandling unders\u00f6ks det svenska Sekretariatet f\u00f6r framtidsstudiers verksamhet fr\u00e5n dess bildande i b\u00f6rjan av 1970-talet till cirka tio \u00e5r senare. Sekretariatet var under denna period en del av den svenska statsapparaten och f\u00f6rv\u00e4ntades bidra med underlag till s\u00e5v\u00e4l den politiska planeringsprocessen som den allm\u00e4nna debatten. I ett antal uppm\u00e4rksammade och omdebatterade projekt belystes [&hellip;]<\/p>\n","protected":false},"featured_media":10916,"template":"","meta":{"_acf_changed":false,"_relevanssi_hide_post":"","_relevanssi_hide_content":"","_relevanssi_pin_for_all":"","_relevanssi_pin_keywords":"","_relevanssi_unpin_keywords":"","_relevanssi_related_keywords":"","_relevanssi_related_include_ids":"","_relevanssi_related_exclude_ids":"","_relevanssi_related_no_append":"","_relevanssi_related_not_related":"","_relevanssi_related_posts":"","_relevanssi_noindex_reason":""},"product_brand":[],"product_cat":[75],"product_tag":[],"class_list":{"0":"post-10914","1":"product","2":"type-product","3":"status-publish","4":"has-post-thumbnail","6":"product_cat-non-serial-books-history-and-archaeology","8":"first","9":"instock","10":"taxable","11":"shipping-taxable","12":"purchasable","13":"product-type-simple"},"acf":[],"_links":{"self":[{"href":"https:\/\/www.bokshop.lu.se\/en\/wp-json\/wp\/v2\/product\/10914","targetHints":{"allow":["GET"]}}],"collection":[{"href":"https:\/\/www.bokshop.lu.se\/en\/wp-json\/wp\/v2\/product"}],"about":[{"href":"https:\/\/www.bokshop.lu.se\/en\/wp-json\/wp\/v2\/types\/product"}],"wp:featuredmedia":[{"embeddable":true,"href":"https:\/\/www.bokshop.lu.se\/en\/wp-json\/wp\/v2\/media\/10916"}],"wp:attachment":[{"href":"https:\/\/www.bokshop.lu.se\/en\/wp-json\/wp\/v2\/media?parent=10914"}],"wp:term":[{"taxonomy":"product_brand","embeddable":true,"href":"https:\/\/www.bokshop.lu.se\/en\/wp-json\/wp\/v2\/product_brand?post=10914"},{"taxonomy":"product_cat","embeddable":true,"href":"https:\/\/www.bokshop.lu.se\/en\/wp-json\/wp\/v2\/product_cat?post=10914"},{"taxonomy":"product_tag","embeddable":true,"href":"https:\/\/www.bokshop.lu.se\/en\/wp-json\/wp\/v2\/product_tag?post=10914"}],"curies":[{"name":"wp","href":"https:\/\/api.w.org\/{rel}","templated":true}]}}