{"id":10788,"date":"2023-01-10T15:59:54","date_gmt":"2023-01-10T14:59:54","guid":{"rendered":"https:\/\/www.bokshop.lu.se\/?post_type=product&#038;p=10788"},"modified":"2023-01-10T15:59:54","modified_gmt":"2023-01-10T14:59:54","slug":"det-konstruktiva-beroendet","status":"publish","type":"product","link":"https:\/\/www.bokshop.lu.se\/en\/produkt\/det-konstruktiva-beroendet\/","title":{"rendered":"Det konstruktiva beroendet"},"content":{"rendered":"<p>F\u00f6r m\u00e5nga \u00e4r beroende ett begrepp med negativ laddning. Det associeras med beroendesjukdomar eller med ekonomisk och social osj\u00e4lvst\u00e4ndighet. I den h\u00e4r avhandlingen ifr\u00e5gas\u00e4tts en s\u00e5dan ensidig f\u00f6rst\u00e5else av beroende. Beroende kan n\u00e4mligen ocks\u00e5 vara inte bara n\u00f6dv\u00e4ndigt utan positivt. Utg\u00e5ngspunkten \u00e4r att m\u00e4nniskan \u00e4r en varelse som s\u00f6ker mening och f\u00f6rst\u00e5else genom att ber\u00e4tta, och p\u00e5 s\u00e5 vis s\u00e4tta erfarenheter i ett sammanhang. Det g\u00e4ller inte minst det egna sj\u00e4lvet. M\u00e4nniskor blir till som personer genom att ber\u00e4tta om sitt liv och ta emot ber\u00e4ttelser om sitt liv fr\u00e5n andra. D\u00e4rf\u00f6r \u00e4r m\u00e4nniskor beroende av varandra p\u00e5 ett s\u00e4tt som h\u00e4r ben\u00e4mns som narrativt. Detta beroende \u00e4r konstruktivt och st\u00e5r i kontrast till destruktiva och underordnande beroenden. Men ett konstruktivt beroende som inte blir bem\u00f6tt och uppfyllt leder ocks\u00e5 till underordning.<\/p>\n<p>I Sverige lever vi i en individualistisk kultur d\u00e4r denna typ av beroende inte har f\u00e5tt ta s\u00e5 stort utrymme. Samtidigt lever m\u00e5nga m\u00e4nniskor i Sverige i en f\u00f6rh\u00e5llandevis stor frihet och j\u00e4mlikhet. G\u00e5r det att bevara n\u00e5got av det som faktiskt uppn\u00e5tts och samtidigt utveckla synen p\u00e5 m\u00e4nniskan s\u00e5 att det konstruktiva beroendet tas med i definitionen av frig\u00f6relse? F\u00f6rfattaren menar att en kontextuellt utformad feministisk teologi bidrar med en relationell m\u00e4nniskosyn d\u00e4r konstruktivt beroende \u00e4r en lika avg\u00f6rande del i frig\u00f6relsen som kampen mot det destruktiva beroendet \u00e4r. I l\u00e4ngden handlar det om hur m\u00e4nniskans relationalitet v\u00e4rderas och hur samh\u00e4llet organiseras s\u00e5 att det konstruktiva beroendet kan bli bem\u00f6tt.<\/p>\n","protected":false},"excerpt":{"rendered":"<p>F\u00f6r m\u00e5nga \u00e4r beroende ett begrepp med negativ laddning. Det associeras med beroendesjukdomar eller med ekonomisk och social osj\u00e4lvst\u00e4ndighet. I den h\u00e4r avhandlingen ifr\u00e5gas\u00e4tts en s\u00e5dan ensidig f\u00f6rst\u00e5else av beroende. Beroende kan n\u00e4mligen ocks\u00e5 vara inte bara n\u00f6dv\u00e4ndigt utan positivt. Utg\u00e5ngspunkten \u00e4r att m\u00e4nniskan \u00e4r en varelse som s\u00f6ker mening och f\u00f6rst\u00e5else genom att ber\u00e4tta, [&hellip;]<\/p>\n","protected":false},"featured_media":10790,"template":"","meta":{"_acf_changed":false,"_relevanssi_hide_post":"","_relevanssi_hide_content":"","_relevanssi_pin_for_all":"","_relevanssi_pin_keywords":"","_relevanssi_unpin_keywords":"","_relevanssi_related_keywords":"","_relevanssi_related_include_ids":"","_relevanssi_related_exclude_ids":"","_relevanssi_related_no_append":"","_relevanssi_related_not_related":"","_relevanssi_related_posts":"","_relevanssi_noindex_reason":""},"product_brand":[],"product_cat":[63],"product_tag":[],"class_list":{"0":"post-10788","1":"product","2":"type-product","3":"status-publish","4":"has-post-thumbnail","6":"product_cat-non-serial-books-philosophy-and-religion","8":"first","9":"instock","10":"taxable","11":"shipping-taxable","12":"purchasable","13":"product-type-simple"},"acf":[],"_links":{"self":[{"href":"https:\/\/www.bokshop.lu.se\/en\/wp-json\/wp\/v2\/product\/10788","targetHints":{"allow":["GET"]}}],"collection":[{"href":"https:\/\/www.bokshop.lu.se\/en\/wp-json\/wp\/v2\/product"}],"about":[{"href":"https:\/\/www.bokshop.lu.se\/en\/wp-json\/wp\/v2\/types\/product"}],"wp:featuredmedia":[{"embeddable":true,"href":"https:\/\/www.bokshop.lu.se\/en\/wp-json\/wp\/v2\/media\/10790"}],"wp:attachment":[{"href":"https:\/\/www.bokshop.lu.se\/en\/wp-json\/wp\/v2\/media?parent=10788"}],"wp:term":[{"taxonomy":"product_brand","embeddable":true,"href":"https:\/\/www.bokshop.lu.se\/en\/wp-json\/wp\/v2\/product_brand?post=10788"},{"taxonomy":"product_cat","embeddable":true,"href":"https:\/\/www.bokshop.lu.se\/en\/wp-json\/wp\/v2\/product_cat?post=10788"},{"taxonomy":"product_tag","embeddable":true,"href":"https:\/\/www.bokshop.lu.se\/en\/wp-json\/wp\/v2\/product_tag?post=10788"}],"curies":[{"name":"wp","href":"https:\/\/api.w.org\/{rel}","templated":true}]}}