{"id":10701,"date":"2022-11-08T13:05:13","date_gmt":"2022-11-08T12:04:32","guid":{"rendered":"https:\/\/www.bokshop.lu.se\/?post_type=product&#038;p=10701"},"modified":"2022-11-08T13:04:32","modified_gmt":"2022-11-08T12:04:32","slug":"storningar-och-tidsforlangning","status":"publish","type":"product","link":"https:\/\/www.bokshop.lu.se\/en\/produkt\/storningar-och-tidsforlangning\/","title":{"rendered":"St\u00f6rningar och tidsf\u00f6rl\u00e4ngning"},"content":{"rendered":"<p><span style=\"\" >I avhandlingen unders&ouml;ks vilka st&ouml;rningar i entreprenadavtal som kan ge en- trepren&ouml;ren r&auml;tt till tidsf&ouml;rl&auml;ngning. <\/p>\n<p>Med st&ouml;rning avses i avhandlingen en omst&auml;ndighet som avviker fr&aring;n vad  entrepren&ouml;ren f&ouml;rutsatt (antagit) senast vid avgivandet av sitt l&ouml;fte (anbud) att  ing&aring; avtalet som g&ouml;r att entrepren&ouml;rens arbeten inte kan utf&ouml;ras som planerat  och som orsakar tillkommande kostnader, en f&ouml;rsening eller b&aring;dadera. St&ouml;r- ningar kan delas upp i de tre momenten avvikelse, arbetsp&aring;verkan och effekt. <\/p>\n<p>St&ouml;rningar &auml;r ett f&ouml;r entreprenadavtal karakt&auml;ristiskt och vanligt f&ouml;rekomman- de problem. Det kan betraktas som en f&ouml;r entreprenadavtalet s&auml;rskild typ av  &auml;ndrade f&ouml;rh&aring;llanden. Att det har f&ouml;rekommit en st&ouml;rning i en entreprenad  s&auml;ger i sig ingenting om huruvida entrepren&ouml;ren har r&auml;tt till till&auml;ggsvederlag,  tidsf&ouml;rl&auml;ngning eller n&aring;gon annan r&auml;ttsf&ouml;ljd.<\/p>\n<p>I avhandlingen unders&ouml;ks vilka st&ouml;rningar som kan ge entrepren&ouml;ren r&auml;tt till  tidsf&ouml;rl&auml;ngning enligt reglerna i standardavtalet AB 04 och n&auml;r parternas avtal  inte ger n&aring;got besked. Unders&ouml;kningen sker med utg&aring;ngspunkt i ett antal  typfall av avvikelser.<\/p>\n<p>Vilka dispositiva regler som b&ouml;r till&auml;mpas p&aring; entreprenadavtal &auml;r ofta oklart. I  avhandlingen unders&ouml;ks hur likheter mellan reglerna i standardavtalen AB 04,  NS 8405 och AB 18 kan ligga till grund f&ouml;r argument om hur entreprenadavtal  b&ouml;r fyllas ut n&auml;r det saknas direkt till&auml;mpliga r&auml;ttsregler eller r&auml;ttsregler som  &auml;r l&auml;mpliga att till&auml;mpa analogt.<br \/><\/span><\/p>\n","protected":false},"excerpt":{"rendered":"<p>I avhandlingen unders&ouml;ks vilka st&ouml;rningar i entreprenadavtal som kan ge en- trepren&ouml;ren r&auml;tt till tidsf&ouml;rl&auml;ngning. Med st&ouml;rning avses i avhandlingen en omst&auml;ndighet som avviker fr&aring;n vad entrepren&ouml;ren f&ouml;rutsatt (antagit) senast vid avgivandet av sitt l&ouml;fte (anbud) att ing&aring; avtalet som g&ouml;r att entrepren&ouml;rens arbeten inte kan utf&ouml;ras som planerat och som orsakar tillkommande kostnader, en [&hellip;]<\/p>\n","protected":false},"featured_media":10703,"template":"","meta":{"_acf_changed":false,"_relevanssi_hide_post":"","_relevanssi_hide_content":"","_relevanssi_pin_for_all":"","_relevanssi_pin_keywords":"","_relevanssi_unpin_keywords":"","_relevanssi_related_keywords":"","_relevanssi_related_include_ids":"","_relevanssi_related_exclude_ids":"","_relevanssi_related_no_append":"","_relevanssi_related_not_related":"","_relevanssi_related_posts":"","_relevanssi_noindex_reason":""},"product_brand":[],"product_cat":[256],"product_tag":[],"class_list":{"0":"post-10701","1":"product","2":"type-product","3":"status-publish","4":"has-post-thumbnail","6":"product_cat-faculty-of-law","8":"first","9":"instock","10":"taxable","11":"shipping-taxable","12":"purchasable","13":"product-type-simple"},"acf":[],"_links":{"self":[{"href":"https:\/\/www.bokshop.lu.se\/en\/wp-json\/wp\/v2\/product\/10701","targetHints":{"allow":["GET"]}}],"collection":[{"href":"https:\/\/www.bokshop.lu.se\/en\/wp-json\/wp\/v2\/product"}],"about":[{"href":"https:\/\/www.bokshop.lu.se\/en\/wp-json\/wp\/v2\/types\/product"}],"wp:featuredmedia":[{"embeddable":true,"href":"https:\/\/www.bokshop.lu.se\/en\/wp-json\/wp\/v2\/media\/10703"}],"wp:attachment":[{"href":"https:\/\/www.bokshop.lu.se\/en\/wp-json\/wp\/v2\/media?parent=10701"}],"wp:term":[{"taxonomy":"product_brand","embeddable":true,"href":"https:\/\/www.bokshop.lu.se\/en\/wp-json\/wp\/v2\/product_brand?post=10701"},{"taxonomy":"product_cat","embeddable":true,"href":"https:\/\/www.bokshop.lu.se\/en\/wp-json\/wp\/v2\/product_cat?post=10701"},{"taxonomy":"product_tag","embeddable":true,"href":"https:\/\/www.bokshop.lu.se\/en\/wp-json\/wp\/v2\/product_tag?post=10701"}],"curies":[{"name":"wp","href":"https:\/\/api.w.org\/{rel}","templated":true}]}}